{"id":19596,"date":"2026-02-17T17:48:14","date_gmt":"2026-02-17T16:48:14","guid":{"rendered":"https:\/\/shop.allure.al\/?post_type=product&#038;p=19596"},"modified":"2026-02-26T00:43:21","modified_gmt":"2026-02-25T23:43:21","slug":"grape-fruit-foam","status":"publish","type":"product","link":"https:\/\/shop.allure.al\/en\/product\/grape-fruit-foam\/","title":{"rendered":"Grape Fruit Foam"},"content":{"rendered":"<p>Grapefruit Foam \u00ebsht\u00eb nj\u00eb pastrues i fresk\u00ebt, i krijuar p\u00ebr t\u00eb rigjall\u00ebruar l\u00ebkur\u00ebn dhe p\u00ebr t\u00eb larguar papast\u00ebrtit\u00eb. Formula e tij e avancuar \u00ebsht\u00eb e pasuruar me ekstrakt grepfruti dhe p\u00ebrb\u00ebr\u00ebs qet\u00ebsues, por gjithashtu p\u00ebrmban AHA (Alpha Hydroxy Acids) dhe BHA (Beta Hydroxy Acids) \u2014 dy acide t\u00eb fuqishme p\u00ebr kujdesin e l\u00ebkur\u00ebs. AHA-t ndihmojn\u00eb n\u00eb heqjen e qelizave t\u00eb vdekura nga sip\u00ebrfaqja e l\u00ebkur\u00ebs, p\u00ebr t\u00eb zbuluar nj\u00eb pamje m\u00eb t\u00eb ndritshme dhe m\u00eb uniforme, nd\u00ebrsa BHA-t dep\u00ebrtojn\u00eb n\u00eb pore p\u00ebr t\u00eb larguar papast\u00ebrtit\u00eb dhe p\u00ebr t\u00eb reduktuar krijimin e akneve dhe komedoneve. Kjo kombinim i ve\u00e7ant\u00eb e b\u00ebn Grapefruit Foam jo vet\u00ebm nj\u00eb pastrues, por nj\u00eb trajtim t\u00eb leht\u00eb exfoliues q\u00eb p\u00ebrmir\u00ebson struktur\u00ebn e l\u00ebkur\u00ebs dhe ndihmon n\u00eb unifikimin e tonit t\u00eb saj. Aroma e fresk\u00ebt e grepfrutit krijon nj\u00eb p\u00ebrvoj\u00eb spa n\u00eb sht\u00ebpi, duke zgjuar shqisat dhe duke dh\u00ebn\u00eb nj\u00eb ndjesi rigjall\u00ebruese. Pas p\u00ebrdorimit, l\u00ebkura ndihet e past\u00ebr, e but\u00eb dhe e gatshme p\u00ebr kujdesin e m\u00ebtejsh\u00ebm.<\/p>\n","protected":false},"excerpt":{"rendered":"<p>Grapefruit Foam \u00ebsht\u00eb nj\u00eb pastrues revitalizues, i pasuruar me ekstrakt grepfruti, AHA dhe BHA, q\u00eb largojn\u00eb papast\u00ebrtit\u00eb, zbulojn\u00eb nj\u00eb l\u00ebkur\u00eb m\u00eb t\u00eb ndritshme dhe p\u00ebrmir\u00ebsojn\u00eb struktur\u00ebn e saj, duke e l\u00ebn\u00eb l\u00ebkur\u00ebn t\u00eb fresk\u00ebt dhe t\u00eb past\u00ebr.<\/p>\n","protected":false},"featured_media":18073,"comment_status":"open","ping_status":"closed","template":"","meta":{"_acf_changed":false},"product_cat":[250],"product_tag":[79,1026,1034],"class_list":{"0":"post-19596","1":"product","2":"type-product","3":"status-publish","4":"has-post-thumbnail","6":"product_cat-lares","7":"product_tag-akneike","8":"product_tag-bellmona","9":"product_tag-lares","10":"pa_brands-bellmona","12":"first","13":"instock","14":"shipping-taxable","15":"purchasable","16":"product-type-simple","swatches":"rey-swatches","show_selected":""},"acf":[],"_links":{"self":[{"href":"https:\/\/shop.allure.al\/en\/wp-json\/wp\/v2\/product\/19596","targetHints":{"allow":["GET"]}}],"collection":[{"href":"https:\/\/shop.allure.al\/en\/wp-json\/wp\/v2\/product"}],"about":[{"href":"https:\/\/shop.allure.al\/en\/wp-json\/wp\/v2\/types\/product"}],"replies":[{"embeddable":true,"href":"https:\/\/shop.allure.al\/en\/wp-json\/wp\/v2\/comments?post=19596"}],"version-history":[{"count":1,"href":"https:\/\/shop.allure.al\/en\/wp-json\/wp\/v2\/product\/19596\/revisions"}],"predecessor-version":[{"id":19619,"href":"https:\/\/shop.allure.al\/en\/wp-json\/wp\/v2\/product\/19596\/revisions\/19619"}],"wp:featuredmedia":[{"embeddable":true,"href":"https:\/\/shop.allure.al\/en\/wp-json\/wp\/v2\/media\/18073"}],"wp:attachment":[{"href":"https:\/\/shop.allure.al\/en\/wp-json\/wp\/v2\/media?parent=19596"}],"wp:term":[{"taxonomy":"product_cat","embeddable":true,"href":"https:\/\/shop.allure.al\/en\/wp-json\/wp\/v2\/product_cat?post=19596"},{"taxonomy":"product_tag","embeddable":true,"href":"https:\/\/shop.allure.al\/en\/wp-json\/wp\/v2\/product_tag?post=19596"}],"curies":[{"name":"wp","href":"https:\/\/api.w.org\/{rel}","templated":true}]}}