{"id":19597,"date":"2026-02-17T17:48:14","date_gmt":"2026-02-17T16:48:14","guid":{"rendered":"https:\/\/shop.allure.al\/?post_type=product&#038;p=19597"},"modified":"2026-02-26T00:42:44","modified_gmt":"2026-02-25T23:42:44","slug":"holding-time-tox-cream","status":"publish","type":"product","link":"https:\/\/shop.allure.al\/en\/product\/holding-time-tox-cream\/","title":{"rendered":"Holding Time Tox Cream"},"content":{"rendered":"<p>Bellmona Holding Time Tox Cream \u00ebsht\u00eb nj\u00eb formul\u00eb e avancuar q\u00eb i sfidon ligjet e koh\u00ebs. Ky krem unik vepron si nj\u00eb \u201ctime-stopper\u201d p\u00ebr l\u00ebkur\u00ebn, duke ofruar nj\u00eb efekt lifting t\u00eb menj\u00ebhersh\u00ebm dhe duke ndihmuar n\u00eb rikthimin e tonit dhe elasticitetit t\u00eb humbur.<\/p>\n<p>I pasuruar me Zink, nj\u00eb mineral i fuqish\u00ebm q\u00eb balancon prodhimin e sebumit, qet\u00ebson irritimet dhe forcon barrier\u00ebn mbrojt\u00ebse t\u00eb l\u00ebkur\u00ebs, ky krem nuk \u00ebsht\u00eb thjesht nj\u00eb trajtim estetik, por nj\u00eb mburoj\u00eb kund\u00ebr d\u00ebmtimeve t\u00eb p\u00ebrditshme. Kombinimi i qelizave aktive rigjeneruese dhe peptideve kontribuon n\u00eb zbutjen e rrudhave t\u00eb imta, reduktimin e linjave t\u00eb theksuara dhe stimulimin e prodhimit t\u00eb kolagjenit.<\/p>\n<p>Rezultati \u00ebsht\u00eb nj\u00eb l\u00ebkur\u00eb e fort\u00eb, e ndritshme dhe rinore \u2014 nj\u00eb tekstur\u00eb e dendur dhe e but\u00eb q\u00eb i reziston koh\u00ebs. Bellmona Holding Time Tox Cream \u00ebsht\u00eb kremi ideal p\u00ebr ata q\u00eb k\u00ebrkojn\u00eb kujdes t\u00eb thell\u00eb anti-aging, duke ndalur shenjat e lodhjes dhe duke i dh\u00ebn\u00eb l\u00ebkur\u00ebs nj\u00eb shk\u00eblqim t\u00eb past\u00ebr dhe vital.<\/p>\n","protected":false},"excerpt":{"rendered":"<p>Nj\u00eb krem \u201ctime-stopper\u201d me efekt lifting dhe forcues. I pasuruar me Zink, Bellmona Holding Time Tox Cream rigjeneron, forcon barrier\u00ebn mbrojt\u00ebse dhe redukton shenjat e plakjes p\u00ebr nj\u00eb l\u00ebkur\u00eb m\u00eb t\u00eb fort\u00eb, m\u00eb t\u00eb ndritshme dhe rinore.<\/p>\n","protected":false},"featured_media":19072,"comment_status":"open","ping_status":"closed","template":"","meta":{"_acf_changed":false},"product_cat":[1418],"product_tag":[82,94,1026],"class_list":{"0":"post-19597","1":"product","2":"type-product","3":"status-publish","4":"has-post-thumbnail","6":"product_cat-krem","7":"product_tag-me-rrudha","8":"product_tag-e-yndyrshme","9":"product_tag-bellmona","10":"pa_brands-bellmona","12":"first","13":"instock","14":"shipping-taxable","15":"purchasable","16":"product-type-simple","swatches":"rey-swatches","show_selected":""},"acf":[],"_links":{"self":[{"href":"https:\/\/shop.allure.al\/en\/wp-json\/wp\/v2\/product\/19597","targetHints":{"allow":["GET"]}}],"collection":[{"href":"https:\/\/shop.allure.al\/en\/wp-json\/wp\/v2\/product"}],"about":[{"href":"https:\/\/shop.allure.al\/en\/wp-json\/wp\/v2\/types\/product"}],"replies":[{"embeddable":true,"href":"https:\/\/shop.allure.al\/en\/wp-json\/wp\/v2\/comments?post=19597"}],"version-history":[{"count":1,"href":"https:\/\/shop.allure.al\/en\/wp-json\/wp\/v2\/product\/19597\/revisions"}],"predecessor-version":[{"id":19627,"href":"https:\/\/shop.allure.al\/en\/wp-json\/wp\/v2\/product\/19597\/revisions\/19627"}],"wp:featuredmedia":[{"embeddable":true,"href":"https:\/\/shop.allure.al\/en\/wp-json\/wp\/v2\/media\/19072"}],"wp:attachment":[{"href":"https:\/\/shop.allure.al\/en\/wp-json\/wp\/v2\/media?parent=19597"}],"wp:term":[{"taxonomy":"product_cat","embeddable":true,"href":"https:\/\/shop.allure.al\/en\/wp-json\/wp\/v2\/product_cat?post=19597"},{"taxonomy":"product_tag","embeddable":true,"href":"https:\/\/shop.allure.al\/en\/wp-json\/wp\/v2\/product_tag?post=19597"}],"curies":[{"name":"wp","href":"https:\/\/api.w.org\/{rel}","templated":true}]}}