{"id":19598,"date":"2026-02-17T17:48:15","date_gmt":"2026-02-17T16:48:15","guid":{"rendered":"https:\/\/shop.allure.al\/?post_type=product&#038;p=19598"},"modified":"2026-02-26T00:43:18","modified_gmt":"2026-02-25T23:43:18","slug":"lovely-honey-ampoule","status":"publish","type":"product","link":"https:\/\/shop.allure.al\/en\/product\/lovely-honey-ampoule\/","title":{"rendered":"Lovely Honey Ampoule"},"content":{"rendered":"<p>Ronas Lovely Honey Ampoule \u00ebsht\u00eb nj\u00eb eliksir rigjenerues i formuluar p\u00ebr t\u2019i dh\u00ebn\u00eb l\u00ebkur\u00ebs vitalitet, sh\u00ebndet dhe shk\u00eblqim t\u00eb menj\u00ebhersh\u00ebm. Me 50% Manuka Honey, nj\u00eb nga p\u00ebrb\u00ebr\u00ebsit m\u00eb t\u00eb past\u00ebr dhe m\u00eb t\u00eb fuqish\u00ebm natyral\u00eb, kjo ampul\u00eb ushqen n\u00eb thell\u00ebsi, qet\u00ebson inflamacionin dhe rikthen balanc\u00ebn e l\u00ebkur\u00ebs s\u00eb stresuar. Manuka Honey njihet p\u00ebr vetit\u00eb e tij antibakteriale, anti-inflamatore dhe reparuese \u2014 duke e b\u00ebr\u00eb k\u00ebt\u00eb formul\u00eb perfekte p\u00ebr l\u00ebkurat e ndjeshme, t\u00eb irrituara, me rosacea, skuqje apo inflamacion kronik.<\/p>\n<p>Tekstura e leht\u00eb, e pasur dhe jo ngjit\u00ebse i jep l\u00ebkur\u00ebs nj\u00eb efekt lifting t\u00eb menj\u00ebhersh\u00ebm, duke e b\u00ebr\u00eb m\u00eb t\u00eb fort\u00eb, m\u00eb t\u00eb unifikuar n\u00eb ton dhe t\u00eb duksh\u00ebm m\u00eb t\u00eb shndritshme. Me p\u00ebrdorim t\u00eb vazhduesh\u00ebm, ampula forcon barrier\u00ebn mbrojt\u00ebse, p\u00ebrmir\u00ebson elasticitetin dhe zbut linjat e holla t\u00eb lodhjes.<\/p>\n<p>Formula \u00ebsht\u00eb e pasuruar me ekstrakte t\u00eb fuqishme bimore dhe element\u00eb hidratues q\u00eb punojn\u00eb sinergjikisht me Manuka Honey p\u00ebr t\u00eb ndihmuar qelizat t\u00eb rigjenerohen m\u00eb shpejt dhe p\u00ebr t\u00eb rikthyer komoditetin e l\u00ebkur\u00ebs. Rezultati \u00ebsht\u00eb nj\u00eb fytyr\u00eb e gjall\u00ebruar, e qet\u00eb dhe me nj\u00eb drit\u00eb natyrale q\u00eb vjen nga brenda.<\/p>\n","protected":false},"excerpt":{"rendered":"<p>Ronas Lovely Honey Ampoule \u00ebsht\u00eb nj\u00eb serum intensiv me 50% Manuka Honey, i krijuar p\u00ebr t\u00eb qet\u00ebsuar l\u00ebkur\u00ebn, p\u00ebr t\u00eb ulur inflamacionin dhe p\u00ebr t\u2019i rikthyer shk\u00eblqimin natyral. Formula rigjeneruese ndihmon n\u00eb reduktimin e skuqjes, rosacea-s, that\u00ebsis\u00eb dhe jep efekt lifting t\u00eb menj\u00ebhersh\u00ebm, duke forcuar barrier\u00ebn dhe p\u00ebrmir\u00ebsuar elasticitetin.<\/p>\n","protected":false},"featured_media":19054,"comment_status":"open","ping_status":"closed","template":"","meta":{"_acf_changed":false},"product_cat":[253],"product_tag":[80,87,1064,1108],"class_list":{"0":"post-19598","1":"product","2":"type-product","3":"status-publish","4":"has-post-thumbnail","6":"product_cat-ampule","7":"product_tag-e-thate","8":"product_tag-sensitive","9":"product_tag-ampule","10":"product_tag-ronas","11":"pa_brands-ronas","13":"first","14":"instock","15":"shipping-taxable","16":"purchasable","17":"product-type-simple","swatches":"rey-swatches","show_selected":""},"acf":[],"_links":{"self":[{"href":"https:\/\/shop.allure.al\/en\/wp-json\/wp\/v2\/product\/19598","targetHints":{"allow":["GET"]}}],"collection":[{"href":"https:\/\/shop.allure.al\/en\/wp-json\/wp\/v2\/product"}],"about":[{"href":"https:\/\/shop.allure.al\/en\/wp-json\/wp\/v2\/types\/product"}],"replies":[{"embeddable":true,"href":"https:\/\/shop.allure.al\/en\/wp-json\/wp\/v2\/comments?post=19598"}],"version-history":[{"count":1,"href":"https:\/\/shop.allure.al\/en\/wp-json\/wp\/v2\/product\/19598\/revisions"}],"predecessor-version":[{"id":19631,"href":"https:\/\/shop.allure.al\/en\/wp-json\/wp\/v2\/product\/19598\/revisions\/19631"}],"wp:featuredmedia":[{"embeddable":true,"href":"https:\/\/shop.allure.al\/en\/wp-json\/wp\/v2\/media\/19054"}],"wp:attachment":[{"href":"https:\/\/shop.allure.al\/en\/wp-json\/wp\/v2\/media?parent=19598"}],"wp:term":[{"taxonomy":"product_cat","embeddable":true,"href":"https:\/\/shop.allure.al\/en\/wp-json\/wp\/v2\/product_cat?post=19598"},{"taxonomy":"product_tag","embeddable":true,"href":"https:\/\/shop.allure.al\/en\/wp-json\/wp\/v2\/product_tag?post=19598"}],"curies":[{"name":"wp","href":"https:\/\/api.w.org\/{rel}","templated":true}]}}