{"id":19599,"date":"2026-02-17T17:48:15","date_gmt":"2026-02-17T16:48:15","guid":{"rendered":"https:\/\/shop.allure.al\/?post_type=product&#038;p=19599"},"modified":"2026-02-26T00:42:40","modified_gmt":"2026-02-25T23:42:40","slug":"lovely-honey-cream","status":"publish","type":"product","link":"https:\/\/shop.allure.al\/en\/product\/lovely-honey-cream\/","title":{"rendered":"Lovely Honey Cream"},"content":{"rendered":"<p>Ronas Lovely Honey Cream \u00ebsht\u00eb krijuar si nj\u00eb krem premium ushqyes, i p\u00ebrqendruar n\u00eb rigjenerimin e l\u00ebkur\u00ebs dhe rikthimin e luminozitetit natyral. Formula e tij p\u00ebrqafon nj\u00eb qasje t\u00eb ngjashme me filozofin\u00eb moderne t\u00eb skincare: p\u00ebrb\u00ebr\u00ebs t\u00eb past\u00ebr, bioaktiv\u00eb dhe tekstura q\u00eb p\u00ebrqafojn\u00eb l\u00ebkur\u00ebn me delikates\u00eb, duke i dh\u00ebn\u00eb asaj ndjesin\u00eb e nj\u00eb rikthimi t\u00eb brendsh\u00ebm t\u00eb sh\u00ebndetit dhe balanc\u00ebs. N\u00eb zem\u00ebr t\u00eb k\u00ebtij kremi q\u00ebndron 30% ekstrakt Manuka Honey, nj\u00eb eliksir i rrall\u00eb, i njohur p\u00ebr aft\u00ebsin\u00eb e tij t\u00eb jasht\u00ebzakonshme p\u00ebr t\u00eb qet\u00ebsuar, rigjeneruar dhe thell\u00ebsisht hidratuar l\u00ebkur\u00ebn. Me p\u00ebrmbajtjen e tij t\u00eb pasur me polisakaride, vitamina dhe enzima natyrale, Manuka mjalt\u00eb vepron si nj\u00eb terapi ushqyese q\u00eb rikthen but\u00ebsin\u00eb, i jep elasticitet dhe ringjall barrier\u00ebn mbrojt\u00ebse t\u00eb l\u00ebkur\u00ebs, duke e b\u00ebr\u00eb m\u00eb rezistente ndaj that\u00ebsis\u00eb, irritimit dhe stresor\u00ebve t\u00eb p\u00ebrditsh\u00ebm t\u00eb mjedisit.<\/p>\n<p>Kjo baz\u00eb e fuqishme p\u00ebrforcohet nga Beta-glucan, nj\u00eb molekul\u00eb moderne e skincare me aft\u00ebsi t\u00eb forta hidratuese dhe qet\u00ebsuese, e cila punon n\u00eb harmoni me l\u00ebkur\u00ebn p\u00ebr t\u00eb reduktuar that\u00ebsin\u00eb e thell\u00eb dhe p\u00ebr t\u00eb rikthyer nj\u00eb struktur\u00eb m\u00eb t\u00eb but\u00eb dhe t\u00eb mbushur. Tekstura e kremit pasurohet m\u00eb tej nga nj\u00eb p\u00ebrzierje vajrash bimor\u00eb t\u00eb rafinuar \u2013 jojoba, squalane dhe vaj i far\u00ebs s\u00eb rrushit \u2013 t\u00eb cil\u00ebt i japin l\u00ebkur\u00ebs nj\u00eb shtres\u00eb mbrojt\u00ebse t\u00eb leht\u00eb, ndihmojn\u00eb n\u00eb mbajtjen e lag\u00ebshtis\u00eb n\u00eb nivelet optimale dhe e l\u00ebn\u00eb sip\u00ebrfaqen t\u00eb but\u00eb, elastike dhe t\u00eb ndri\u00e7uar. Kremi \u00ebsht\u00eb formuluar gjithashtu me ekstrakte bimore rigjeneruese si kumbulla japoneze, Centella Asiatica, Scutellaria Baicalensis, Polygonum Cuspidatum, rr\u00ebnj\u00eb likurice dhe \u00e7aj jeshil \u2013 nj\u00eb sinergji natyrore q\u00eb qet\u00ebson \u00e7do shenj\u00eb irritimi, p\u00ebrmir\u00ebson uniformitetin e tonit dhe kontribuon n\u00eb nj\u00eb l\u00ebkur\u00eb m\u00eb t\u00eb past\u00ebr dhe m\u00eb t\u00eb balancuar.<\/p>\n<p>Kompleksi hidratues plot\u00ebsohet nga Sodium Hyaluronate, betaina dhe allantoin\u00eb, t\u00eb cilat rrisin ndjesin\u00eb e komoditetit, zbusin sip\u00ebrfaqen e l\u00ebkur\u00ebs dhe kontribuojn\u00eb n\u00eb elasticitet t\u00eb q\u00ebndruesh\u00ebm. Adenozina, e njohur p\u00ebr vetit\u00eb e saj kund\u00ebr plakjes, ndihmon n\u00eb reduktimin e rrudhave t\u00eb imta dhe mb\u00ebshtet rigjenerimin qelizor, duke e b\u00ebr\u00eb l\u00ebkur\u00ebn m\u00eb t\u00eb fort\u00eb, m\u00eb t\u00eb gjall\u00eb dhe vizualisht m\u00eb t\u00eb re.<\/p>\n<p>Tekstura e Ronas Lovely Honey Cream \u00ebsht\u00eb e pasur, por e leht\u00eb n\u00eb p\u00ebrthithje. Kur vendoset n\u00eb l\u00ebkur\u00eb, ajo shkrihet but\u00ebsisht, duke formuar nj\u00eb shtres\u00eb t\u00eb padukshme q\u00eb mbyll hidratimin pa e r\u00ebnduar fytyr\u00ebn. Ndjesia \u00ebsht\u00eb kremozitet i past\u00ebr, nj\u00eb kombinim sensual i luksit dhe thjesht\u00ebsis\u00eb, nd\u00ebrsa aroma delikate e mjaltit sjell nj\u00eb \u00e7ast relaksimi dhe mir\u00ebqenieje.<\/p>\n","protected":false},"excerpt":{"rendered":"<p>Ronas Lovely Honey Cream \u00ebsht\u00eb nj\u00eb krem i pasur, i formuluar me 30% Manuka Honey Extract, beta-glucan, vajra bimor\u00eb dhe ekstrakte rigjeneruese q\u00eb ushqejn\u00eb thell\u00eb l\u00ebkur\u00ebn, rikthejn\u00eb hidratimin, qet\u00ebsojn\u00eb irritimet dhe forcojn\u00eb barrier\u00ebn mbrojt\u00ebse. Tekstura e tij kremoze p\u00ebrthithet leht\u00eb duke l\u00ebn\u00eb l\u00ebkur\u00ebn t\u00eb but\u00eb, elastike dhe me shk\u00eblqim t\u00eb sh\u00ebndetsh\u00ebm.<\/p>\n","protected":false},"featured_media":19073,"comment_status":"open","ping_status":"closed","template":"","meta":{"_acf_changed":false},"product_cat":[1418],"product_tag":[87,1028,1108,80],"class_list":{"0":"post-19599","1":"product","2":"type-product","3":"status-publish","4":"has-post-thumbnail","6":"product_cat-krem","7":"product_tag-sensitive","8":"product_tag-cream","9":"product_tag-ronas","10":"product_tag-e-thate","11":"pa_brands-ronas","13":"first","14":"instock","15":"shipping-taxable","16":"purchasable","17":"product-type-simple","swatches":"rey-swatches","show_selected":""},"acf":[],"_links":{"self":[{"href":"https:\/\/shop.allure.al\/en\/wp-json\/wp\/v2\/product\/19599","targetHints":{"allow":["GET"]}}],"collection":[{"href":"https:\/\/shop.allure.al\/en\/wp-json\/wp\/v2\/product"}],"about":[{"href":"https:\/\/shop.allure.al\/en\/wp-json\/wp\/v2\/types\/product"}],"replies":[{"embeddable":true,"href":"https:\/\/shop.allure.al\/en\/wp-json\/wp\/v2\/comments?post=19599"}],"version-history":[{"count":1,"href":"https:\/\/shop.allure.al\/en\/wp-json\/wp\/v2\/product\/19599\/revisions"}],"predecessor-version":[{"id":19632,"href":"https:\/\/shop.allure.al\/en\/wp-json\/wp\/v2\/product\/19599\/revisions\/19632"}],"wp:featuredmedia":[{"embeddable":true,"href":"https:\/\/shop.allure.al\/en\/wp-json\/wp\/v2\/media\/19073"}],"wp:attachment":[{"href":"https:\/\/shop.allure.al\/en\/wp-json\/wp\/v2\/media?parent=19599"}],"wp:term":[{"taxonomy":"product_cat","embeddable":true,"href":"https:\/\/shop.allure.al\/en\/wp-json\/wp\/v2\/product_cat?post=19599"},{"taxonomy":"product_tag","embeddable":true,"href":"https:\/\/shop.allure.al\/en\/wp-json\/wp\/v2\/product_tag?post=19599"}],"curies":[{"name":"wp","href":"https:\/\/api.w.org\/{rel}","templated":true}]}}