{"id":19600,"date":"2026-02-17T17:48:15","date_gmt":"2026-02-17T16:48:15","guid":{"rendered":"https:\/\/shop.allure.al\/?post_type=product&#038;p=19600"},"modified":"2026-02-26T00:43:17","modified_gmt":"2026-02-25T23:43:17","slug":"lovely-honey-serum","status":"publish","type":"product","link":"https:\/\/shop.allure.al\/en\/product\/lovely-honey-serum\/","title":{"rendered":"Lovely Honey Serum"},"content":{"rendered":"<p>Ronas Lovely Honey Serum \u00ebsht\u00eb formuluar p\u00ebr t\u2019i rikthyer l\u00ebkur\u00ebs vitalitetin, shk\u00eblqimin dhe elasticitetin e humbur p\u00ebrmes nj\u00eb p\u00ebrzierjeje t\u00eb fuqishme rigjeneruese, t\u00eb nd\u00ebrtuar rreth 30% Manuka Honey \u2013 nj\u00eb prej p\u00ebrb\u00ebr\u00ebsve m\u00eb t\u00eb \u00e7muar natyral\u00eb, i njohur p\u00ebr veprimin e tij unik anti-inflamator, anti-bakterial dhe intensivisht hidratuese. Ky serum vepron si nj\u00eb kompleks restaurues, duke ushqyer barrier\u00ebn mbrojt\u00ebse t\u00eb l\u00ebkur\u00ebs, duke e qet\u00ebsuar, dhe duke i dh\u00ebn\u00eb nj\u00eb ndri\u00e7im t\u00eb menj\u00ebhersh\u00ebm, t\u00eb past\u00ebr dhe t\u00eb sh\u00ebndetsh\u00ebm.<\/p>\n<p>Formula bashkon Manuka Honey me \u03b2-glucan, Centella Asiatica, ekstrakte bimore antioksidante dhe vaj rrushi me vitamin\u00eb E, duke krijuar nj\u00eb sinergji t\u00eb p\u00ebrsosur hidratimi, qet\u00ebsimi dhe mbrojtjeje. Tekstura \u00ebsht\u00eb e leht\u00eb, e m\u00ebndafsht\u00eb dhe p\u00ebrthithet shpejt, pa l\u00ebn\u00eb asnj\u00eb ndjesi ngjit\u00ebse \u2014 vet\u00ebm nj\u00eb p\u00ebrfundim t\u00eb but\u00eb, t\u00eb l\u00ebmuar dhe t\u00eb shndritsh\u00ebm. Rezultati \u00ebsht\u00eb nj\u00eb l\u00ebkur\u00eb e m\u00eb fort\u00eb, m\u00eb e balancuar dhe me tonalitet t\u00eb uniform\u00eb, e cila duket e rigjeneruar q\u00eb nga aplikimi i par\u00eb.<\/p>\n<p>Manuka Honey (30%) ushqen thell\u00eb, zbut that\u00ebsin\u00eb e menj\u00ebhershme, qet\u00ebson skuqjet dhe ndihmon n\u00eb ruajtjen e mikrobiom\u00ebs s\u00eb l\u00ebkur\u00ebs, duke e mbrojtur nga agresor\u00ebt e jasht\u00ebm. \u03b2-Glucan vepron si hidratues i avancuar, m\u00eb potent se acidi hialuronik, duke sjell\u00eb efekt \u201cplumping\u201d dhe rikthim t\u00eb elasticitetit. Centella Asiatica, s\u00eb bashku me ekstrakte si kamomila, licorice, rozmarina dhe \u00e7aji jeshil, redukton inflamacionin, qet\u00ebson ndjeshm\u00ebrin\u00eb dhe mb\u00ebshtet rigjenerimin qelizor. Antioksidant\u00ebt bimor\u00eb mbrojn\u00eb nga radikalet e lira dhe lodhja urbane, nd\u00ebrsa adenosine ndihmon n\u00eb but\u00ebsimin e linjave t\u00eb holla dhe rikthimin e tonit t\u00eb sh\u00ebndetsh\u00ebm.<\/p>\n","protected":false},"excerpt":{"rendered":"<p>Ronas Lovely Honey Serum \u00ebsht\u00eb nj\u00eb serum hidratuese dhe qet\u00ebsues me 30% Manuka Honey, dizenjuar p\u00ebr t\u00eb ushqyer thell\u00eb l\u00ebkur\u00ebn, p\u00ebr t\u00eb rikthyer shk\u00eblqimin dhe elasticitetin pa l\u00ebn\u00eb ndjesi t\u00eb r\u00ebnd\u00eb apo ngjit\u00ebse. \u00cbsht\u00eb ideal p\u00ebr l\u00ebkur\u00eb t\u00eb that\u00eb, t\u00eb lodhur, me irritime apo deshir\u00eb p\u00ebr nj\u00eb \u201cglow\u201d natyral dhe t\u00eb but\u00eb.<\/p>\n","protected":false},"featured_media":19074,"comment_status":"open","ping_status":"closed","template":"","meta":{"_acf_changed":false},"product_cat":[254],"product_tag":[87,1108,80],"class_list":{"0":"post-19600","1":"product","2":"type-product","3":"status-publish","4":"has-post-thumbnail","6":"product_cat-serum","7":"product_tag-sensitive","8":"product_tag-ronas","9":"product_tag-e-thate","10":"pa_brands-ronas","12":"first","13":"instock","14":"shipping-taxable","15":"purchasable","16":"product-type-simple","swatches":"rey-swatches","show_selected":""},"acf":[],"_links":{"self":[{"href":"https:\/\/shop.allure.al\/en\/wp-json\/wp\/v2\/product\/19600","targetHints":{"allow":["GET"]}}],"collection":[{"href":"https:\/\/shop.allure.al\/en\/wp-json\/wp\/v2\/product"}],"about":[{"href":"https:\/\/shop.allure.al\/en\/wp-json\/wp\/v2\/types\/product"}],"replies":[{"embeddable":true,"href":"https:\/\/shop.allure.al\/en\/wp-json\/wp\/v2\/comments?post=19600"}],"version-history":[{"count":1,"href":"https:\/\/shop.allure.al\/en\/wp-json\/wp\/v2\/product\/19600\/revisions"}],"predecessor-version":[{"id":19633,"href":"https:\/\/shop.allure.al\/en\/wp-json\/wp\/v2\/product\/19600\/revisions\/19633"}],"wp:featuredmedia":[{"embeddable":true,"href":"https:\/\/shop.allure.al\/en\/wp-json\/wp\/v2\/media\/19074"}],"wp:attachment":[{"href":"https:\/\/shop.allure.al\/en\/wp-json\/wp\/v2\/media?parent=19600"}],"wp:term":[{"taxonomy":"product_cat","embeddable":true,"href":"https:\/\/shop.allure.al\/en\/wp-json\/wp\/v2\/product_cat?post=19600"},{"taxonomy":"product_tag","embeddable":true,"href":"https:\/\/shop.allure.al\/en\/wp-json\/wp\/v2\/product_tag?post=19600"}],"curies":[{"name":"wp","href":"https:\/\/api.w.org\/{rel}","templated":true}]}}