{"id":19601,"date":"2026-02-17T17:48:15","date_gmt":"2026-02-17T16:48:15","guid":{"rendered":"https:\/\/shop.allure.al\/?post_type=product&#038;p=19601"},"modified":"2026-02-26T00:43:16","modified_gmt":"2026-02-25T23:43:16","slug":"medi-cell-mask","status":"publish","type":"product","link":"https:\/\/shop.allure.al\/en\/product\/medi-cell-mask\/","title":{"rendered":"Medicell Mask"},"content":{"rendered":"<p>Nj\u00eb mask\u00eb revolucionare silikoni e krijuar p\u00ebr t\u00eb rikthyer ekuilibrin, hidratimin dhe qet\u00ebsin\u00eb e l\u00ebkur\u00ebs pas \u00e7do stresi apo trajtimi. Merikit Medi Cell Mask \u00ebsht\u00eb si nj\u00eb \u201cflet\u00eb rikuperuese\u201d e dyt\u00eb mbi l\u00ebkur\u00eb \u2014 e pasur me p\u00ebrb\u00ebr\u00ebs rigjenerues q\u00eb veprojn\u00eb gjat\u00eb gjith\u00eb nat\u00ebs p\u00ebr t\u00eb rivendosur but\u00ebsin\u00eb, elasticitetin dhe ndjesin\u00eb e rehatis\u00eb.<br \/>\nE krijuar me teknologjin\u00eb biomimetike t\u00eb silikonit mjek\u00ebsor, kjo mask\u00eb krijon nj\u00eb barrier\u00eb mbrojt\u00ebse q\u00eb ndihmon n\u00eb p\u00ebrthithjen maksimale t\u00eb esencave hidratuese dhe qet\u00ebsuese. P\u00ebrb\u00ebr\u00ebsit si Centella Asiatica, Panthenol, Hyaluronic Acid dhe Allantoin bashk\u00ebpunojn\u00eb p\u00ebr t\u00eb ulur irritimin, djegien pas ekspozimit n\u00eb diell dhe ndjesin\u00eb e t\u00ebrheqjes, duke qet\u00ebsuar menj\u00ebher\u00eb l\u00ebkur\u00ebn e ndjeshme.<br \/>\nIdealja p\u00ebr pas trajtimeve dermatologjike, peeling ose ekspozimeve t\u00eb gjata n\u00eb diell, Medi Cell Mask ndihmon n\u00eb rigjenerimin e shtres\u00ebs mbrojt\u00ebse t\u00eb epiderm\u00ebs dhe p\u00ebrmir\u00ebson ndjesh\u00ebm nivelin e hidratimit qelizor.<\/p>\n","protected":false},"excerpt":{"rendered":"<p>Mask\u00eb silikoni me veprim intensiv qet\u00ebsues dhe hidratues. Ideale pas trajtimeve invazive ose ekspozimit n\u00eb diell, ndihmon n\u00eb rikuperimin e l\u00ebkur\u00ebs, ul ndjeshm\u00ebrin\u00eb dhe p\u00ebrmir\u00ebson elasticitetin p\u00ebr nj\u00eb l\u00ebkur\u00eb t\u00eb but\u00eb dhe t\u00eb qet\u00eb gjat\u00eb gjithe kohes.<\/p>\n","protected":false},"featured_media":19037,"comment_status":"open","ping_status":"closed","template":"","meta":{"_acf_changed":false},"product_cat":[256],"product_tag":[84,1033],"class_list":{"0":"post-19601","1":"product","2":"type-product","3":"status-publish","4":"has-post-thumbnail","6":"product_cat-maska","7":"product_tag-normale","8":"product_tag-merikit","9":"pa_brands-merikit","11":"first","12":"instock","13":"shipping-taxable","14":"purchasable","15":"product-type-simple","swatches":"rey-swatches","show_selected":""},"acf":[],"_links":{"self":[{"href":"https:\/\/shop.allure.al\/en\/wp-json\/wp\/v2\/product\/19601","targetHints":{"allow":["GET"]}}],"collection":[{"href":"https:\/\/shop.allure.al\/en\/wp-json\/wp\/v2\/product"}],"about":[{"href":"https:\/\/shop.allure.al\/en\/wp-json\/wp\/v2\/types\/product"}],"replies":[{"embeddable":true,"href":"https:\/\/shop.allure.al\/en\/wp-json\/wp\/v2\/comments?post=19601"}],"version-history":[{"count":4,"href":"https:\/\/shop.allure.al\/en\/wp-json\/wp\/v2\/product\/19601\/revisions"}],"predecessor-version":[{"id":19861,"href":"https:\/\/shop.allure.al\/en\/wp-json\/wp\/v2\/product\/19601\/revisions\/19861"}],"wp:featuredmedia":[{"embeddable":true,"href":"https:\/\/shop.allure.al\/en\/wp-json\/wp\/v2\/media\/19037"}],"wp:attachment":[{"href":"https:\/\/shop.allure.al\/en\/wp-json\/wp\/v2\/media?parent=19601"}],"wp:term":[{"taxonomy":"product_cat","embeddable":true,"href":"https:\/\/shop.allure.al\/en\/wp-json\/wp\/v2\/product_cat?post=19601"},{"taxonomy":"product_tag","embeddable":true,"href":"https:\/\/shop.allure.al\/en\/wp-json\/wp\/v2\/product_tag?post=19601"}],"curies":[{"name":"wp","href":"https:\/\/api.w.org\/{rel}","templated":true}]}}