{"id":19606,"date":"2026-02-17T17:48:19","date_gmt":"2026-02-17T16:48:19","guid":{"rendered":"https:\/\/shop.allure.al\/product\/coenzyme-q10-massage-cream\/"},"modified":"2026-02-26T00:42:39","modified_gmt":"2026-02-25T23:42:39","slug":"coenzyme-q10-massage-cream","status":"publish","type":"product","link":"https:\/\/shop.allure.al\/en\/product\/coenzyme-q10-massage-cream\/","title":{"rendered":"Coenzyme Q10 Massage Cream"},"content":{"rendered":"<p>Krem masazhi profesional Merikit me Koenzim\u00eb Q10 p\u00ebr firmosje, rigjall\u00ebrim dhe efekte anti-plakje gjat\u00eb masazhit. Koenzima Q10 rrit prodhimin e energjis\u00eb qelizore (ATP), stimulon sint\u00ebz\u00ebn e kolagjenit dhe elastin\u00ebs, dhe redukton shenjat e plakjes dhe rrudhat fine. Formula hidratuese e pasur l\u00eb l\u00ebkur\u00ebn t\u00eb but\u00eb, elastike dhe me pamje t\u00eb rinuar pas \u00e7do trajtimi. Ideale p\u00ebr trajtime profesionale facial anti-plakje dhe masazh trupor.<\/p>\n","protected":false},"excerpt":{"rendered":"<p>Krem masazhi profesional me Koenzim\u00eb Q10 anti-plakje. Firmos, rigjall\u00ebron dhe ushqen l\u00ebkur\u00ebn duke stimuluar kolagjenit natyral.<\/p>\n","protected":false},"featured_media":19148,"comment_status":"open","ping_status":"closed","template":"","meta":{"_acf_changed":false},"product_cat":[1418],"product_tag":[82,1033],"class_list":{"0":"post-19606","1":"product","2":"type-product","3":"status-publish","4":"has-post-thumbnail","6":"product_cat-krem","7":"product_tag-me-rrudha","8":"product_tag-merikit","9":"pa_brands-merikit","11":"first","12":"instock","13":"shipping-taxable","14":"purchasable","15":"product-type-simple","swatches":"rey-swatches","show_selected":""},"acf":[],"_links":{"self":[{"href":"https:\/\/shop.allure.al\/en\/wp-json\/wp\/v2\/product\/19606","targetHints":{"allow":["GET"]}}],"collection":[{"href":"https:\/\/shop.allure.al\/en\/wp-json\/wp\/v2\/product"}],"about":[{"href":"https:\/\/shop.allure.al\/en\/wp-json\/wp\/v2\/types\/product"}],"replies":[{"embeddable":true,"href":"https:\/\/shop.allure.al\/en\/wp-json\/wp\/v2\/comments?post=19606"}],"version-history":[{"count":2,"href":"https:\/\/shop.allure.al\/en\/wp-json\/wp\/v2\/product\/19606\/revisions"}],"predecessor-version":[{"id":19823,"href":"https:\/\/shop.allure.al\/en\/wp-json\/wp\/v2\/product\/19606\/revisions\/19823"}],"wp:featuredmedia":[{"embeddable":true,"href":"https:\/\/shop.allure.al\/en\/wp-json\/wp\/v2\/media\/19148"}],"wp:attachment":[{"href":"https:\/\/shop.allure.al\/en\/wp-json\/wp\/v2\/media?parent=19606"}],"wp:term":[{"taxonomy":"product_cat","embeddable":true,"href":"https:\/\/shop.allure.al\/en\/wp-json\/wp\/v2\/product_cat?post=19606"},{"taxonomy":"product_tag","embeddable":true,"href":"https:\/\/shop.allure.al\/en\/wp-json\/wp\/v2\/product_tag?post=19606"}],"curies":[{"name":"wp","href":"https:\/\/api.w.org\/{rel}","templated":true}]}}