{"id":19608,"date":"2026-02-17T17:48:21","date_gmt":"2026-02-17T16:48:21","guid":{"rendered":"https:\/\/shop.allure.al\/product\/collagen-skin\/"},"modified":"2026-02-26T00:43:15","modified_gmt":"2026-02-25T23:43:15","slug":"collagen-skin","status":"publish","type":"product","link":"https:\/\/shop.allure.al\/en\/product\/collagen-skin\/","title":{"rendered":"Collagen Skin"},"content":{"rendered":"<p>Collagen Skin eshte nje tonik\/locion i pasuruar me kolajin hidroludhur dhe peptide aktive, i formuluar per te rifituar firmimin, elasticitetin dhe plenesin\u00eb e lekures. Kolagjeni i permbajtur depertonet ne shtresat e siperfaqsores te lekures duke e mbushur dhe mbuluar at\u00eb per nje pamje me te shendetshe dhe me te re. Formula e lehte shperdahet shpejt si hap i dyte i rutines, pas pastrimit, duke pergatitur lekuren per thithjen e serumit dhe kremit hidratues. Perdorimi i vazhdueshem forcon strukturen e lekures, redukton shfaqjen e vijave te im\u00ebta dhe rikthen tonin dhe gjall\u00ebrine e humbur. I pershtatsh\u00ebm per cdo lloj lekure, ve\u00e7anerisht per ate qe tregon shenja te hershme te plakjes ose humbjes se elasticitetit.<\/p>\n","protected":false},"excerpt":{"rendered":"<p><span dir=\"ltr\" role=\"presentation\">Kjo linj\u00eb qet\u00ebsuese dhe rigjall\u00ebruese e kujdesit t\u00eb l\u00ebkur\u00ebs hidraton fytyr\u00ebn dhe jep <\/span><span dir=\"ltr\" role=\"presentation\">nj\u00eb p\u00ebrfundim freskues dhe qet\u00ebsues n\u00eb l\u00ebkur\u00ebn e ndjeshme. Tekstura jo ngjit\u00ebse <\/span><span dir=\"ltr\" role=\"presentation\">\u00ebsht\u00eb shum\u00eb e p\u00ebrshtatshme dhe p\u00ebr l\u00ebkur\u00ebn e yndyrshme me prodhim t\u00eb tep\u00ebrt <\/span><span dir=\"ltr\" role=\"presentation\">sebumi.<\/span><br role=\"presentation\" \/><span dir=\"ltr\" role=\"presentation\">Seria Ac Infusion nuk bllokon poret, heq n\u00eb m\u00ebnyr\u00eb efektive produktet e kozmetik\u00ebs <\/span><span dir=\"ltr\" role=\"presentation\">t\u00eb pap\u00ebrshkrueshme nga uji, si dhe qelizat e vdekura t\u00eb l\u00ebkur\u00ebs. Kjo linj\u00eb <\/span><span dir=\"ltr\" role=\"presentation\">p\u00ebrmir\u00ebson tonalitetin, rikthen gjall\u00ebrin\u00eb dhe lag\u00ebshtin\u00eb n\u00eb l\u00ebkur\u00eb. Linja \u00ebsht\u00eb e <\/span><span dir=\"ltr\" role=\"presentation\">mbushur me p\u00ebrb\u00ebr\u00ebs natyral\u00eb duke p\u00ebrfshir\u00eb lulen e kamomilit, brokolin dhe <\/span><span dir=\"ltr\" role=\"presentation\">ekstraktin e veshtullit.<\/span><\/p>\n","protected":false},"featured_media":19151,"comment_status":"open","ping_status":"closed","template":"","meta":{"_acf_changed":false},"product_cat":[252],"product_tag":[81,94,103,106],"class_list":{"0":"post-19608","1":"product","2":"type-product","3":"status-publish","4":"has-post-thumbnail","6":"product_cat-toner","7":"product_tag-hiperpigmentim","8":"product_tag-e-yndyrshme","9":"product_tag-mikse","10":"product_tag-pa-shkelqim","11":"pa_brands-merikit","13":"first","14":"instock","15":"shipping-taxable","16":"purchasable","17":"product-type-simple","swatches":"rey-swatches","show_selected":""},"acf":[],"_links":{"self":[{"href":"https:\/\/shop.allure.al\/en\/wp-json\/wp\/v2\/product\/19608","targetHints":{"allow":["GET"]}}],"collection":[{"href":"https:\/\/shop.allure.al\/en\/wp-json\/wp\/v2\/product"}],"about":[{"href":"https:\/\/shop.allure.al\/en\/wp-json\/wp\/v2\/types\/product"}],"replies":[{"embeddable":true,"href":"https:\/\/shop.allure.al\/en\/wp-json\/wp\/v2\/comments?post=19608"}],"version-history":[{"count":2,"href":"https:\/\/shop.allure.al\/en\/wp-json\/wp\/v2\/product\/19608\/revisions"}],"predecessor-version":[{"id":19791,"href":"https:\/\/shop.allure.al\/en\/wp-json\/wp\/v2\/product\/19608\/revisions\/19791"}],"wp:featuredmedia":[{"embeddable":true,"href":"https:\/\/shop.allure.al\/en\/wp-json\/wp\/v2\/media\/19151"}],"wp:attachment":[{"href":"https:\/\/shop.allure.al\/en\/wp-json\/wp\/v2\/media?parent=19608"}],"wp:term":[{"taxonomy":"product_cat","embeddable":true,"href":"https:\/\/shop.allure.al\/en\/wp-json\/wp\/v2\/product_cat?post=19608"},{"taxonomy":"product_tag","embeddable":true,"href":"https:\/\/shop.allure.al\/en\/wp-json\/wp\/v2\/product_tag?post=19608"}],"curies":[{"name":"wp","href":"https:\/\/api.w.org\/{rel}","templated":true}]}}