{"id":19610,"date":"2026-02-17T17:48:24","date_gmt":"2026-02-17T16:48:24","guid":{"rendered":"https:\/\/shop.allure.al\/product\/deep-peeling-gel\/"},"modified":"2026-02-26T00:42:38","modified_gmt":"2026-02-25T23:42:38","slug":"deep-peeling-gel","status":"publish","type":"product","link":"https:\/\/shop.allure.al\/en\/product\/deep-peeling-gel\/","title":{"rendered":"Deep Peeling Gel"},"content":{"rendered":"<p>Orjade Deep Peeling Gel \u00ebsht\u00eb nj\u00eb eksfoliant i avancuar p\u00ebr fytyr\u00eb dhe trup, i krijuar p\u00ebr t\u00eb rikthyer ndri\u00e7imin dhe freskin\u00eb natyrale t\u00eb l\u00ebkur\u00ebs. Tekstura e tij xheli aktivizohet n\u00eb kontakt me l\u00ebkur\u00ebn, duke shp\u00ebrb\u00ebr\u00eb qelizat e vdekura dhe papast\u00ebrtit\u00eb, nd\u00ebrsa ruan ekuilibrin hidratues. Ky peeling unik nuk ofron vet\u00ebm nj\u00eb pastrim t\u00eb thell\u00eb dhe t\u00eb but\u00eb, por gjithashtu qet\u00ebson irritimin dhe forcon barrier\u00ebn natyrale t\u00eb l\u00ebkur\u00ebs.<\/p>\n<p>Formula e tij punon n\u00eb shtresat sip\u00ebrfaq\u00ebsore dhe t\u00eb mesme t\u00eb l\u00ebkur\u00ebs p\u00ebr t\u00eb p\u00ebrmir\u00ebsuar struktur\u00ebn, p\u00ebr t\u00eb zbehur njollat dhe p\u00ebr t\u00eb rikthyer shk\u00eblqimin. P\u00ebrve\u00e7 k\u00ebsaj, Orjade Deep Peeling Gel ndihmon n\u00eb eleminimin e \u00e7arjeve t\u00eb lekur\u00ebs, p\u00ebrthith aknet e trupit dhe kontribuon n\u00eb zbehjen e shenjave post-akne, duke ofruar nj\u00eb p\u00ebrvoj\u00eb spa n\u00eb sht\u00ebpi ose trajtim profesional. Rezultati \u00ebsht\u00eb nj\u00eb l\u00ebkur\u00eb e but\u00eb, e l\u00ebmuar, uniforme dhe e rigjeneruar, me nj\u00eb pamje t\u00eb sh\u00ebndetshme dhe rinore.<\/p>\n","protected":false},"excerpt":{"rendered":"<p>Eksfoliant luksoz p\u00ebr fytyr\u00eb dhe trup q\u00eb pastron thell\u00eb, qet\u00ebson irritimin dhe rikthen shk\u00eblqimin e l\u00ebkur\u00ebs. Ndihmon n\u00eb zbehjen e njollave, p\u00ebrthith aknet e trupit dhe eleminon \u00e7arjet e lekur\u00ebs p\u00ebr nj\u00eb pamje uniforme, t\u00eb but\u00eb dhe rinore.<\/p>\n","protected":false},"featured_media":13327,"comment_status":"open","ping_status":"closed","template":"","meta":{"_acf_changed":false},"product_cat":[251],"product_tag":[79,1027],"class_list":{"0":"post-19610","1":"product","2":"type-product","3":"status-publish","4":"has-post-thumbnail","6":"product_cat-eksfoljues","7":"product_tag-akneike","8":"product_tag-orjade","9":"pa_brands-merikit","11":"first","12":"instock","13":"shipping-taxable","14":"purchasable","15":"product-type-simple","swatches":"rey-swatches","show_selected":""},"acf":[],"_links":{"self":[{"href":"https:\/\/shop.allure.al\/en\/wp-json\/wp\/v2\/product\/19610","targetHints":{"allow":["GET"]}}],"collection":[{"href":"https:\/\/shop.allure.al\/en\/wp-json\/wp\/v2\/product"}],"about":[{"href":"https:\/\/shop.allure.al\/en\/wp-json\/wp\/v2\/types\/product"}],"replies":[{"embeddable":true,"href":"https:\/\/shop.allure.al\/en\/wp-json\/wp\/v2\/comments?post=19610"}],"version-history":[{"count":1,"href":"https:\/\/shop.allure.al\/en\/wp-json\/wp\/v2\/product\/19610\/revisions"}],"predecessor-version":[{"id":19743,"href":"https:\/\/shop.allure.al\/en\/wp-json\/wp\/v2\/product\/19610\/revisions\/19743"}],"wp:featuredmedia":[{"embeddable":true,"href":"https:\/\/shop.allure.al\/en\/wp-json\/wp\/v2\/media\/13327"}],"wp:attachment":[{"href":"https:\/\/shop.allure.al\/en\/wp-json\/wp\/v2\/media?parent=19610"}],"wp:term":[{"taxonomy":"product_cat","embeddable":true,"href":"https:\/\/shop.allure.al\/en\/wp-json\/wp\/v2\/product_cat?post=19610"},{"taxonomy":"product_tag","embeddable":true,"href":"https:\/\/shop.allure.al\/en\/wp-json\/wp\/v2\/product_tag?post=19610"}],"curies":[{"name":"wp","href":"https:\/\/api.w.org\/{rel}","templated":true}]}}