{"id":19611,"date":"2026-02-17T17:48:24","date_gmt":"2026-02-17T16:48:24","guid":{"rendered":"https:\/\/shop.allure.al\/product\/deto-bubble-kit\/"},"modified":"2026-02-26T00:45:43","modified_gmt":"2026-02-25T23:45:43","slug":"deto-bubble-kit","status":"publish","type":"product","link":"https:\/\/shop.allure.al\/en\/product\/deto-bubble-kit\/","title":{"rendered":"Deto Bubble Kit"},"content":{"rendered":"<p>Kit detoksifikues Deto Bubble Merikit me g\u00ebzufa oksigjeni aktive q\u00eb pastrojn\u00eb thell\u00ebsisht poret, heqin papast\u00ebrtit\u00eb dhe qelizat e vdekura me efikasitet t\u00eb lart\u00eb. Platin\u00eb koloid firmos dhe i jep tension l\u00ebkur\u00ebs, nd\u00ebrsa Nonapeptide-1 ndri\u00e7on duke fr\u00ebnuar prodhimin e melanin\u00ebs dhe reduktuar pap\u00ebrsosm\u00ebrit\u00eb. Ekstrakt Saururus chinensis forcon tensionin dhe elasticitetin e l\u00ebkur\u00ebs. Kit-i p\u00ebrfshin: Ampul\u00eb Deto Bubble (pastrues aktiv), Mask\u00eb Deto Bubble (me g\u00ebzufa oksigjeni) dhe Krem Deto Bubble (hidratues finalizues) p\u00ebr rutin\u00eb t\u00eb plot\u00eb detoksifikuese dhe ndri\u00e7uese.<\/p>\n","protected":false},"excerpt":{"rendered":"<p>Kit detoksifikues 3-in-1 me g\u00ebzufa oksigjeni, platin\u00eb koloid dhe Nonapeptide-1. Pastron, firmos dhe ndri\u00e7on l\u00ebkur\u00ebn me trajtim t\u00eb plot\u00eb Deto Bubble.<\/p>\n","protected":false},"featured_media":19169,"comment_status":"open","ping_status":"closed","template":"","meta":{"_acf_changed":false},"product_cat":[1420],"product_tag":[79,84,94,1033],"class_list":{"0":"post-19611","1":"product","2":"type-product","3":"status-publish","4":"has-post-thumbnail","6":"product_cat-sete","7":"product_tag-akneike","8":"product_tag-normale","9":"product_tag-e-yndyrshme","10":"product_tag-merikit","11":"pa_brands-merikit","13":"first","14":"instock","15":"shipping-taxable","16":"purchasable","17":"product-type-simple","swatches":"rey-swatches","show_selected":""},"acf":[],"_links":{"self":[{"href":"https:\/\/shop.allure.al\/en\/wp-json\/wp\/v2\/product\/19611","targetHints":{"allow":["GET"]}}],"collection":[{"href":"https:\/\/shop.allure.al\/en\/wp-json\/wp\/v2\/product"}],"about":[{"href":"https:\/\/shop.allure.al\/en\/wp-json\/wp\/v2\/types\/product"}],"replies":[{"embeddable":true,"href":"https:\/\/shop.allure.al\/en\/wp-json\/wp\/v2\/comments?post=19611"}],"version-history":[{"count":2,"href":"https:\/\/shop.allure.al\/en\/wp-json\/wp\/v2\/product\/19611\/revisions"}],"predecessor-version":[{"id":19846,"href":"https:\/\/shop.allure.al\/en\/wp-json\/wp\/v2\/product\/19611\/revisions\/19846"}],"wp:featuredmedia":[{"embeddable":true,"href":"https:\/\/shop.allure.al\/en\/wp-json\/wp\/v2\/media\/19169"}],"wp:attachment":[{"href":"https:\/\/shop.allure.al\/en\/wp-json\/wp\/v2\/media?parent=19611"}],"wp:term":[{"taxonomy":"product_cat","embeddable":true,"href":"https:\/\/shop.allure.al\/en\/wp-json\/wp\/v2\/product_cat?post=19611"},{"taxonomy":"product_tag","embeddable":true,"href":"https:\/\/shop.allure.al\/en\/wp-json\/wp\/v2\/product_tag?post=19611"}],"curies":[{"name":"wp","href":"https:\/\/api.w.org\/{rel}","templated":true}]}}