{"id":19613,"date":"2026-02-17T17:48:26","date_gmt":"2026-02-17T16:48:26","guid":{"rendered":"https:\/\/shop.allure.al\/product\/dual-sun-block\/"},"modified":"2026-02-26T00:43:12","modified_gmt":"2026-02-25T23:43:12","slug":"dual-sun-block","status":"publish","type":"product","link":"https:\/\/shop.allure.al\/en\/product\/dual-sun-block\/","title":{"rendered":"Dual Sun Block"},"content":{"rendered":"<p>Bellmona Dual Sun Block \u00ebsht\u00eb nj\u00eb krem mbrojt\u00ebs i avancuar q\u00eb ofron mbrojtje efektive nga rrezatimi UVA dhe UVB, duke parandaluar plakjen e parakohshme dhe d\u00ebmtimin e shkaktuar nga dielli. Formula e tij unike ndihmon gjithashtu n\u00eb stabilizimin e pH-s\u00eb natyrale t\u00eb l\u00ebkur\u00ebs, duke ruajtur ekuilibrin mes hidratimit dhe kontrollit t\u00eb yndyr\u00ebs. Tekstura e leht\u00eb dhe jo-ngjit\u00ebse e b\u00ebn ideal p\u00ebr p\u00ebrdorim t\u00eb p\u00ebrditsh\u00ebm, pasi nuk e l\u00eb l\u00ebkur\u00ebn as t\u00eb yndyrshme, as t\u00eb that\u00eb, por e mban t\u00eb fresk\u00ebt, t\u00eb but\u00eb dhe t\u00eb mbrojtur gjat\u00eb gjith\u00eb dit\u00ebs. Ky krem \u00ebsht\u00eb i p\u00ebrshtatsh\u00ebm p\u00ebr \u00e7do tip l\u00ebkure, madje edhe p\u00ebr l\u00ebkurat e ndjeshme.<\/p>\n","protected":false},"excerpt":{"rendered":"<p>Bellmona Dual Sun Block SPF siguron mbrojtje t\u00eb plot\u00eb nga UVA\/UVB, stabilizon pH-n\u00eb e l\u00ebkur\u00ebs dhe mban ekuilibrin e saj natyral, pa yndyrosur apo thar\u00eb. Tekstur\u00eb e leht\u00eb dhe e rehatshme p\u00ebr p\u00ebrdorim t\u00eb p\u00ebrditsh\u00ebm.<\/p>\n","protected":false},"featured_media":18440,"comment_status":"open","ping_status":"closed","template":"","meta":{"_acf_changed":false},"product_cat":[258],"product_tag":[84,1026],"class_list":{"0":"post-19613","1":"product","2":"type-product","3":"status-publish","4":"has-post-thumbnail","6":"product_cat-spf","7":"product_tag-normale","8":"product_tag-bellmona","9":"pa_brands-merikit","11":"first","12":"instock","13":"shipping-taxable","14":"purchasable","15":"product-type-simple","swatches":"rey-swatches","show_selected":""},"acf":[],"_links":{"self":[{"href":"https:\/\/shop.allure.al\/en\/wp-json\/wp\/v2\/product\/19613","targetHints":{"allow":["GET"]}}],"collection":[{"href":"https:\/\/shop.allure.al\/en\/wp-json\/wp\/v2\/product"}],"about":[{"href":"https:\/\/shop.allure.al\/en\/wp-json\/wp\/v2\/types\/product"}],"replies":[{"embeddable":true,"href":"https:\/\/shop.allure.al\/en\/wp-json\/wp\/v2\/comments?post=19613"}],"version-history":[{"count":0,"href":"https:\/\/shop.allure.al\/en\/wp-json\/wp\/v2\/product\/19613\/revisions"}],"wp:featuredmedia":[{"embeddable":true,"href":"https:\/\/shop.allure.al\/en\/wp-json\/wp\/v2\/media\/18440"}],"wp:attachment":[{"href":"https:\/\/shop.allure.al\/en\/wp-json\/wp\/v2\/media?parent=19613"}],"wp:term":[{"taxonomy":"product_cat","embeddable":true,"href":"https:\/\/shop.allure.al\/en\/wp-json\/wp\/v2\/product_cat?post=19613"},{"taxonomy":"product_tag","embeddable":true,"href":"https:\/\/shop.allure.al\/en\/wp-json\/wp\/v2\/product_tag?post=19613"}],"curies":[{"name":"wp","href":"https:\/\/api.w.org\/{rel}","templated":true}]}}