{"id":19620,"date":"2026-02-17T17:48:33","date_gmt":"2026-02-17T16:48:33","guid":{"rendered":"https:\/\/shop.allure.al\/product\/healing-balm\/"},"modified":"2026-02-26T00:42:37","modified_gmt":"2026-02-25T23:42:37","slug":"healing-balm","status":"publish","type":"product","link":"https:\/\/shop.allure.al\/en\/product\/healing-balm\/","title":{"rendered":"Healing Balm"},"content":{"rendered":"<p>Ronas Healing Balm \u00ebsht\u00eb nj\u00eb balsam rigjenerues i avancuar, i formuluar me EGF (faktor i rritjes epiteliale) p\u00ebr t\u00eb forcuar barrier\u00ebn e l\u00ebkur\u00ebs, l\u00ebmuar sip\u00ebrfaqen dhe siguruar hidratim t\u00eb thell\u00eb. I ideal pas procedurave estetike si peeling, laser, mikronegling ose si hap i fundit i rutin\u00ebs s\u00eb kujdesit p\u00ebr l\u00ebkur\u00ebn e ndjeshme dhe t\u00eb lodhur.<\/p>\n","protected":false},"excerpt":{"rendered":"<p>Healing Balm me EGF \u2013 forcon barrier\u00ebn, qet\u00ebson dhe hidraton l\u00ebkur\u00ebn pas procedurave.<\/p>\n","protected":false},"featured_media":19053,"comment_status":"open","ping_status":"closed","template":"","meta":{"_acf_changed":false},"product_cat":[1418],"product_tag":[82,87,1108],"class_list":{"0":"post-19620","1":"product","2":"type-product","3":"status-publish","4":"has-post-thumbnail","6":"product_cat-krem","7":"product_tag-me-rrudha","8":"product_tag-sensitive","9":"product_tag-ronas","10":"pa_brands-merikit","12":"first","13":"instock","14":"shipping-taxable","15":"purchasable","16":"product-type-simple","swatches":"rey-swatches","show_selected":""},"acf":[],"_links":{"self":[{"href":"https:\/\/shop.allure.al\/en\/wp-json\/wp\/v2\/product\/19620","targetHints":{"allow":["GET"]}}],"collection":[{"href":"https:\/\/shop.allure.al\/en\/wp-json\/wp\/v2\/product"}],"about":[{"href":"https:\/\/shop.allure.al\/en\/wp-json\/wp\/v2\/types\/product"}],"replies":[{"embeddable":true,"href":"https:\/\/shop.allure.al\/en\/wp-json\/wp\/v2\/comments?post=19620"}],"version-history":[{"count":2,"href":"https:\/\/shop.allure.al\/en\/wp-json\/wp\/v2\/product\/19620\/revisions"}],"predecessor-version":[{"id":19886,"href":"https:\/\/shop.allure.al\/en\/wp-json\/wp\/v2\/product\/19620\/revisions\/19886"}],"wp:featuredmedia":[{"embeddable":true,"href":"https:\/\/shop.allure.al\/en\/wp-json\/wp\/v2\/media\/19053"}],"wp:attachment":[{"href":"https:\/\/shop.allure.al\/en\/wp-json\/wp\/v2\/media?parent=19620"}],"wp:term":[{"taxonomy":"product_cat","embeddable":true,"href":"https:\/\/shop.allure.al\/en\/wp-json\/wp\/v2\/product_cat?post=19620"},{"taxonomy":"product_tag","embeddable":true,"href":"https:\/\/shop.allure.al\/en\/wp-json\/wp\/v2\/product_tag?post=19620"}],"curies":[{"name":"wp","href":"https:\/\/api.w.org\/{rel}","templated":true}]}}