{"id":19621,"date":"2026-02-17T17:48:34","date_gmt":"2026-02-17T16:48:34","guid":{"rendered":"https:\/\/shop.allure.al\/product\/holdin-time-snail-cream\/"},"modified":"2026-02-26T00:42:35","modified_gmt":"2026-02-25T23:42:35","slug":"holdin-time-snail-cream","status":"publish","type":"product","link":"https:\/\/shop.allure.al\/en\/product\/holdin-time-snail-cream\/","title":{"rendered":"Holding Time Snail Cream"},"content":{"rendered":"<p>Bellmona Snail Cream \u00ebsht\u00eb nj\u00eb krem i avancuar rigjenerues i formuluar me filtrat e sekretimit t\u00eb k\u00ebrmillit, t\u00eb njohur p\u00ebr fuqin\u00eb e tyre t\u00eb jasht\u00ebzakonshme n\u00eb rikthimin e vitalitetit t\u00eb l\u00ebkur\u00ebs. Ky krem punon n\u00eb disa nivele p\u00ebr t\u00eb p\u00ebrmir\u00ebsuar pamjen dhe sh\u00ebndetin e l\u00ebkur\u00ebs: hidraton intensivisht, p\u00ebrmir\u00ebson elasticitetin, zvog\u00eblon shenjat e akneve dhe rrudhat e imta, si dhe ndihmon n\u00eb rigjenerimin e qelizave. Tekstura e tij e pasur, por e leht\u00eb n\u00eb p\u00ebrthithje, e b\u00ebn t\u00eb p\u00ebrshtatsh\u00ebm si p\u00ebr p\u00ebrdorim profesional, ashtu edhe p\u00ebr kujdesin e p\u00ebrditsh\u00ebm n\u00eb sht\u00ebpi. Duke forcuar barrier\u00ebn mbrojt\u00ebse t\u00eb l\u00ebkur\u00ebs dhe duke reduktuar shenjat e d\u00ebmtimit, Bellmona Snail Cream rikthen shk\u00eblqimin natyror dhe nj\u00eb pamje m\u00eb t\u00eb l\u00ebmuar e rinore. Ideale p\u00ebr l\u00ebkur\u00eb t\u00eb that\u00eb, t\u00eb lodhur, me shenja post-akne ose me tendenc\u00eb plakjeje<\/p>\n","protected":false},"excerpt":{"rendered":"<p>Bellmona Snail Cream rigjeneron, hidraton dhe forcon l\u00ebkur\u00ebn, duke reduktuar rrudhat, shenjat e akneve dhe d\u00ebmtimet, p\u00ebr nj\u00eb pamje t\u00eb but\u00eb, t\u00eb l\u00ebmuar dhe rinore.<\/p>\n","protected":false},"featured_media":19071,"comment_status":"open","ping_status":"closed","template":"","meta":{"_acf_changed":false},"product_cat":[1418],"product_tag":[1026,79,80,82],"class_list":{"0":"post-19621","1":"product","2":"type-product","3":"status-publish","4":"has-post-thumbnail","6":"product_cat-krem","7":"product_tag-bellmona","8":"product_tag-akneike","9":"product_tag-e-thate","10":"product_tag-me-rrudha","11":"pa_brands-merikit","13":"first","14":"instock","15":"shipping-taxable","16":"purchasable","17":"product-type-simple","swatches":"rey-swatches","show_selected":""},"acf":[],"_links":{"self":[{"href":"https:\/\/shop.allure.al\/en\/wp-json\/wp\/v2\/product\/19621","targetHints":{"allow":["GET"]}}],"collection":[{"href":"https:\/\/shop.allure.al\/en\/wp-json\/wp\/v2\/product"}],"about":[{"href":"https:\/\/shop.allure.al\/en\/wp-json\/wp\/v2\/types\/product"}],"replies":[{"embeddable":true,"href":"https:\/\/shop.allure.al\/en\/wp-json\/wp\/v2\/comments?post=19621"}],"version-history":[{"count":1,"href":"https:\/\/shop.allure.al\/en\/wp-json\/wp\/v2\/product\/19621\/revisions"}],"predecessor-version":[{"id":19876,"href":"https:\/\/shop.allure.al\/en\/wp-json\/wp\/v2\/product\/19621\/revisions\/19876"}],"wp:featuredmedia":[{"embeddable":true,"href":"https:\/\/shop.allure.al\/en\/wp-json\/wp\/v2\/media\/19071"}],"wp:attachment":[{"href":"https:\/\/shop.allure.al\/en\/wp-json\/wp\/v2\/media?parent=19621"}],"wp:term":[{"taxonomy":"product_cat","embeddable":true,"href":"https:\/\/shop.allure.al\/en\/wp-json\/wp\/v2\/product_cat?post=19621"},{"taxonomy":"product_tag","embeddable":true,"href":"https:\/\/shop.allure.al\/en\/wp-json\/wp\/v2\/product_tag?post=19621"}],"curies":[{"name":"wp","href":"https:\/\/api.w.org\/{rel}","templated":true}]}}