{"id":19622,"date":"2026-02-17T17:48:37","date_gmt":"2026-02-17T16:48:37","guid":{"rendered":"https:\/\/shop.allure.al\/?post_type=product&#038;p=19622"},"modified":"2026-02-26T00:42:34","modified_gmt":"2026-02-25T23:42:34","slug":"multi-hydro-wine-gel","status":"publish","type":"product","link":"https:\/\/shop.allure.al\/en\/product\/multi-hydro-wine-gel\/","title":{"rendered":"Multi Hydro Wine Gel"},"content":{"rendered":"<p>Bellmona Multi Hydro Wine Gel \u00ebsht\u00eb nj\u00eb xhel hidratues dhe rikonstruktues, ideal p\u00ebr fytyr\u00eb, trup dhe skalp, i formuluar p\u00ebr t\u00eb sjell\u00eb rigjall\u00ebrim dhe qet\u00ebsi p\u00ebr l\u00ebkur\u00ebn e irrituar, t\u00eb that\u00eb ose t\u00eb prirur ndaj dermatitit, psoriasis apo ekzemave. Me ekstrakt ver\u00eb t\u00eb kuqe si p\u00ebrb\u00ebr\u00ebs kryesor, ky produkt p\u00ebrmban antioksidant\u00eb natyral\u00eb (polifenole) q\u00eb luftojn\u00eb stresin oksidativ dhe ndihmojn\u00eb n\u00eb p\u00ebrmir\u00ebsimin e elasticitetit t\u00eb l\u00ebkur\u00ebs. Farat e rrushit sigurojn\u00eb ushqim intensiv, nd\u00ebrsa p\u00ebrb\u00ebr\u00ebs t\u00eb tjer\u00eb qet\u00ebsues forcojn\u00eb barrier\u00ebn mbrojt\u00ebse t\u00eb l\u00ebkur\u00ebs dhe reduktojn\u00eb skuqjet. Tekstura e leht\u00eb, xhel-like, p\u00ebrthithet shpejt, duke ofruar hidratim t\u00eb menj\u00ebhersh\u00ebm pa l\u00ebn\u00eb ndjesi yndyrore ose film mbrojt\u00ebs t\u00eb r\u00ebnd\u00eb. Multi Hydro Wine Gel \u00ebsht\u00eb ideal p\u00ebr p\u00ebrdorim t\u00eb p\u00ebrditsh\u00ebm ose sipas nevoj\u00ebs, ve\u00e7an\u00ebrisht pas ekspozimit n\u00eb diell, larjeve t\u00eb shpeshta ose p\u00ebr trajtim suplementar n\u00eb raste me inflamacion ose irritim t\u00eb skalpit ose trupit.<\/p>\n","protected":false},"excerpt":{"rendered":"<p>Xhel hidratues me ekstrakt ver\u00eb t\u00eb kuqe dhe fara rrushi q\u00eb qet\u00ebson inflamacionin, rigjeneron l\u00ebkur\u00ebn dhe ruan elasticitetin dhe shk\u00eblqimin natyral, pa yndyr\u00eb t\u00eb tep\u00ebrt.<\/p>\n","protected":false},"featured_media":19132,"comment_status":"open","ping_status":"closed","template":"","meta":{"_acf_changed":false},"product_cat":[1419],"product_tag":[84,1026],"class_list":{"0":"post-19622","1":"product","2":"type-product","3":"status-publish","4":"has-post-thumbnail","6":"product_cat-xhel","7":"product_tag-normale","8":"product_tag-bellmona","9":"pa_brands-bellmona","11":"first","12":"instock","13":"shipping-taxable","14":"purchasable","15":"product-type-simple","swatches":"rey-swatches","show_selected":""},"acf":[],"_links":{"self":[{"href":"https:\/\/shop.allure.al\/en\/wp-json\/wp\/v2\/product\/19622","targetHints":{"allow":["GET"]}}],"collection":[{"href":"https:\/\/shop.allure.al\/en\/wp-json\/wp\/v2\/product"}],"about":[{"href":"https:\/\/shop.allure.al\/en\/wp-json\/wp\/v2\/types\/product"}],"replies":[{"embeddable":true,"href":"https:\/\/shop.allure.al\/en\/wp-json\/wp\/v2\/comments?post=19622"}],"version-history":[{"count":1,"href":"https:\/\/shop.allure.al\/en\/wp-json\/wp\/v2\/product\/19622\/revisions"}],"predecessor-version":[{"id":19638,"href":"https:\/\/shop.allure.al\/en\/wp-json\/wp\/v2\/product\/19622\/revisions\/19638"}],"wp:featuredmedia":[{"embeddable":true,"href":"https:\/\/shop.allure.al\/en\/wp-json\/wp\/v2\/media\/19132"}],"wp:attachment":[{"href":"https:\/\/shop.allure.al\/en\/wp-json\/wp\/v2\/media?parent=19622"}],"wp:term":[{"taxonomy":"product_cat","embeddable":true,"href":"https:\/\/shop.allure.al\/en\/wp-json\/wp\/v2\/product_cat?post=19622"},{"taxonomy":"product_tag","embeddable":true,"href":"https:\/\/shop.allure.al\/en\/wp-json\/wp\/v2\/product_tag?post=19622"}],"curies":[{"name":"wp","href":"https:\/\/api.w.org\/{rel}","templated":true}]}}