{"id":19623,"date":"2026-02-17T17:48:38","date_gmt":"2026-02-17T16:48:38","guid":{"rendered":"https:\/\/shop.allure.al\/?post_type=product&#038;p=19623"},"modified":"2026-02-26T00:42:33","modified_gmt":"2026-02-25T23:42:33","slug":"multi-protection-balm","status":"publish","type":"product","link":"https:\/\/shop.allure.al\/en\/product\/multi-protection-balm\/","title":{"rendered":"Multi Protection Balm"},"content":{"rendered":"<p>Merikit Multi Protection Balm \u00ebsht\u00eb nj\u00eb produkt i gjith\u00ebp\u00ebrfshirsh\u00ebm i kujdesit p\u00ebr l\u00ebkur\u00ebn q\u00eb kombinon mbrojtjen e fuqishme nga rrezet UVA dhe UVB me nj\u00eb formul\u00eb qet\u00ebsuese dhe mbuluese. Ky balm \u00ebsht\u00eb krijuar p\u00ebr t\u00eb ofruar mbrojtje maksimale p\u00ebr l\u00ebkur\u00ebn e ndjeshme, t\u00eb hapur ose t\u00eb irrituar, duke ofruar nj\u00eb ndjesi komforti q\u00eb zgjat gjith\u00eb dit\u00ebn.<\/p>\n<p>P\u00ebrve\u00e7 mbrojtjes nga dielli, ky balm ofron ushqim dhe qet\u00ebsim p\u00ebr l\u00ebkur\u00ebn e d\u00ebmtuar pas procedurave kozmetike, pas akneve apo irritimeve t\u00eb ndryshme. Ai ka nj\u00eb tekstur\u00eb t\u00eb but\u00eb dhe t\u00eb leht\u00eb, q\u00eb ofron nj\u00eb mbulim t\u00eb natyrsh\u00ebm dhe nj\u00eb ndjesi rehatie, duke e b\u00ebr\u00eb ideal p\u00ebr p\u00ebrdorim t\u00eb p\u00ebrditsh\u00ebm.<\/p>\n<p>Merikit Multi Protection Balm \u00ebsht\u00eb zgjedhja perfekte p\u00ebr ata q\u00eb k\u00ebrkojn\u00eb nj\u00eb produkt multifunksional \u2014 mbrojtje, kujdes dhe efekt cover n\u00eb nj\u00eb hap, p\u00ebr nj\u00eb l\u00ebkur\u00eb t\u00eb sh\u00ebndetshme dhe t\u00eb bukur.<\/p>\n","protected":false},"excerpt":{"rendered":"<p>Merikit Multi Protection Balm \u00ebsht\u00eb nj\u00eb krem unik q\u00eb kombinon mbrojtjen SPF me efekt qet\u00ebsues dhe mbulues. I krijuar p\u00ebr l\u00ebkur\u00eb t\u00eb irrituar dhe t\u00eb ndjeshme, ai ofron ushqim, mbrojtje dhe rehati n\u00eb nj\u00eb hap, duke siguruar nj\u00eb mbulim natyral dhe nj\u00eb ndjesi komforti gjat\u00eb gjith\u00eb dit\u00ebs.<\/p>\n","protected":false},"featured_media":19058,"comment_status":"open","ping_status":"closed","template":"","meta":{"_acf_changed":false},"product_cat":[1418],"product_tag":[79,1033,1061],"class_list":{"0":"post-19623","1":"product","2":"type-product","3":"status-publish","4":"has-post-thumbnail","6":"product_cat-krem","7":"product_tag-akneike","8":"product_tag-merikit","9":"product_tag-spf","10":"pa_brands-merikit","12":"first","13":"instock","14":"shipping-taxable","15":"purchasable","16":"product-type-simple","swatches":"rey-swatches","show_selected":""},"acf":[],"_links":{"self":[{"href":"https:\/\/shop.allure.al\/en\/wp-json\/wp\/v2\/product\/19623","targetHints":{"allow":["GET"]}}],"collection":[{"href":"https:\/\/shop.allure.al\/en\/wp-json\/wp\/v2\/product"}],"about":[{"href":"https:\/\/shop.allure.al\/en\/wp-json\/wp\/v2\/types\/product"}],"replies":[{"embeddable":true,"href":"https:\/\/shop.allure.al\/en\/wp-json\/wp\/v2\/comments?post=19623"}],"version-history":[{"count":2,"href":"https:\/\/shop.allure.al\/en\/wp-json\/wp\/v2\/product\/19623\/revisions"}],"predecessor-version":[{"id":19830,"href":"https:\/\/shop.allure.al\/en\/wp-json\/wp\/v2\/product\/19623\/revisions\/19830"}],"wp:featuredmedia":[{"embeddable":true,"href":"https:\/\/shop.allure.al\/en\/wp-json\/wp\/v2\/media\/19058"}],"wp:attachment":[{"href":"https:\/\/shop.allure.al\/en\/wp-json\/wp\/v2\/media?parent=19623"}],"wp:term":[{"taxonomy":"product_cat","embeddable":true,"href":"https:\/\/shop.allure.al\/en\/wp-json\/wp\/v2\/product_cat?post=19623"},{"taxonomy":"product_tag","embeddable":true,"href":"https:\/\/shop.allure.al\/en\/wp-json\/wp\/v2\/product_tag?post=19623"}],"curies":[{"name":"wp","href":"https:\/\/api.w.org\/{rel}","templated":true}]}}