{"id":19624,"date":"2026-02-17T17:48:38","date_gmt":"2026-02-17T16:48:38","guid":{"rendered":"https:\/\/shop.allure.al\/?post_type=product&#038;p=19624"},"modified":"2026-02-26T00:43:35","modified_gmt":"2026-02-25T23:43:35","slug":"o2-mask-cleanser","status":"publish","type":"product","link":"https:\/\/shop.allure.al\/en\/product\/o2-mask-cleanser\/","title":{"rendered":"O2 Mask Cleanser"},"content":{"rendered":"<p>Merikit O\u2082 Mask Cleanser \u00ebsht\u00eb nj\u00eb pastrues revolucionar q\u00eb aktivizohet n\u00eb kontakt me l\u00ebkur\u00ebn duke \u00e7liruar flluska mikroskopike oksigjeni \u2014 nj\u00eb eksperienc\u00eb pastrimi dhe rigjall\u00ebrimi q\u00eb tejkalon \u00e7do pritshm\u00ebri. Ky cleanser unik transformohet nga nj\u00eb formul\u00eb kremoze n\u00eb nj\u00eb mask\u00eb me efekt \u201coxygen bubble\u201d, q\u00eb pastron n\u00eb thell\u00ebsi, p\u00ebrmir\u00ebson mikrocirkulimin dhe ringjall menj\u00ebher\u00eb pamjen e l\u00ebkur\u00ebs.<\/p>\n<p>Formuluar me Vitamin\u00eb C, ekstrakt qum\u00ebshti dhe enzima natyrale, ai ndihmon n\u00eb detoksifikimin e poreve, zbehjen e shenjave t\u00eb lodhjes dhe ndri\u00e7imin e tonit t\u00eb l\u00ebkur\u00ebs. Ekstrakti i qum\u00ebshtit ofron but\u00ebsi dhe ushqim t\u00eb menj\u00ebhersh\u00ebm, nd\u00ebrsa Vitamin\u00eb C vepron si antioksidant i fuqish\u00ebm q\u00eb mbron qelizat nga stresi oksidativ dhe ndotja mjedisore.<\/p>\n<p>P\u00ebr t\u2019i dh\u00ebn\u00eb l\u00ebkur\u00ebs nj\u00eb ndjesi t\u00eb plot\u00eb freskie dhe balancimi, formula p\u00ebrfshin gjithashtu Panthenol (Vitamina B5), Allantoin, dhe ekstrakt \u00e7aji jeshil, t\u00eb cilat qet\u00ebsojn\u00eb, hidratojn\u00eb dhe ndihmojn\u00eb rigjenerimin qelizor. L\u00ebkura ndihet m\u00eb e past\u00ebr, m\u00eb e but\u00eb dhe duksh\u00ebm m\u00eb e ndritshme pas \u00e7do p\u00ebrdorimi.<\/p>\n<p>Ky pastrues inteligjent \u00ebsht\u00eb ideal p\u00ebr l\u00ebkura t\u00eb lodhura, t\u00eb zbehta ose t\u00eb ndotura nga faktor\u00ebt urban\u00eb. Ai mund t\u00eb p\u00ebrdoret si mask\u00eb oksigjenuese disa her\u00eb n\u00eb jav\u00eb p\u00ebr nj\u00eb efekt detox dhe energjizues.<\/p>\n","protected":false},"excerpt":{"rendered":"<p>Nj\u00eb pastrues oksigjenues luksoz q\u00eb ndihmon l\u00ebkur\u00ebn t\u00eb \u201cmarr\u00eb frym\u00eb\u201d s\u00ebrish. Me Vitamin\u00eb C, ekstrakt qum\u00ebshti dhe Panthenol, ky cleanser ndri\u00e7on, pastron dhe rigjall\u00ebron l\u00ebkur\u00ebn duke i dh\u00ebn\u00eb nj\u00eb shk\u00eblqim natyral dhe t\u00eb sh\u00ebndetsh\u00ebm.<\/p>\n","protected":false},"featured_media":18152,"comment_status":"open","ping_status":"closed","template":"","meta":{"_acf_changed":false},"product_cat":[250],"product_tag":[84,1033,1034],"class_list":{"0":"post-19624","1":"product","2":"type-product","3":"status-publish","4":"has-post-thumbnail","6":"product_cat-lares","7":"product_tag-normale","8":"product_tag-merikit","9":"product_tag-lares","10":"pa_brands-merikit","12":"first","13":"instock","14":"shipping-taxable","15":"purchasable","16":"product-type-simple","swatches":"rey-swatches","show_selected":""},"acf":[],"_links":{"self":[{"href":"https:\/\/shop.allure.al\/en\/wp-json\/wp\/v2\/product\/19624","targetHints":{"allow":["GET"]}}],"collection":[{"href":"https:\/\/shop.allure.al\/en\/wp-json\/wp\/v2\/product"}],"about":[{"href":"https:\/\/shop.allure.al\/en\/wp-json\/wp\/v2\/types\/product"}],"replies":[{"embeddable":true,"href":"https:\/\/shop.allure.al\/en\/wp-json\/wp\/v2\/comments?post=19624"}],"version-history":[{"count":3,"href":"https:\/\/shop.allure.al\/en\/wp-json\/wp\/v2\/product\/19624\/revisions"}],"predecessor-version":[{"id":19825,"href":"https:\/\/shop.allure.al\/en\/wp-json\/wp\/v2\/product\/19624\/revisions\/19825"}],"wp:featuredmedia":[{"embeddable":true,"href":"https:\/\/shop.allure.al\/en\/wp-json\/wp\/v2\/media\/18152"}],"wp:attachment":[{"href":"https:\/\/shop.allure.al\/en\/wp-json\/wp\/v2\/media?parent=19624"}],"wp:term":[{"taxonomy":"product_cat","embeddable":true,"href":"https:\/\/shop.allure.al\/en\/wp-json\/wp\/v2\/product_cat?post=19624"},{"taxonomy":"product_tag","embeddable":true,"href":"https:\/\/shop.allure.al\/en\/wp-json\/wp\/v2\/product_tag?post=19624"}],"curies":[{"name":"wp","href":"https:\/\/api.w.org\/{rel}","templated":true}]}}