{"id":19625,"date":"2026-02-17T17:48:38","date_gmt":"2026-02-17T16:48:38","guid":{"rendered":"https:\/\/shop.allure.al\/?post_type=product&#038;p=19625"},"modified":"2026-02-26T00:43:34","modified_gmt":"2026-02-25T23:43:34","slug":"one-point-cleansing-oil","status":"publish","type":"product","link":"https:\/\/shop.allure.al\/en\/product\/one-point-cleansing-oil\/","title":{"rendered":"One Point Cleansing Oil"},"content":{"rendered":"<p>One Point Cleansing Oil Merikit \u00ebsht\u00eb nj\u00eb vaj i jasht\u00ebzakonsh\u00ebm q\u00eb i bashkon fuqit\u00eb e past\u00ebrtis\u00eb s\u00eb vajit t\u00eb trajtuar me ujin. N\u00eb momentin e aplikimit, ai transformohet n\u00eb nj\u00eb formul\u00eb t\u00eb but\u00eb q\u00eb vepron n\u00eb m\u00ebnyr\u00eb t\u00eb shpejt\u00eb dhe efektive, duke larguar \u00e7do grim\u00eb makuapi, papast\u00ebrti apo ndotje t\u00eb ambientit. Nje pastrues i mrekullueshm, nuk i zgjeron poret dhe nuk shkakton probleme t\u00eb tjera gjat\u00eb p\u00ebrdorimit, duke e mbajtur l\u00ebkur\u00ebn t\u00eb past\u00ebr, t\u00eb qet\u00eb dhe t\u00eb ekuilibruar pa asnj\u00eb iritim. Me nj\u00eb formul\u00eb shum\u00eb t\u00eb pasur dhe t\u00eb but\u00eb, ai nxit nj\u00eb ndjesi freskie dhe sh\u00ebndeti t\u00eb plot\u00eb p\u00ebr l\u00ebkur\u00ebn tuaj, duke e b\u00ebr\u00eb ritualin e pastrimit t\u00eb nj\u00eb momenti relaksi dhe kujdesi t\u00eb ve\u00e7ant\u00eb.<\/p>\n","protected":false},"excerpt":{"rendered":"<p>Lares I fuqizuar p\u00ebr ta b\u00ebr\u00eb l\u00ebkur\u00ebn t\u00eb past\u00ebr pa irritim, pa zgjeruar poret. Nj\u00eb ritual delikat dhe efektiv q\u00eb eliminon makuapin n\u00eb m\u00ebnyr\u00eb t\u00eb plot\u00eb dhe sfidat e l\u00ebkur\u00ebs tuaj.<\/p>\n","protected":false},"featured_media":19109,"comment_status":"open","ping_status":"closed","template":"","meta":{"_acf_changed":false},"product_cat":[250],"product_tag":[84,1033],"class_list":{"0":"post-19625","1":"product","2":"type-product","3":"status-publish","4":"has-post-thumbnail","6":"product_cat-lares","7":"product_tag-normale","8":"product_tag-merikit","9":"pa_brands-merikit","11":"first","12":"instock","13":"shipping-taxable","14":"purchasable","15":"product-type-simple","swatches":"rey-swatches","show_selected":""},"acf":[],"_links":{"self":[{"href":"https:\/\/shop.allure.al\/en\/wp-json\/wp\/v2\/product\/19625","targetHints":{"allow":["GET"]}}],"collection":[{"href":"https:\/\/shop.allure.al\/en\/wp-json\/wp\/v2\/product"}],"about":[{"href":"https:\/\/shop.allure.al\/en\/wp-json\/wp\/v2\/types\/product"}],"replies":[{"embeddable":true,"href":"https:\/\/shop.allure.al\/en\/wp-json\/wp\/v2\/comments?post=19625"}],"version-history":[{"count":1,"href":"https:\/\/shop.allure.al\/en\/wp-json\/wp\/v2\/product\/19625\/revisions"}],"predecessor-version":[{"id":19662,"href":"https:\/\/shop.allure.al\/en\/wp-json\/wp\/v2\/product\/19625\/revisions\/19662"}],"wp:featuredmedia":[{"embeddable":true,"href":"https:\/\/shop.allure.al\/en\/wp-json\/wp\/v2\/media\/19109"}],"wp:attachment":[{"href":"https:\/\/shop.allure.al\/en\/wp-json\/wp\/v2\/media?parent=19625"}],"wp:term":[{"taxonomy":"product_cat","embeddable":true,"href":"https:\/\/shop.allure.al\/en\/wp-json\/wp\/v2\/product_cat?post=19625"},{"taxonomy":"product_tag","embeddable":true,"href":"https:\/\/shop.allure.al\/en\/wp-json\/wp\/v2\/product_tag?post=19625"}],"curies":[{"name":"wp","href":"https:\/\/api.w.org\/{rel}","templated":true}]}}