{"id":19626,"date":"2026-02-17T17:48:38","date_gmt":"2026-02-17T16:48:38","guid":{"rendered":"https:\/\/shop.allure.al\/product\/holdin-time-snail-serum\/"},"modified":"2026-02-26T00:43:33","modified_gmt":"2026-02-25T23:43:33","slug":"holdin-time-snail-serum","status":"publish","type":"product","link":"https:\/\/shop.allure.al\/en\/product\/holdin-time-snail-serum\/","title":{"rendered":"Holding Time Snail Serum"},"content":{"rendered":"<p>Bellmona Holding Time Snail Serum \u00ebsht\u00eb nj\u00eb serum intensiv anti-plakje me ekstrakt t\u00eb lart\u00eb t\u00eb sekretimit t\u00eb k\u00ebrmillit. Akredituar si produkt kund\u00ebr rrudhave dhe zbardos\u00ebs, ky serum ushqen, hidraton dhe revitalizon l\u00ebkur\u00ebn, duke i dh\u00ebn\u00eb firmness dhe shk\u00eblqim natyral.<\/p>\n","protected":false},"excerpt":{"rendered":"<p>Serum intensiv anti-plakje me Snail Secretion Filtrate dhe EGF.<\/p>\n","protected":false},"featured_media":19036,"comment_status":"open","ping_status":"closed","template":"","meta":{"_acf_changed":false},"product_cat":[254],"product_tag":[82,1026],"class_list":{"0":"post-19626","1":"product","2":"type-product","3":"status-publish","4":"has-post-thumbnail","6":"product_cat-serum","7":"product_tag-me-rrudha","8":"product_tag-bellmona","9":"pa_brands-merikit","11":"first","12":"instock","13":"shipping-taxable","14":"purchasable","15":"product-type-simple","swatches":"rey-swatches","show_selected":""},"acf":[],"_links":{"self":[{"href":"https:\/\/shop.allure.al\/en\/wp-json\/wp\/v2\/product\/19626","targetHints":{"allow":["GET"]}}],"collection":[{"href":"https:\/\/shop.allure.al\/en\/wp-json\/wp\/v2\/product"}],"about":[{"href":"https:\/\/shop.allure.al\/en\/wp-json\/wp\/v2\/types\/product"}],"replies":[{"embeddable":true,"href":"https:\/\/shop.allure.al\/en\/wp-json\/wp\/v2\/comments?post=19626"}],"version-history":[{"count":2,"href":"https:\/\/shop.allure.al\/en\/wp-json\/wp\/v2\/product\/19626\/revisions"}],"predecessor-version":[{"id":19877,"href":"https:\/\/shop.allure.al\/en\/wp-json\/wp\/v2\/product\/19626\/revisions\/19877"}],"wp:featuredmedia":[{"embeddable":true,"href":"https:\/\/shop.allure.al\/en\/wp-json\/wp\/v2\/media\/19036"}],"wp:attachment":[{"href":"https:\/\/shop.allure.al\/en\/wp-json\/wp\/v2\/media?parent=19626"}],"wp:term":[{"taxonomy":"product_cat","embeddable":true,"href":"https:\/\/shop.allure.al\/en\/wp-json\/wp\/v2\/product_cat?post=19626"},{"taxonomy":"product_tag","embeddable":true,"href":"https:\/\/shop.allure.al\/en\/wp-json\/wp\/v2\/product_tag?post=19626"}],"curies":[{"name":"wp","href":"https:\/\/api.w.org\/{rel}","templated":true}]}}