{"id":19629,"date":"2026-02-17T17:48:41","date_gmt":"2026-02-17T16:48:41","guid":{"rendered":"https:\/\/shop.allure.al\/product\/light-massage-cream\/"},"modified":"2026-02-26T00:42:32","modified_gmt":"2026-02-25T23:42:32","slug":"light-massage-cream","status":"publish","type":"product","link":"https:\/\/shop.allure.al\/en\/product\/light-massage-cream\/","title":{"rendered":"Light Massage Cream"},"content":{"rendered":"<p>Bellmona Light Massage Cream \u00ebsht\u00eb nj\u00eb krem masazhi me tekstur\u00eb t\u00eb leht\u00eb dhe formul\u00eb hidratuese. I p\u00ebrshtatsh\u00ebm p\u00ebr masazh facial dhe trupor, ky krem rr\u00ebshqet but\u00ebsisht mbi l\u00ebkur\u00eb duke ushqyer, qet\u00ebsuar dhe rigjall\u00ebruar. Nuk l\u00eb mbetje yndyrore dhe thithet plot\u00ebsisht pas masazhit.<\/p>\n","protected":false},"excerpt":{"rendered":"<p>Krem masazhi me tekstur\u00eb t\u00eb leht\u00eb p\u00ebr fytyr\u00eb dhe trup.<\/p>\n","protected":false},"featured_media":19029,"comment_status":"open","ping_status":"closed","template":"","meta":{"_acf_changed":false},"product_cat":[1418],"product_tag":[84,1026],"class_list":{"0":"post-19629","1":"product","2":"type-product","3":"status-publish","4":"has-post-thumbnail","6":"product_cat-krem","7":"product_tag-normale","8":"product_tag-bellmona","9":"pa_brands-merikit","11":"first","12":"instock","13":"shipping-taxable","14":"purchasable","15":"product-type-simple","swatches":"rey-swatches","show_selected":""},"acf":[],"_links":{"self":[{"href":"https:\/\/shop.allure.al\/en\/wp-json\/wp\/v2\/product\/19629","targetHints":{"allow":["GET"]}}],"collection":[{"href":"https:\/\/shop.allure.al\/en\/wp-json\/wp\/v2\/product"}],"about":[{"href":"https:\/\/shop.allure.al\/en\/wp-json\/wp\/v2\/types\/product"}],"replies":[{"embeddable":true,"href":"https:\/\/shop.allure.al\/en\/wp-json\/wp\/v2\/comments?post=19629"}],"version-history":[{"count":3,"href":"https:\/\/shop.allure.al\/en\/wp-json\/wp\/v2\/product\/19629\/revisions"}],"predecessor-version":[{"id":19878,"href":"https:\/\/shop.allure.al\/en\/wp-json\/wp\/v2\/product\/19629\/revisions\/19878"}],"wp:featuredmedia":[{"embeddable":true,"href":"https:\/\/shop.allure.al\/en\/wp-json\/wp\/v2\/media\/19029"}],"wp:attachment":[{"href":"https:\/\/shop.allure.al\/en\/wp-json\/wp\/v2\/media?parent=19629"}],"wp:term":[{"taxonomy":"product_cat","embeddable":true,"href":"https:\/\/shop.allure.al\/en\/wp-json\/wp\/v2\/product_cat?post=19629"},{"taxonomy":"product_tag","embeddable":true,"href":"https:\/\/shop.allure.al\/en\/wp-json\/wp\/v2\/product_tag?post=19629"}],"curies":[{"name":"wp","href":"https:\/\/api.w.org\/{rel}","templated":true}]}}