{"id":19630,"date":"2026-02-17T17:48:42","date_gmt":"2026-02-17T16:48:42","guid":{"rendered":"https:\/\/shop.allure.al\/product\/line-up-gel\/"},"modified":"2026-02-26T00:42:31","modified_gmt":"2026-02-25T23:42:31","slug":"line-up-gel","status":"publish","type":"product","link":"https:\/\/shop.allure.al\/en\/product\/line-up-gel\/","title":{"rendered":"Line Up Gel"},"content":{"rendered":"<p>Line Up Gel eshte nje xhel i avancuar tonifikues dhe lifting, i formuluar per te forcuar konturat e fytyr\u00ebs dhe per te dhene efekt t\u00eb duksh\u00ebm tensionues. Perberesit aktive si DMAE, kolagjeni i hidroludhur dhe ekstraktet bimore veprojne sinergjiikisht per te shtrenguar lekuren e lirshme dhe per te rifituar linjet e humbura te fytyr\u00ebs. Tekstura e tij e lehte si xhel thithet menjehere pas aplikimit, duke lene nje ndjesi t\u00eb tensionuar dhe te fresket mbi lekure. I pershtatsh\u00ebm si trajtim kuje intensiv ne zonat e barkut, qaf\u00ebs dhe faqeve, ku tonifikimi eshte me i nevojsh\u00ebm. Perdorimi i rregullt sjell nje pamje vizualisht me te rinjtesuar dhe konturat me te percaktuara.<\/p>\n","protected":false},"excerpt":{"rendered":"<p><span dir=\"ltr\" role=\"presentation\">Kjo linj\u00eb qet\u00ebsuese dhe rigjall\u00ebruese e kujdesit t\u00eb l\u00ebkur\u00ebs hidraton fytyr\u00ebn dhe jep <\/span><span dir=\"ltr\" role=\"presentation\">nj\u00eb p\u00ebrfundim freskues dhe qet\u00ebsues n\u00eb l\u00ebkur\u00ebn e ndjeshme. Tekstura jo ngjit\u00ebse <\/span><span dir=\"ltr\" role=\"presentation\">\u00ebsht\u00eb shum\u00eb e p\u00ebrshtatshme dhe p\u00ebr l\u00ebkur\u00ebn e yndyrshme me prodhim t\u00eb tep\u00ebrt <\/span><span dir=\"ltr\" role=\"presentation\">sebumi.<\/span><br role=\"presentation\" \/><span dir=\"ltr\" role=\"presentation\">Seria Ac Infusion nuk bllokon poret, heq n\u00eb m\u00ebnyr\u00eb efektive produktet e kozmetik\u00ebs <\/span><span dir=\"ltr\" role=\"presentation\">t\u00eb pap\u00ebrshkrueshme nga uji, si dhe qelizat e vdekura t\u00eb l\u00ebkur\u00ebs. Kjo linj\u00eb <\/span><span dir=\"ltr\" role=\"presentation\">p\u00ebrmir\u00ebson tonalitetin, rikthen gjall\u00ebrin\u00eb dhe lag\u00ebshtin\u00eb n\u00eb l\u00ebkur\u00eb. Linja \u00ebsht\u00eb e <\/span><span dir=\"ltr\" role=\"presentation\">mbushur me p\u00ebrb\u00ebr\u00ebs natyral\u00eb duke p\u00ebrfshir\u00eb lulen e kamomilit, brokolin dhe <\/span><span dir=\"ltr\" role=\"presentation\">ekstraktin e veshtullit.<\/span><\/p>\n","protected":false},"featured_media":19152,"comment_status":"open","ping_status":"closed","template":"","meta":{"_acf_changed":false},"product_cat":[1419],"product_tag":[81,84,94,106],"class_list":{"0":"post-19630","1":"product","2":"type-product","3":"status-publish","4":"has-post-thumbnail","6":"product_cat-xhel","7":"product_tag-hiperpigmentim","8":"product_tag-normale","9":"product_tag-e-yndyrshme","10":"product_tag-pa-shkelqim","11":"pa_brands-merikit","13":"first","14":"instock","15":"shipping-taxable","16":"purchasable","17":"product-type-simple","swatches":"rey-swatches","show_selected":""},"acf":[],"_links":{"self":[{"href":"https:\/\/shop.allure.al\/en\/wp-json\/wp\/v2\/product\/19630","targetHints":{"allow":["GET"]}}],"collection":[{"href":"https:\/\/shop.allure.al\/en\/wp-json\/wp\/v2\/product"}],"about":[{"href":"https:\/\/shop.allure.al\/en\/wp-json\/wp\/v2\/types\/product"}],"replies":[{"embeddable":true,"href":"https:\/\/shop.allure.al\/en\/wp-json\/wp\/v2\/comments?post=19630"}],"version-history":[{"count":2,"href":"https:\/\/shop.allure.al\/en\/wp-json\/wp\/v2\/product\/19630\/revisions"}],"predecessor-version":[{"id":19787,"href":"https:\/\/shop.allure.al\/en\/wp-json\/wp\/v2\/product\/19630\/revisions\/19787"}],"wp:featuredmedia":[{"embeddable":true,"href":"https:\/\/shop.allure.al\/en\/wp-json\/wp\/v2\/media\/19152"}],"wp:attachment":[{"href":"https:\/\/shop.allure.al\/en\/wp-json\/wp\/v2\/media?parent=19630"}],"wp:term":[{"taxonomy":"product_cat","embeddable":true,"href":"https:\/\/shop.allure.al\/en\/wp-json\/wp\/v2\/product_cat?post=19630"},{"taxonomy":"product_tag","embeddable":true,"href":"https:\/\/shop.allure.al\/en\/wp-json\/wp\/v2\/product_tag?post=19630"}],"curies":[{"name":"wp","href":"https:\/\/api.w.org\/{rel}","templated":true}]}}