{"id":19635,"date":"2026-02-17T17:48:47","date_gmt":"2026-02-17T16:48:47","guid":{"rendered":"https:\/\/shop.allure.al\/product\/moisture-body-cool-lotion\/"},"modified":"2026-02-26T00:42:30","modified_gmt":"2026-02-25T23:42:30","slug":"moisture-body-cool-lotion","status":"publish","type":"product","link":"https:\/\/shop.allure.al\/en\/product\/moisture-body-cool-lotion\/","title":{"rendered":"Moisture Body Cool Lotion"},"content":{"rendered":"<p>Moisture Body Cool Lotion eshte nje locion trupi me efekt ftohes dhe hidratues, i formuluar per te dhene rehatesi te menjehershme lekures se trupit pas ekspozimit ne diell, aktivitetit fizik apo ne ditet e nxehta te veres. Formula e tij me efekt ice-cooling aktivizohet ne kontakt me lekuren, duke ofruar nje ndjesi refreshing qe qeteson edhe lekuren me te ndjeshme. Acidi hialuronik dhe mente natyrale punojne se bashku per te hidratuar dhe fresket lekuren duke e lene te bute dhe te re-v\u00ebll\u00ebzuar gjate gjithe dites. Thithet lehte pa lene ndjesi yndyrore, duke e bere ideal per perdorim pas dushit ose si rehate e shpejte gjate dites. I pershtatsh\u00ebm per te gjitha llojet e lekures se trupit, perfshirese edhe lekuren e ndjeshme.<\/p>\n","protected":false},"excerpt":{"rendered":"<p><span dir=\"ltr\" role=\"presentation\">Kjo linj\u00eb qet\u00ebsuese dhe rigjall\u00ebruese e kujdesit t\u00eb l\u00ebkur\u00ebs hidraton fytyr\u00ebn dhe jep <\/span><span dir=\"ltr\" role=\"presentation\">nj\u00eb p\u00ebrfundim freskues dhe qet\u00ebsues n\u00eb l\u00ebkur\u00ebn e ndjeshme. Tekstura jo ngjit\u00ebse <\/span><span dir=\"ltr\" role=\"presentation\">\u00ebsht\u00eb shum\u00eb e p\u00ebrshtatshme dhe p\u00ebr l\u00ebkur\u00ebn e yndyrshme me prodhim t\u00eb tep\u00ebrt <\/span><span dir=\"ltr\" role=\"presentation\">sebumi.<\/span><br role=\"presentation\" \/><span dir=\"ltr\" role=\"presentation\">Seria Ac Infusion nuk bllokon poret, heq n\u00eb m\u00ebnyr\u00eb efektive produktet e kozmetik\u00ebs <\/span><span dir=\"ltr\" role=\"presentation\">t\u00eb pap\u00ebrshkrueshme nga uji, si dhe qelizat e vdekura t\u00eb l\u00ebkur\u00ebs. Kjo linj\u00eb <\/span><span dir=\"ltr\" role=\"presentation\">p\u00ebrmir\u00ebson tonalitetin, rikthen gjall\u00ebrin\u00eb dhe lag\u00ebshtin\u00eb n\u00eb l\u00ebkur\u00eb. Linja \u00ebsht\u00eb e <\/span><span dir=\"ltr\" role=\"presentation\">mbushur me p\u00ebrb\u00ebr\u00ebs natyral\u00eb duke p\u00ebrfshir\u00eb lulen e kamomilit, brokolin dhe <\/span><span dir=\"ltr\" role=\"presentation\">ekstraktin e veshtullit.<\/span><\/p>\n","protected":false},"featured_media":19153,"comment_status":"open","ping_status":"closed","template":"","meta":{"_acf_changed":false},"product_cat":[1418],"product_tag":[106,81,84,94],"class_list":{"0":"post-19635","1":"product","2":"type-product","3":"status-publish","4":"has-post-thumbnail","6":"product_cat-krem","7":"product_tag-pa-shkelqim","8":"product_tag-hiperpigmentim","9":"product_tag-normale","10":"product_tag-e-yndyrshme","11":"pa_brands-merikit","13":"first","14":"instock","15":"shipping-taxable","16":"purchasable","17":"product-type-simple","swatches":"rey-swatches","show_selected":""},"acf":[],"_links":{"self":[{"href":"https:\/\/shop.allure.al\/en\/wp-json\/wp\/v2\/product\/19635","targetHints":{"allow":["GET"]}}],"collection":[{"href":"https:\/\/shop.allure.al\/en\/wp-json\/wp\/v2\/product"}],"about":[{"href":"https:\/\/shop.allure.al\/en\/wp-json\/wp\/v2\/types\/product"}],"replies":[{"embeddable":true,"href":"https:\/\/shop.allure.al\/en\/wp-json\/wp\/v2\/comments?post=19635"}],"version-history":[{"count":2,"href":"https:\/\/shop.allure.al\/en\/wp-json\/wp\/v2\/product\/19635\/revisions"}],"predecessor-version":[{"id":19786,"href":"https:\/\/shop.allure.al\/en\/wp-json\/wp\/v2\/product\/19635\/revisions\/19786"}],"wp:featuredmedia":[{"embeddable":true,"href":"https:\/\/shop.allure.al\/en\/wp-json\/wp\/v2\/media\/19153"}],"wp:attachment":[{"href":"https:\/\/shop.allure.al\/en\/wp-json\/wp\/v2\/media?parent=19635"}],"wp:term":[{"taxonomy":"product_cat","embeddable":true,"href":"https:\/\/shop.allure.al\/en\/wp-json\/wp\/v2\/product_cat?post=19635"},{"taxonomy":"product_tag","embeddable":true,"href":"https:\/\/shop.allure.al\/en\/wp-json\/wp\/v2\/product_tag?post=19635"}],"curies":[{"name":"wp","href":"https:\/\/api.w.org\/{rel}","templated":true}]}}