{"id":19636,"date":"2026-02-17T17:48:48","date_gmt":"2026-02-17T16:48:48","guid":{"rendered":"https:\/\/shop.allure.al\/product\/multi-campo-ampoule\/"},"modified":"2026-02-26T00:43:31","modified_gmt":"2026-02-25T23:43:31","slug":"multi-campo-ampoule","status":"publish","type":"product","link":"https:\/\/shop.allure.al\/en\/product\/multi-campo-ampoule\/","title":{"rendered":"Multi Campo Ampoule"},"content":{"rendered":"<p>Ampul\u00eb kampho Merikit me efekte antibakteriale, antiseptike dhe qet\u00ebsuese, e ideuar posa\u00e7\u00ebrisht p\u00ebr l\u00ebkur\u00ebn problematike dhe skleroze. Kampho natyral pastron thell\u00eb poret, redukton inflamacionin dhe frenon rritjen e baktereve shkaktuese t\u00eb pu\u00e7rrave, nd\u00ebrkoh\u00eb q\u00eb rH-Oligopeptide-1 (EGF) nxit rigjenerimin e shpejt\u00eb t\u00eb qelizave t\u00eb d\u00ebmtuara. Arbutina ndri\u00e7on njollat post-akne dhe unifikon tonin e l\u00ebkur\u00ebs pas trajtimit. Ideal si trajtim intensiv rregullator para procedurave estetike.<\/p>\n","protected":false},"excerpt":{"rendered":"<p>Ampul\u00eb kampho antibakteriale me EGF dhe Arbutin\u00eb. Pastron poret, redukton pu\u00e7rrat dhe njollat post-akne dhe nxit rigjenerimin e l\u00ebkur\u00ebs problematike.<\/p>\n","protected":false},"featured_media":19055,"comment_status":"open","ping_status":"closed","template":"","meta":{"_acf_changed":false},"product_cat":[253],"product_tag":[79,82,85,1033],"class_list":{"0":"post-19636","1":"product","2":"type-product","3":"status-publish","4":"has-post-thumbnail","6":"product_cat-ampule","7":"product_tag-akneike","8":"product_tag-me-rrudha","9":"product_tag-problematike","10":"product_tag-merikit","11":"pa_brands-merikit","13":"first","14":"instock","15":"shipping-taxable","16":"purchasable","17":"product-type-simple","swatches":"rey-swatches","show_selected":""},"acf":[],"_links":{"self":[{"href":"https:\/\/shop.allure.al\/en\/wp-json\/wp\/v2\/product\/19636","targetHints":{"allow":["GET"]}}],"collection":[{"href":"https:\/\/shop.allure.al\/en\/wp-json\/wp\/v2\/product"}],"about":[{"href":"https:\/\/shop.allure.al\/en\/wp-json\/wp\/v2\/types\/product"}],"replies":[{"embeddable":true,"href":"https:\/\/shop.allure.al\/en\/wp-json\/wp\/v2\/comments?post=19636"}],"version-history":[{"count":2,"href":"https:\/\/shop.allure.al\/en\/wp-json\/wp\/v2\/product\/19636\/revisions"}],"predecessor-version":[{"id":19809,"href":"https:\/\/shop.allure.al\/en\/wp-json\/wp\/v2\/product\/19636\/revisions\/19809"}],"wp:featuredmedia":[{"embeddable":true,"href":"https:\/\/shop.allure.al\/en\/wp-json\/wp\/v2\/media\/19055"}],"wp:attachment":[{"href":"https:\/\/shop.allure.al\/en\/wp-json\/wp\/v2\/media?parent=19636"}],"wp:term":[{"taxonomy":"product_cat","embeddable":true,"href":"https:\/\/shop.allure.al\/en\/wp-json\/wp\/v2\/product_cat?post=19636"},{"taxonomy":"product_tag","embeddable":true,"href":"https:\/\/shop.allure.al\/en\/wp-json\/wp\/v2\/product_tag?post=19636"}],"curies":[{"name":"wp","href":"https:\/\/api.w.org\/{rel}","templated":true}]}}