{"id":19637,"date":"2026-02-17T17:48:49","date_gmt":"2026-02-17T16:48:49","guid":{"rendered":"https:\/\/shop.allure.al\/product\/multi-hydro-gel\/"},"modified":"2026-02-26T00:42:28","modified_gmt":"2026-02-25T23:42:28","slug":"multi-hydro-gel","status":"publish","type":"product","link":"https:\/\/shop.allure.al\/en\/product\/multi-hydro-gel\/","title":{"rendered":"Multi Hydro Gel"},"content":{"rendered":"<p>Ampul\u00eb hidrogel me hidratim intensive Merikit, e formuluar p\u00ebr t\u00eb riplot\u00ebsuar rezervat e lag\u00ebshtis\u00eb n\u00eb l\u00ebkur\u00ebn e dehidratuar dhe t\u00eb lodhur. Formula e pasur me ekstrakt t\u00ebrsh\u00ebre (qet\u00ebsuese dhe hidratuese), ekstrakt l\u00ebvore shelgu t\u00eb bardh\u00eb (eksfoljues i but\u00eb) dhe rH-Oligopeptide-1 (EGF) ofron hidratim t\u00eb thell\u00eb dhe t\u00eb q\u00ebndruesh\u00ebm, nd\u00ebrkoh\u00eb q\u00eb p\u00ebrmir\u00ebson tekstur\u00ebn dhe elasticitetin e l\u00ebkur\u00ebs. Tekstura e leht\u00eb e hidrogjelit thithet shpejt pa l\u00ebn\u00eb mbetje. Ideal si baz\u00eb para maskave dhe trajtimeve estetike me aparatura.<\/p>\n","protected":false},"excerpt":{"rendered":"<p>Ampul\u00eb hidrogel me hidratim intensiv, ekstrakt t\u00ebrsh\u00ebre dhe EGF. Riplots menj\u00ebher\u00eb lag\u00ebshtin\u00eb dhe p\u00ebrmir\u00ebson elasticitetin e l\u00ebkur\u00ebs s\u00eb dehidratuar.<\/p>\n","protected":false},"featured_media":19056,"comment_status":"open","ping_status":"closed","template":"","meta":{"_acf_changed":false},"product_cat":[1419],"product_tag":[1033,82],"class_list":{"0":"post-19637","1":"product","2":"type-product","3":"status-publish","4":"has-post-thumbnail","6":"product_cat-xhel","7":"product_tag-merikit","8":"product_tag-me-rrudha","9":"pa_brands-merikit","11":"first","12":"instock","13":"shipping-taxable","14":"purchasable","15":"product-type-simple","swatches":"rey-swatches","show_selected":""},"acf":[],"_links":{"self":[{"href":"https:\/\/shop.allure.al\/en\/wp-json\/wp\/v2\/product\/19637","targetHints":{"allow":["GET"]}}],"collection":[{"href":"https:\/\/shop.allure.al\/en\/wp-json\/wp\/v2\/product"}],"about":[{"href":"https:\/\/shop.allure.al\/en\/wp-json\/wp\/v2\/types\/product"}],"replies":[{"embeddable":true,"href":"https:\/\/shop.allure.al\/en\/wp-json\/wp\/v2\/comments?post=19637"}],"version-history":[{"count":2,"href":"https:\/\/shop.allure.al\/en\/wp-json\/wp\/v2\/product\/19637\/revisions"}],"predecessor-version":[{"id":19808,"href":"https:\/\/shop.allure.al\/en\/wp-json\/wp\/v2\/product\/19637\/revisions\/19808"}],"wp:featuredmedia":[{"embeddable":true,"href":"https:\/\/shop.allure.al\/en\/wp-json\/wp\/v2\/media\/19056"}],"wp:attachment":[{"href":"https:\/\/shop.allure.al\/en\/wp-json\/wp\/v2\/media?parent=19637"}],"wp:term":[{"taxonomy":"product_cat","embeddable":true,"href":"https:\/\/shop.allure.al\/en\/wp-json\/wp\/v2\/product_cat?post=19637"},{"taxonomy":"product_tag","embeddable":true,"href":"https:\/\/shop.allure.al\/en\/wp-json\/wp\/v2\/product_tag?post=19637"}],"curies":[{"name":"wp","href":"https:\/\/api.w.org\/{rel}","templated":true}]}}