{"id":19639,"date":"2026-02-17T17:48:51","date_gmt":"2026-02-17T16:48:51","guid":{"rendered":"https:\/\/shop.allure.al\/product\/multi-peptide-ampoule\/"},"modified":"2026-02-26T00:43:29","modified_gmt":"2026-02-25T23:43:29","slug":"multi-peptide-ampoule","status":"publish","type":"product","link":"https:\/\/shop.allure.al\/en\/product\/multi-peptide-ampoule\/","title":{"rendered":"Multi Peptide Ampoule"},"content":{"rendered":"<p>Ampul\u00eb intensive me peptide t\u00eb shumta Merikit, e formuluar p\u00ebr t\u00eb firmosur dhe rigjall\u00ebruar l\u00ebkur\u00ebn e lirshme dhe pa elasticitet. Kompleksi i peptideve aktive stimulon rigjenerimin e kolagjenit natyral, duke reduktuar shenjat e plakjes dhe duke i dh\u00ebn\u00eb l\u00ebkur\u00ebs pamje m\u00eb t\u00eb rinuar. rH-Oligopeptide-1 (EGF) nxit rritjen e qelizave epiteliale dhe riparimin e l\u00ebkur\u00ebs, nd\u00ebrsa Arbutina ndri\u00e7on dhe unifikon tonin duke reduktuar njollat e err\u00ebta. Ideal si trajtim intensiv anti-plakje.<\/p>\n","protected":false},"excerpt":{"rendered":"<p>Ampul\u00eb intensive anti-plakje me peptide t\u00eb shum\u00ebfishta dhe EGF. Firmos l\u00ebkur\u00ebn, stimulon kolagjenit dhe redukton shenjat e plakjes.<\/p>\n","protected":false},"featured_media":19057,"comment_status":"open","ping_status":"closed","template":"","meta":{"_acf_changed":false},"product_cat":[253],"product_tag":[82,1033],"class_list":{"0":"post-19639","1":"product","2":"type-product","3":"status-publish","4":"has-post-thumbnail","6":"product_cat-ampule","7":"product_tag-me-rrudha","8":"product_tag-merikit","9":"pa_brands-merikit","11":"first","12":"instock","13":"shipping-taxable","14":"purchasable","15":"product-type-simple","swatches":"rey-swatches","show_selected":""},"acf":[],"_links":{"self":[{"href":"https:\/\/shop.allure.al\/en\/wp-json\/wp\/v2\/product\/19639","targetHints":{"allow":["GET"]}}],"collection":[{"href":"https:\/\/shop.allure.al\/en\/wp-json\/wp\/v2\/product"}],"about":[{"href":"https:\/\/shop.allure.al\/en\/wp-json\/wp\/v2\/types\/product"}],"replies":[{"embeddable":true,"href":"https:\/\/shop.allure.al\/en\/wp-json\/wp\/v2\/comments?post=19639"}],"version-history":[{"count":2,"href":"https:\/\/shop.allure.al\/en\/wp-json\/wp\/v2\/product\/19639\/revisions"}],"predecessor-version":[{"id":19806,"href":"https:\/\/shop.allure.al\/en\/wp-json\/wp\/v2\/product\/19639\/revisions\/19806"}],"wp:featuredmedia":[{"embeddable":true,"href":"https:\/\/shop.allure.al\/en\/wp-json\/wp\/v2\/media\/19057"}],"wp:attachment":[{"href":"https:\/\/shop.allure.al\/en\/wp-json\/wp\/v2\/media?parent=19639"}],"wp:term":[{"taxonomy":"product_cat","embeddable":true,"href":"https:\/\/shop.allure.al\/en\/wp-json\/wp\/v2\/product_cat?post=19639"},{"taxonomy":"product_tag","embeddable":true,"href":"https:\/\/shop.allure.al\/en\/wp-json\/wp\/v2\/product_tag?post=19639"}],"curies":[{"name":"wp","href":"https:\/\/api.w.org\/{rel}","templated":true}]}}