{"id":19641,"date":"2026-02-17T17:48:53","date_gmt":"2026-02-17T16:48:53","guid":{"rendered":"https:\/\/shop.allure.al\/product\/multi-vitamine-ampoule\/"},"modified":"2026-02-26T00:43:28","modified_gmt":"2026-02-25T23:43:28","slug":"multi-vitamine-ampoule","status":"publish","type":"product","link":"https:\/\/shop.allure.al\/en\/product\/multi-vitamine-ampoule\/","title":{"rendered":"Multi Vitamin Ampoule"},"content":{"rendered":"<p>Ampul\u00eb intensive me vitamina t\u00eb shum\u00ebllojshme (A, B3, B5, C, E, F, H) Merikit, e formuluar p\u00ebr t\u00eb ushqyer, ndri\u00e7uar dhe rigjall\u00ebruar l\u00ebkur\u00ebn e shurdh\u00ebt dhe pa jet\u00eb. Kombinimi unik i vitaminave t\u00eb zgjedhura ofron efekte antioksidante, hidratuese dhe ndri\u00e7uese nj\u00ebkoh\u00ebsisht, duke mbrojtur l\u00ebkur\u00ebn nga stresi oksidativ. Vitamina C dhe Niacinamide (B3) frenojn\u00eb prodhimin e melanin\u00ebs dhe ndri\u00e7ojn\u00eb tonin, nd\u00ebrsa Vitamina A nxit rigjenerimin qelizor p\u00ebr pamje t\u00eb rinuar. L\u00ebkura b\u00ebhet m\u00eb e ndritshme, m\u00eb e but\u00eb dhe me shk\u00eblqim natyral.<\/p>\n","protected":false},"excerpt":{"rendered":"<p>Ampul\u00eb multivitamin\u00eb me 7 vitamina aktive (A, B3, B5, C, E, F, H). Ndri\u00e7on, ushqen dhe rigjall\u00ebron l\u00ebkur\u00ebn e shurdh\u00ebt me efekte antioksidante t\u00eb fuqishme.<\/p>\n","protected":false},"featured_media":19059,"comment_status":"open","ping_status":"closed","template":"","meta":{"_acf_changed":false},"product_cat":[253],"product_tag":[84,1033],"class_list":{"0":"post-19641","1":"product","2":"type-product","3":"status-publish","4":"has-post-thumbnail","6":"product_cat-ampule","7":"product_tag-normale","8":"product_tag-merikit","9":"pa_brands-merikit","11":"first","12":"instock","13":"shipping-taxable","14":"purchasable","15":"product-type-simple","swatches":"rey-swatches","show_selected":""},"acf":[],"_links":{"self":[{"href":"https:\/\/shop.allure.al\/en\/wp-json\/wp\/v2\/product\/19641","targetHints":{"allow":["GET"]}}],"collection":[{"href":"https:\/\/shop.allure.al\/en\/wp-json\/wp\/v2\/product"}],"about":[{"href":"https:\/\/shop.allure.al\/en\/wp-json\/wp\/v2\/types\/product"}],"replies":[{"embeddable":true,"href":"https:\/\/shop.allure.al\/en\/wp-json\/wp\/v2\/comments?post=19641"}],"version-history":[{"count":3,"href":"https:\/\/shop.allure.al\/en\/wp-json\/wp\/v2\/product\/19641\/revisions"}],"predecessor-version":[{"id":19870,"href":"https:\/\/shop.allure.al\/en\/wp-json\/wp\/v2\/product\/19641\/revisions\/19870"}],"wp:featuredmedia":[{"embeddable":true,"href":"https:\/\/shop.allure.al\/en\/wp-json\/wp\/v2\/media\/19059"}],"wp:attachment":[{"href":"https:\/\/shop.allure.al\/en\/wp-json\/wp\/v2\/media?parent=19641"}],"wp:term":[{"taxonomy":"product_cat","embeddable":true,"href":"https:\/\/shop.allure.al\/en\/wp-json\/wp\/v2\/product_cat?post=19641"},{"taxonomy":"product_tag","embeddable":true,"href":"https:\/\/shop.allure.al\/en\/wp-json\/wp\/v2\/product_tag?post=19641"}],"curies":[{"name":"wp","href":"https:\/\/api.w.org\/{rel}","templated":true}]}}