{"id":19642,"date":"2026-02-17T17:48:54","date_gmt":"2026-02-17T16:48:54","guid":{"rendered":"https:\/\/shop.allure.al\/product\/naturals-peeling-gel\/"},"modified":"2026-02-26T00:42:27","modified_gmt":"2026-02-25T23:42:27","slug":"naturals-peeling-gel","status":"publish","type":"product","link":"https:\/\/shop.allure.al\/en\/product\/naturals-peeling-gel\/","title":{"rendered":"Naturals Peeling Gel"},"content":{"rendered":"<p>Naturals Peeling Gel eshte nje eksfoliant i bute i bazuar ne perberese natyrale, i krijuar per te hequr qelizat e vdekura dhe papastersite pa irrituar apo demtuar lekuren. Formula e tij biodegraduese aktivizohet me kontaktin e gishterinjve mbi lekuren e thate, duke formuar grimcat eksfoliante qe largojne delikat cdo mbetje dhe papast\u00ebrti. Ekstraktet bimore dhe acidi laktik kontribojne ne rinovimin qelizor dhe l\u00ebmimin e siperfaqes se lekures, duke e lene at\u00eb te ndritshme dhe te bute pas cdo perdorimi. I pershtatsh\u00ebm per perdorim 2-3 here ne jave edhe per lekuren me te ndjeshme, pasi nuk permban grimcat abrazive kimike. Rezultati i menjehershem: lekure me teksture te barabarte, me te pastruar dhe gati per thithjen me efektive te produkteve hidratuese.<\/p>\n","protected":false},"excerpt":{"rendered":"<p><span dir=\"ltr\" role=\"presentation\">Kjo linj\u00eb qet\u00ebsuese dhe rigjall\u00ebruese e kujdesit t\u00eb l\u00ebkur\u00ebs hidraton fytyr\u00ebn dhe jep <\/span><span dir=\"ltr\" role=\"presentation\">nj\u00eb p\u00ebrfundim freskues dhe qet\u00ebsues n\u00eb l\u00ebkur\u00ebn e ndjeshme. Tekstura jo ngjit\u00ebse <\/span><span dir=\"ltr\" role=\"presentation\">\u00ebsht\u00eb shum\u00eb e p\u00ebrshtatshme dhe p\u00ebr l\u00ebkur\u00ebn e yndyrshme me prodhim t\u00eb tep\u00ebrt <\/span><span dir=\"ltr\" role=\"presentation\">sebumi.<\/span><br role=\"presentation\" \/><span dir=\"ltr\" role=\"presentation\">Seria Ac Infusion nuk bllokon poret, heq n\u00eb m\u00ebnyr\u00eb efektive produktet e kozmetik\u00ebs <\/span><span dir=\"ltr\" role=\"presentation\">t\u00eb pap\u00ebrshkrueshme nga uji, si dhe qelizat e vdekura t\u00eb l\u00ebkur\u00ebs. Kjo linj\u00eb <\/span><span dir=\"ltr\" role=\"presentation\">p\u00ebrmir\u00ebson tonalitetin, rikthen gjall\u00ebrin\u00eb dhe lag\u00ebshtin\u00eb n\u00eb l\u00ebkur\u00eb. Linja \u00ebsht\u00eb e <\/span><span dir=\"ltr\" role=\"presentation\">mbushur me p\u00ebrb\u00ebr\u00ebs natyral\u00eb duke p\u00ebrfshir\u00eb lulen e kamomilit, brokolin dhe <\/span><span dir=\"ltr\" role=\"presentation\">ekstraktin e veshtullit.<\/span><\/p>\n","protected":false},"featured_media":18440,"comment_status":"open","ping_status":"closed","template":"","meta":{"_acf_changed":false},"product_cat":[251],"product_tag":[81,94,106],"class_list":{"0":"post-19642","1":"product","2":"type-product","3":"status-publish","4":"has-post-thumbnail","6":"product_cat-eksfoljues","7":"product_tag-hiperpigmentim","8":"product_tag-e-yndyrshme","9":"product_tag-pa-shkelqim","10":"pa_brands-merikit","12":"first","13":"instock","14":"shipping-taxable","15":"purchasable","16":"product-type-simple","swatches":"rey-swatches","show_selected":""},"acf":[],"_links":{"self":[{"href":"https:\/\/shop.allure.al\/en\/wp-json\/wp\/v2\/product\/19642","targetHints":{"allow":["GET"]}}],"collection":[{"href":"https:\/\/shop.allure.al\/en\/wp-json\/wp\/v2\/product"}],"about":[{"href":"https:\/\/shop.allure.al\/en\/wp-json\/wp\/v2\/types\/product"}],"replies":[{"embeddable":true,"href":"https:\/\/shop.allure.al\/en\/wp-json\/wp\/v2\/comments?post=19642"}],"version-history":[{"count":1,"href":"https:\/\/shop.allure.al\/en\/wp-json\/wp\/v2\/product\/19642\/revisions"}],"predecessor-version":[{"id":19781,"href":"https:\/\/shop.allure.al\/en\/wp-json\/wp\/v2\/product\/19642\/revisions\/19781"}],"wp:featuredmedia":[{"embeddable":true,"href":"https:\/\/shop.allure.al\/en\/wp-json\/wp\/v2\/media\/18440"}],"wp:attachment":[{"href":"https:\/\/shop.allure.al\/en\/wp-json\/wp\/v2\/media?parent=19642"}],"wp:term":[{"taxonomy":"product_cat","embeddable":true,"href":"https:\/\/shop.allure.al\/en\/wp-json\/wp\/v2\/product_cat?post=19642"},{"taxonomy":"product_tag","embeddable":true,"href":"https:\/\/shop.allure.al\/en\/wp-json\/wp\/v2\/product_tag?post=19642"}],"curies":[{"name":"wp","href":"https:\/\/api.w.org\/{rel}","templated":true}]}}