{"id":19643,"date":"2026-02-17T17:48:56","date_gmt":"2026-02-17T16:48:56","guid":{"rendered":"https:\/\/shop.allure.al\/product\/o2-aqua-marine-cream\/"},"modified":"2026-02-26T00:42:26","modified_gmt":"2026-02-25T23:42:26","slug":"o2-aqua-marine-cream","status":"publish","type":"product","link":"https:\/\/shop.allure.al\/en\/product\/o2-aqua-marine-cream\/","title":{"rendered":"O2 Aqua Marine Cream"},"content":{"rendered":"<p>O2 Aqua Marine Cream \u00ebsht\u00eb nj\u00eb krem zbardos\u00ebs dhe hidratues me ekstrakte detare dhe oksigjen aktiv. Tekstura e tij e leht\u00eb dhe e but\u00eb dep\u00ebrton shpejt n\u00eb l\u00ebkur\u00eb, duke e l\u00ebn\u00eb t\u00eb but\u00eb, t\u00eb ndritshme dhe t\u00eb mbrojtur.<\/p>\n","protected":false},"excerpt":{"rendered":"<p>Krem zbardos\u00ebs dhe hidratues me ekstrakte detare.<\/p>\n","protected":false},"featured_media":19045,"comment_status":"open","ping_status":"closed","template":"","meta":{"_acf_changed":false},"product_cat":[1418],"product_tag":[80,1026,1028],"class_list":{"0":"post-19643","1":"product","2":"type-product","3":"status-publish","4":"has-post-thumbnail","6":"product_cat-krem","7":"product_tag-e-thate","8":"product_tag-bellmona","9":"product_tag-cream","10":"pa_brands-merikit","12":"first","13":"instock","14":"shipping-taxable","15":"purchasable","16":"product-type-simple","swatches":"rey-swatches","show_selected":""},"acf":[],"_links":{"self":[{"href":"https:\/\/shop.allure.al\/en\/wp-json\/wp\/v2\/product\/19643","targetHints":{"allow":["GET"]}}],"collection":[{"href":"https:\/\/shop.allure.al\/en\/wp-json\/wp\/v2\/product"}],"about":[{"href":"https:\/\/shop.allure.al\/en\/wp-json\/wp\/v2\/types\/product"}],"replies":[{"embeddable":true,"href":"https:\/\/shop.allure.al\/en\/wp-json\/wp\/v2\/comments?post=19643"}],"version-history":[{"count":4,"href":"https:\/\/shop.allure.al\/en\/wp-json\/wp\/v2\/product\/19643\/revisions"}],"predecessor-version":[{"id":19879,"href":"https:\/\/shop.allure.al\/en\/wp-json\/wp\/v2\/product\/19643\/revisions\/19879"}],"wp:featuredmedia":[{"embeddable":true,"href":"https:\/\/shop.allure.al\/en\/wp-json\/wp\/v2\/media\/19045"}],"wp:attachment":[{"href":"https:\/\/shop.allure.al\/en\/wp-json\/wp\/v2\/media?parent=19643"}],"wp:term":[{"taxonomy":"product_cat","embeddable":true,"href":"https:\/\/shop.allure.al\/en\/wp-json\/wp\/v2\/product_cat?post=19643"},{"taxonomy":"product_tag","embeddable":true,"href":"https:\/\/shop.allure.al\/en\/wp-json\/wp\/v2\/product_tag?post=19643"}],"curies":[{"name":"wp","href":"https:\/\/api.w.org\/{rel}","templated":true}]}}