{"id":19644,"date":"2026-02-17T17:48:56","date_gmt":"2026-02-17T16:48:56","guid":{"rendered":"https:\/\/shop.allure.al\/product\/o2-aqua-marine-toner\/"},"modified":"2026-02-26T00:43:27","modified_gmt":"2026-02-25T23:43:27","slug":"o2-aqua-marine-toner","status":"publish","type":"product","link":"https:\/\/shop.allure.al\/en\/product\/o2-aqua-marine-toner\/","title":{"rendered":"O2 Aqua Marine Toner"},"content":{"rendered":"<p>O2 Aqua Marine Toner \u00ebsht\u00eb nj\u00eb tonik zbardos\u00ebs me l\u00ebkur\u00eb detare dhe oksigjen aktiv. Formulimi i tij i pasur me ekstrakte detare ndri\u00e7on, hidratohet dhe pastron poret n\u00eb m\u00ebnyr\u00eb efektive, duke i dh\u00ebn\u00eb l\u00ebkur\u00ebs nj\u00eb freski menj\u00ebher\u00ebse dhe ton uniform.<\/p>\n","protected":false},"excerpt":{"rendered":"<p>Tonik zbardos\u00ebs me ekstrakte detare dhe oksigjen aktiv.<\/p>\n","protected":false},"featured_media":18440,"comment_status":"open","ping_status":"closed","template":"","meta":{"_acf_changed":false},"product_cat":[252],"product_tag":[80,103,1026],"class_list":{"0":"post-19644","1":"product","2":"type-product","3":"status-publish","4":"has-post-thumbnail","6":"product_cat-toner","7":"product_tag-e-thate","8":"product_tag-mikse","9":"product_tag-bellmona","10":"pa_brands-merikit","12":"first","13":"instock","14":"shipping-taxable","15":"purchasable","16":"product-type-simple","swatches":"rey-swatches","show_selected":""},"acf":[],"_links":{"self":[{"href":"https:\/\/shop.allure.al\/en\/wp-json\/wp\/v2\/product\/19644","targetHints":{"allow":["GET"]}}],"collection":[{"href":"https:\/\/shop.allure.al\/en\/wp-json\/wp\/v2\/product"}],"about":[{"href":"https:\/\/shop.allure.al\/en\/wp-json\/wp\/v2\/types\/product"}],"replies":[{"embeddable":true,"href":"https:\/\/shop.allure.al\/en\/wp-json\/wp\/v2\/comments?post=19644"}],"version-history":[{"count":2,"href":"https:\/\/shop.allure.al\/en\/wp-json\/wp\/v2\/product\/19644\/revisions"}],"predecessor-version":[{"id":19880,"href":"https:\/\/shop.allure.al\/en\/wp-json\/wp\/v2\/product\/19644\/revisions\/19880"}],"wp:featuredmedia":[{"embeddable":true,"href":"https:\/\/shop.allure.al\/en\/wp-json\/wp\/v2\/media\/18440"}],"wp:attachment":[{"href":"https:\/\/shop.allure.al\/en\/wp-json\/wp\/v2\/media?parent=19644"}],"wp:term":[{"taxonomy":"product_cat","embeddable":true,"href":"https:\/\/shop.allure.al\/en\/wp-json\/wp\/v2\/product_cat?post=19644"},{"taxonomy":"product_tag","embeddable":true,"href":"https:\/\/shop.allure.al\/en\/wp-json\/wp\/v2\/product_tag?post=19644"}],"curies":[{"name":"wp","href":"https:\/\/api.w.org\/{rel}","templated":true}]}}