{"id":19646,"date":"2026-02-17T17:49:00","date_gmt":"2026-02-17T16:49:00","guid":{"rendered":"https:\/\/shop.allure.al\/?post_type=product&#038;p=19646"},"modified":"2026-02-26T00:43:26","modified_gmt":"2026-02-25T23:43:26","slug":"resting-hydra-mist","status":"publish","type":"product","link":"https:\/\/shop.allure.al\/en\/product\/resting-hydra-mist\/","title":{"rendered":"Resting Hydra Mist"},"content":{"rendered":"<p>Ronas Resting Hydra Mist \u00ebsht\u00eb nj\u00eb sprucues \/ mist hidratues me efekt rigjenerues dhe qet\u00ebsues, i projektuar p\u00ebr t\u2019i dh\u00ebn\u00eb l\u00ebkur\u00ebs nj\u00eb doz\u00eb intensive lag\u00ebshtie gjat\u00eb 24\u202for\u00ebve. Ky mist \u00ebsht\u00eb m\u00eb shum\u00eb se nj\u00eb \u201cvendos\u00ebs uji\u201d \u2014 \u00ebsht\u00eb nj\u00eb ritual hidratimi q\u00eb i rikthen l\u00ebkur\u00ebs vitalitetin dhe e mbron kund\u00ebr stresit t\u00eb p\u00ebrditsh\u00ebm, p\u00ebrfshir\u00eb ndikimet negative nga ekspozimi ndaj diellit.<\/p>\n<p>N\u00eb thelb te formul\u00ebs q\u00ebndrojn\u00eb p\u00ebrb\u00ebr\u00ebs natyral\u00eb dhe bioaktiv\u00eb me veti qet\u00ebsuese. Kompleksi ACTISOOTHE, i p\u00ebrb\u00ebr\u00eb nga ekstrakte t\u00eb k\u00ebrpudhave Cordyceps sinensis dhe Coriolus versicolor, punon n\u00eb sinergji p\u00ebr t\u00eb reduktuar inflamacionin dhe irritimin q\u00eb mund t\u00eb vij\u00eb nga faktor\u00ebt e jasht\u00ebm. Ky p\u00ebrb\u00ebr\u00ebs \u00ebsht\u00eb efikas n\u00eb zvog\u00eblimin e d\u00ebmtimit t\u00eb l\u00ebkur\u00ebs nga rrezet UV dhe skuqjeve, duke e b\u00ebr\u00eb hidratimin jo vet\u00ebm t\u00eb thell\u00eb, por edhe terapeutik.<\/p>\n<p>Nj\u00eb tjet\u00ebr komponent ky\u00e7 \u00ebsht\u00eb MULTIEX BSASM\u2122, nj\u00eb kompleks ekstraktesh bimore \u2014 lico\u2011 rriza (licorice), \u00e7aji jeshil, rozmarina, Centella Asiatica, kamomil, skutelaria baikal dhe polygonum cuspidatum \u2014 q\u00eb punojn\u00eb s\u00eb bashku p\u00ebr t\u00eb ushqyer l\u00ebkur\u00ebn, qet\u00ebsuar skuqje dhe p\u00ebr t\u00eb forcuar barrier\u00ebn mbrojt\u00ebse. Ky kompleks i pasur antioksidant\u00ebsh \u00ebsht\u00eb i njohur p\u00ebr efektet e tij n\u00eb reduktimin e stresit oksidativ dhe sigurimin e nj\u00eb ndjenje rekuperimi dhe balancimi.<\/p>\n<p>P\u00ebrtej tij, Dipotassium Glycyrrhizate jep nj\u00eb qet\u00ebsim t\u00eb menj\u00ebhersh\u00ebm dhe ndihmon n\u00eb rigjall\u00ebrimin e l\u00ebkur\u00ebs q\u00eb \u00ebsht\u00eb me skuqje apo irritim. Betaine nga ana tjet\u00ebr, vepron si nj\u00eb humektant i fuqish\u00ebm \u2014 ai mban ujin n\u00eb l\u00ebkur\u00eb dhe garanton q\u00eb lag\u00ebshtia t\u00eb q\u00ebndroj\u00eb gjat\u00eb, duke evituar tharjen, sidomos n\u00eb mjedise ku uji largohet shpejt (zyr\u00eb, aj\u00ebr kondicionuar).<\/p>\n<p>Ky mist mund t\u00eb p\u00ebrdoret pas pastrimit, si nj\u00eb \u201ctonik uji\u201d, por \u00ebsht\u00eb po aq i dobish\u00ebm gjat\u00eb dit\u00ebs \u2014 mund t\u00eb sp\u00ebrkatet mbi l\u00ebkur\u00eb t\u00eb that\u00eb, t\u00eb irrituar, dhe madje edhe pas aplikimit t\u00eb make-up-it p\u00ebr nj\u00eb ndjesi freskie t\u00eb menj\u00ebhershme. Me p\u00ebrdorim t\u00eb vazhduesh\u00ebm, l\u00ebkura fiton m\u00eb shum\u00eb elasticitet, duket m\u00eb e qet\u00eb dhe m\u00eb e ekuilibruar, si dhe rifitohet nj\u00eb shk\u00eblqim i but\u00eb, natyral.<\/p>\n<p>B\u00ebhet fjal\u00eb p\u00ebr nj\u00eb p\u00ebrkujdesje luksi q\u00eb kombinon hidratim, mbrojtje dhe restaurim; \u00ebsht\u00eb partneri ideal p\u00ebr dit\u00eb intensive, udh\u00ebtime, apo momente kur l\u00ebkura ka nevoj\u00eb p\u00ebr rikthim dhe qet\u00ebsim.<\/p>\n","protected":false},"excerpt":{"rendered":"<p>Ronas Resting Hydra Mist \u00ebsht\u00eb nj\u00eb sprucues hidratues i leht\u00eb q\u00eb rikthen lag\u00ebshtin\u00eb e l\u00ebkur\u00ebs gjat\u00eb gjith\u00eb dit\u00ebs, qet\u00ebson irritimet dhe ofron mbrojtje t\u00eb but\u00eb ndaj rrezeve UV. I pasuruar me Actisoothe, peptid\u00eb, ekstrakte bimore dhe Betaine, ai forcon barrier\u00ebn e l\u00ebkur\u00ebs, rrit elasticitetin dhe i jep fytyr\u00ebs nj\u00eb ndjesi freskie dhe shk\u00eblqimi natyral. I p\u00ebrshtatsh\u00ebm p\u00ebr \u00e7do tip l\u00ebkure, ve\u00e7an\u00ebrisht t\u00eb that\u00eb, t\u00eb irrituar ose t\u00eb lodhur. Mund t\u00eb aplikohet mbi l\u00ebkur\u00ebn e past\u00ebr ose mbi make-up, sa her\u00eb q\u00eb ka nevoj\u00eb p\u00ebr hidratim dhe rigjall\u00ebrim.<\/p>\n","protected":false},"featured_media":19061,"comment_status":"open","ping_status":"closed","template":"","meta":{"_acf_changed":false},"product_cat":[252],"product_tag":[80,1108],"class_list":{"0":"post-19646","1":"product","2":"type-product","3":"status-publish","4":"has-post-thumbnail","6":"product_cat-toner","7":"product_tag-e-thate","8":"product_tag-ronas","9":"pa_brands-ronas","11":"first","12":"instock","13":"shipping-taxable","14":"purchasable","15":"product-type-simple","swatches":"rey-swatches","show_selected":""},"acf":[],"_links":{"self":[{"href":"https:\/\/shop.allure.al\/en\/wp-json\/wp\/v2\/product\/19646","targetHints":{"allow":["GET"]}}],"collection":[{"href":"https:\/\/shop.allure.al\/en\/wp-json\/wp\/v2\/product"}],"about":[{"href":"https:\/\/shop.allure.al\/en\/wp-json\/wp\/v2\/types\/product"}],"replies":[{"embeddable":true,"href":"https:\/\/shop.allure.al\/en\/wp-json\/wp\/v2\/comments?post=19646"}],"version-history":[{"count":1,"href":"https:\/\/shop.allure.al\/en\/wp-json\/wp\/v2\/product\/19646\/revisions"}],"predecessor-version":[{"id":19672,"href":"https:\/\/shop.allure.al\/en\/wp-json\/wp\/v2\/product\/19646\/revisions\/19672"}],"wp:featuredmedia":[{"embeddable":true,"href":"https:\/\/shop.allure.al\/en\/wp-json\/wp\/v2\/media\/19061"}],"wp:attachment":[{"href":"https:\/\/shop.allure.al\/en\/wp-json\/wp\/v2\/media?parent=19646"}],"wp:term":[{"taxonomy":"product_cat","embeddable":true,"href":"https:\/\/shop.allure.al\/en\/wp-json\/wp\/v2\/product_cat?post=19646"},{"taxonomy":"product_tag","embeddable":true,"href":"https:\/\/shop.allure.al\/en\/wp-json\/wp\/v2\/product_tag?post=19646"}],"curies":[{"name":"wp","href":"https:\/\/api.w.org\/{rel}","templated":true}]}}