{"id":19647,"date":"2026-02-17T17:49:00","date_gmt":"2026-02-17T16:49:00","guid":{"rendered":"https:\/\/shop.allure.al\/?post_type=product&#038;p=19647"},"modified":"2026-02-26T00:43:25","modified_gmt":"2026-02-25T23:43:25","slug":"resting-peel-powder","status":"publish","type":"product","link":"https:\/\/shop.allure.al\/en\/product\/resting-peel-powder\/","title":{"rendered":"Resting Peel Powder"},"content":{"rendered":"<p>Nj\u00eb formul\u00eb e krijuar p\u00ebr t\u00eb rizgjuar potencialin natyror t\u00eb rigjenerimit t\u00eb l\u00ebkur\u00ebs. Ronas Resting Peel Powder \u00ebsht\u00eb nj\u00eb eksfoliant i avancuar n\u00eb form\u00eb pluhuri, i cili aktivizohet n\u00eb momentin e p\u00ebrzierjes me Resting Peel Solution \u2013 duke krijuar nj\u00eb sinergji q\u00eb dep\u00ebrton n\u00eb thell\u00ebsi t\u00eb epiderm\u00ebs p\u00ebr t\u00eb rigjeneruar, forcuar dhe balancuar l\u00ebkur\u00ebn.<\/p>\n<p>Fal\u00eb kristaleve t\u00eb kalciumit dhe kompleksit t\u00eb p\u00ebrb\u00ebr\u00ebsve bimor\u00eb, kjo formul\u00eb vepron n\u00eb m\u00ebnyr\u00eb inteligjente p\u00ebr t\u00eb stimuluar qelizat e sh\u00ebndetshme t\u00eb l\u00ebkur\u00ebs, duke p\u00ebrmir\u00ebsuar struktur\u00ebn, elasticitetin dhe vitalitetin e saj. Nd\u00ebrsa qelizat e reja formohen dhe barrierat mbrojt\u00ebse forcohen, l\u00ebkura fiton q\u00ebndrueshm\u00ebri dhe shk\u00eblqim t\u00eb natyrsh\u00ebm.<\/p>\n<p>Ky proces i but\u00eb, por jasht\u00ebzakonisht efektiv, ndihmon n\u00eb reduktimin e linjave t\u00eb holla, rrudhave dhe njollave t\u00eb err\u00ebta, eleminimin e akneve, shenjave post akne duke nxitur nj\u00eb ton t\u00eb nj\u00ebtrajtsh\u00ebm dhe nj\u00eb sip\u00ebrfaqe t\u00eb rafinuar. Resting Peel Powder rikthen ekuilibrin biologjik t\u00eb l\u00ebkur\u00ebs, duke mbrojtur nga irritimet dhe ndjeshm\u00ebrit\u00eb q\u00eb shpesh lidhen me streset e p\u00ebrditshme ose trajtimet agresive.<\/p>\n<p>Pas trajtimit, l\u00ebkura mund t\u00eb ket\u00eb nj\u00eb ndjesi ngroht\u00ebsie ose skuqjeje t\u00eb leht\u00eb \u2014 nj\u00eb shenj\u00eb e aktivizimit t\u00eb proceseve t\u00eb saj natyrore t\u00eb rigjenerimit. Rezultati \u00ebsht\u00eb nj\u00eb l\u00ebkur\u00eb m\u00eb e qet\u00eb, m\u00eb e fort\u00eb dhe duksh\u00ebm m\u00eb e ndritshme.<\/p>\n<p>Resting Peel Powder nuk \u00ebsht\u00eb nj\u00eb zgjedhje, por nj\u00eb domosdoshm\u00ebri p\u00ebr t\u2019u p\u00ebrdorur n\u00eb kombinim me Resting Peel Solution. Vet\u00ebm p\u00ebrmes aktivizimit me k\u00ebt\u00eb likuid, formula arrin t\u00eb dep\u00ebrtoj\u00eb n\u00eb shtresat e thella t\u00eb epiderm\u00ebs, duke lejuar kristalet e kalciumit dhe kompleksin bimor t\u00eb rigjenerojn\u00eb qelizat dhe t\u00eb forcojn\u00eb barrier\u00ebn natyrale t\u00eb l\u00ebkur\u00ebs.<\/p>\n<p>P\u00ebr nj\u00eb p\u00ebrvoj\u00eb t\u00eb plot\u00eb dhe rezultate t\u00eb dukshme, kjo terapi k\u00ebshillohet t\u00eb shoq\u00ebrohet me mask\u00ebn rigjeneruese Ronas (ose mask\u00ebn q\u00eb p\u00ebrshtatet me trajtimin), e ndjekur nga nj\u00eb serum qet\u00ebsues dhe krem hidratues intensiv. Produktet e aplikuara pas k\u00ebtij trajtimi p\u00ebrthithen deri n\u00eb 100% nga l\u00ebkura, duke p\u00ebrshpejtuar rigjenerimin qelizor, rikuperimin dermal dhe rikthimin e sh\u00ebndetit e vitalitetit t\u00eb saj natyral.<\/p>\n","protected":false},"excerpt":{"rendered":"<p>Ronas Resting Peel Powder \u00ebsht\u00eb nj\u00eb pluhur eksfoliant 100% bimor q\u00eb aktivizohet me Resting Peel Solution. Me kristale kalciumi dhe p\u00ebrb\u00ebr\u00ebs rigjenerues, vepron n\u00eb thell\u00ebsi t\u00eb l\u00ebkur\u00ebs p\u00ebr t\u00eb stimuluar qelizat, p\u00ebrmir\u00ebsuar elasticitetin dhe rikthyer shk\u00eblqimin natyral. Ofron nj\u00eb eksfolim t\u00eb but\u00eb por efektiv, duke respektuar barrier\u00ebn natyrale t\u00eb l\u00ebkur\u00ebs.<\/p>\n","protected":false},"featured_media":18166,"comment_status":"open","ping_status":"closed","template":"","meta":{"_acf_changed":false},"product_cat":[251],"product_tag":[79,94,1064,1108],"class_list":{"0":"post-19647","1":"product","2":"type-product","3":"status-publish","4":"has-post-thumbnail","6":"product_cat-eksfoljues","7":"product_tag-akneike","8":"product_tag-e-yndyrshme","9":"product_tag-ampule","10":"product_tag-ronas","11":"pa_brands-ronas","13":"first","14":"instock","15":"shipping-taxable","16":"purchasable","17":"product-type-simple","swatches":"rey-swatches","show_selected":""},"acf":[],"_links":{"self":[{"href":"https:\/\/shop.allure.al\/en\/wp-json\/wp\/v2\/product\/19647","targetHints":{"allow":["GET"]}}],"collection":[{"href":"https:\/\/shop.allure.al\/en\/wp-json\/wp\/v2\/product"}],"about":[{"href":"https:\/\/shop.allure.al\/en\/wp-json\/wp\/v2\/types\/product"}],"replies":[{"embeddable":true,"href":"https:\/\/shop.allure.al\/en\/wp-json\/wp\/v2\/comments?post=19647"}],"version-history":[{"count":2,"href":"https:\/\/shop.allure.al\/en\/wp-json\/wp\/v2\/product\/19647\/revisions"}],"predecessor-version":[{"id":19763,"href":"https:\/\/shop.allure.al\/en\/wp-json\/wp\/v2\/product\/19647\/revisions\/19763"}],"wp:featuredmedia":[{"embeddable":true,"href":"https:\/\/shop.allure.al\/en\/wp-json\/wp\/v2\/media\/18166"}],"wp:attachment":[{"href":"https:\/\/shop.allure.al\/en\/wp-json\/wp\/v2\/media?parent=19647"}],"wp:term":[{"taxonomy":"product_cat","embeddable":true,"href":"https:\/\/shop.allure.al\/en\/wp-json\/wp\/v2\/product_cat?post=19647"},{"taxonomy":"product_tag","embeddable":true,"href":"https:\/\/shop.allure.al\/en\/wp-json\/wp\/v2\/product_tag?post=19647"}],"curies":[{"name":"wp","href":"https:\/\/api.w.org\/{rel}","templated":true}]}}