{"id":19648,"date":"2026-02-17T17:49:00","date_gmt":"2026-02-17T16:49:00","guid":{"rendered":"https:\/\/shop.allure.al\/?post_type=product&#038;p=19648"},"modified":"2026-02-26T00:43:22","modified_gmt":"2026-02-25T23:43:22","slug":"resting-peel-solution","status":"publish","type":"product","link":"https:\/\/shop.allure.al\/en\/product\/resting-peel-solution\/","title":{"rendered":"Resting Peel Solution"},"content":{"rendered":"<p>Ky likuid aktiv \u00ebsht\u00eb elementi ky\u00e7 q\u00eb aktivizon pluhurin e eksfoliacionit \u2013 Ronas Resting Peel Powder. Me p\u00ebrb\u00ebr\u00ebs t\u00eb p\u00ebrzgjedhur si AHA\/PHA dhe ekstrakte qet\u00ebsuese botanike, Solution p\u00ebrgatit l\u00ebkur\u00ebn, ndez procesin e rigjenerimit qelizor dhe siguron q\u00eb efekteve t\u2019u jap\u00eb hap\u00ebsir\u00eb t\u00eb plot\u00eb.<br \/>\nN\u00eb kombinim me pluhurin, krijohet nj\u00eb trajtim i p\u00ebrbashk\u00ebt i cili: i p\u00ebrgatit\u00eb l\u00ebkur\u00ebn, aktivizon eksfoliacionin, dhe p\u00ebrmir\u00ebson p\u00ebrthithjen e p\u00ebrb\u00ebr\u00ebsve pasues \u2014 p\u00ebr nj\u00eb l\u00ebkur\u00eb m\u00eb t\u00eb but\u00eb, t\u00eb past\u00ebr dhe me ton t\u00eb nj\u00ebtrajtsh\u00ebm.<\/p>\n","protected":false},"excerpt":{"rendered":"<p>Resting Peel Solution \u00ebsht\u00eb likuidi aktiv q\u00eb aktivizon pluhurin eksfoliant (Resting Peel Powder) dhe p\u00ebrgatit l\u00ebkur\u00ebn p\u00ebr rigjenerim. Me ekstrakte botanike t\u00eb p\u00ebrzgjedhura, ai qet\u00ebson, ndri\u00e7on dhe forcon l\u00ebkur\u00ebn, duke lejuar q\u00eb p\u00ebrfitimet e trajtimit t\u00eb zhvillohen maksimalisht.<\/p>\n","protected":false},"featured_media":19116,"comment_status":"open","ping_status":"closed","template":"","meta":{"_acf_changed":false},"product_cat":[251,252],"product_tag":[94,1071,1108],"class_list":{"0":"post-19648","1":"product","2":"type-product","3":"status-publish","4":"has-post-thumbnail","6":"product_cat-eksfoljues","7":"product_cat-toner","8":"product_tag-e-yndyrshme","9":"product_tag-toner","10":"product_tag-ronas","11":"pa_brands-ronas","13":"first","14":"instock","15":"shipping-taxable","16":"purchasable","17":"product-type-simple","swatches":"rey-swatches","show_selected":""},"acf":[],"_links":{"self":[{"href":"https:\/\/shop.allure.al\/en\/wp-json\/wp\/v2\/product\/19648","targetHints":{"allow":["GET"]}}],"collection":[{"href":"https:\/\/shop.allure.al\/en\/wp-json\/wp\/v2\/product"}],"about":[{"href":"https:\/\/shop.allure.al\/en\/wp-json\/wp\/v2\/types\/product"}],"replies":[{"embeddable":true,"href":"https:\/\/shop.allure.al\/en\/wp-json\/wp\/v2\/comments?post=19648"}],"version-history":[{"count":2,"href":"https:\/\/shop.allure.al\/en\/wp-json\/wp\/v2\/product\/19648\/revisions"}],"predecessor-version":[{"id":19762,"href":"https:\/\/shop.allure.al\/en\/wp-json\/wp\/v2\/product\/19648\/revisions\/19762"}],"wp:featuredmedia":[{"embeddable":true,"href":"https:\/\/shop.allure.al\/en\/wp-json\/wp\/v2\/media\/19116"}],"wp:attachment":[{"href":"https:\/\/shop.allure.al\/en\/wp-json\/wp\/v2\/media?parent=19648"}],"wp:term":[{"taxonomy":"product_cat","embeddable":true,"href":"https:\/\/shop.allure.al\/en\/wp-json\/wp\/v2\/product_cat?post=19648"},{"taxonomy":"product_tag","embeddable":true,"href":"https:\/\/shop.allure.al\/en\/wp-json\/wp\/v2\/product_tag?post=19648"}],"curies":[{"name":"wp","href":"https:\/\/api.w.org\/{rel}","templated":true}]}}