{"id":19649,"date":"2026-02-17T17:49:01","date_gmt":"2026-02-17T16:49:01","guid":{"rendered":"https:\/\/shop.allure.al\/?post_type=product&#038;p=19649"},"modified":"2026-02-26T00:43:17","modified_gmt":"2026-02-25T23:43:17","slug":"snail-fill-up-essence","status":"publish","type":"product","link":"https:\/\/shop.allure.al\/en\/product\/snail-fill-up-essence\/","title":{"rendered":"Snail Peel Up Essence"},"content":{"rendered":"<p>Ronas Snail Fill Up Essence \u00ebsht\u00eb nj\u00eb esence rigjenerues i formuluar p\u00ebr t\u00eb rikthyer elasticitetin, vitalitetin dhe drit\u00ebn natyrale t\u00eb l\u00ebkur\u00ebs. N\u00eb qend\u00ebr t\u00eb k\u00ebsaj formule q\u00ebndron 20% mukus k\u00ebrmilli, nj\u00eb p\u00ebrb\u00ebr\u00ebs me fuqi t\u00eb jasht\u00ebzakonshme restauruese, i cili ndihmon n\u00eb rip\u00ebrt\u00ebritjen e l\u00ebkur\u00ebs, n\u00eb rikthimin e densitetit t\u00eb saj dhe n\u00eb mb\u00ebshtetjen e prodhimit natyral t\u00eb kolagjenit. Tekstura e esenc\u00ebs \u00ebsht\u00eb e leht\u00eb, e fresk\u00ebt dhe me p\u00ebrthithje t\u00eb menj\u00ebhershme, duke i dh\u00ebn\u00eb l\u00ebkur\u00ebs nj\u00eb ndjenj\u00eb hidratimi t\u00eb thell\u00eb dhe nj\u00eb p\u00ebrfundim t\u00eb but\u00eb e t\u00eb ndritsh\u00ebm.<\/p>\n<p>Formulimi p\u00ebrb\u00ebhet nga nj\u00eb sinergji unike p\u00ebrb\u00ebr\u00ebsish aktiv\u00eb: peptide rigjeneruese, EGF, adenosin\u00eb dhe acid hialuronik, t\u00eb cilat punojn\u00eb s\u00eb bashku p\u00ebr t\u00eb zbutur vijat e imta, p\u00ebr t\u00eb rritur elasticitetin dhe p\u00ebr t\u00eb forcuar barrier\u00ebn mbrojt\u00ebse t\u00eb l\u00ebkur\u00ebs. Ekstraktet bimore t\u00eb Centella Asiatica, kamomilit, \u00e7ajit jeshil, li\u00e7urices dhe skutelaris\u00eb shtojn\u00eb nj\u00eb efekt qet\u00ebsues dhe anti-inflamator, duke e l\u00ebn\u00eb l\u00ebkur\u00ebn t\u00eb balancuar, t\u00eb qet\u00eb dhe t\u00eb mbrojtur nga irritimet e p\u00ebrditshme.<\/p>\n<p>Esenca ofron nj\u00eb hidratim afatgjat\u00eb fal\u00eb trehaloz\u00ebs dhe mannan-it, p\u00ebrb\u00ebr\u00ebs q\u00eb ndihmojn\u00eb l\u00ebkur\u00ebn t\u00eb ruaj\u00eb lag\u00ebshtin\u00eb dhe t\u00eb duket e mbushur, e kompakte dhe m\u00eb e sh\u00ebndetshme. Me \u00e7do aplikim, l\u00ebkura fiton elasticitet, freski dhe nj\u00eb ndjenj\u00eb rehatie t\u00eb thell\u00eb, nd\u00ebrsa tekstura p\u00ebrmir\u00ebsohet dhe b\u00ebhet duksh\u00ebm m\u00eb e l\u00ebmuar.<\/p>\n<p>E krijuar p\u00ebr t\u00eb vepruar si nj\u00eb hap transformues n\u00eb rutin\u00ebn e p\u00ebrditshme, Snail Fill Up Essence p\u00ebrgatit l\u00ebkur\u00ebn p\u00ebr serumet dhe kremrat n\u00eb vijim, duke rritur efektivitetin e \u00e7do formule q\u00eb aplikohet mbi t\u00eb. L\u00ebkura merr nj\u00eb shk\u00eblqim t\u00eb qet\u00eb dhe elegant, duke reflektuar nj\u00eb pamje m\u00eb t\u00eb re dhe t\u00eb gjall\u00ebruar me p\u00ebrdorim t\u00eb vazhduesh\u00ebm.<\/p>\n","protected":false},"excerpt":{"rendered":"<p>Ronas Snail Fill Up Essence \u00ebsht\u00eb nj\u00eb esenc\u00eb rigjeneruese dhe hidratuese me 20% mucin\u00eb k\u00ebrmilli, e cila rikthen elasticitetin, drit\u00ebn dhe but\u00ebsin\u00eb e l\u00ebkur\u00ebs. Formula p\u00ebrthithet menj\u00ebher\u00eb, qet\u00ebson irritimet dhe zbut vijat e imta, duke e l\u00ebn\u00eb l\u00ebkur\u00ebn t\u00eb mbushur dhe t\u00eb ndritshme.<\/p>\n","protected":false},"featured_media":19118,"comment_status":"open","ping_status":"closed","template":"","meta":{"_acf_changed":false},"product_cat":[255],"product_tag":[82,1108],"class_list":{"0":"post-19649","1":"product","2":"type-product","3":"status-publish","4":"has-post-thumbnail","6":"product_cat-esence","7":"product_tag-me-rrudha","8":"product_tag-ronas","9":"pa_brands-ronas","11":"first","12":"instock","13":"shipping-taxable","14":"purchasable","15":"product-type-simple","swatches":"rey-swatches","show_selected":""},"acf":[],"_links":{"self":[{"href":"https:\/\/shop.allure.al\/en\/wp-json\/wp\/v2\/product\/19649","targetHints":{"allow":["GET"]}}],"collection":[{"href":"https:\/\/shop.allure.al\/en\/wp-json\/wp\/v2\/product"}],"about":[{"href":"https:\/\/shop.allure.al\/en\/wp-json\/wp\/v2\/types\/product"}],"replies":[{"embeddable":true,"href":"https:\/\/shop.allure.al\/en\/wp-json\/wp\/v2\/comments?post=19649"}],"version-history":[{"count":2,"href":"https:\/\/shop.allure.al\/en\/wp-json\/wp\/v2\/product\/19649\/revisions"}],"predecessor-version":[{"id":19887,"href":"https:\/\/shop.allure.al\/en\/wp-json\/wp\/v2\/product\/19649\/revisions\/19887"}],"wp:featuredmedia":[{"embeddable":true,"href":"https:\/\/shop.allure.al\/en\/wp-json\/wp\/v2\/media\/19118"}],"wp:attachment":[{"href":"https:\/\/shop.allure.al\/en\/wp-json\/wp\/v2\/media?parent=19649"}],"wp:term":[{"taxonomy":"product_cat","embeddable":true,"href":"https:\/\/shop.allure.al\/en\/wp-json\/wp\/v2\/product_cat?post=19649"},{"taxonomy":"product_tag","embeddable":true,"href":"https:\/\/shop.allure.al\/en\/wp-json\/wp\/v2\/product_tag?post=19649"}],"curies":[{"name":"wp","href":"https:\/\/api.w.org\/{rel}","templated":true}]}}