{"id":19650,"date":"2026-02-17T17:49:01","date_gmt":"2026-02-17T16:49:01","guid":{"rendered":"https:\/\/shop.allure.al\/?post_type=product&#038;p=19650"},"modified":"2026-02-26T00:42:23","modified_gmt":"2026-02-25T23:42:23","slug":"snail-repair-bling-cream","status":"publish","type":"product","link":"https:\/\/shop.allure.al\/en\/product\/snail-repair-bling-cream\/","title":{"rendered":"Snail Repair Bling Cream"},"content":{"rendered":"<p>Ronas Snail Repair Bling Cream \u00ebsht\u00eb nj\u00eb krem ultra-luks q\u00eb bashkon fuqin\u00eb rigjeneruese t\u00eb 30% mucin\u00ebs s\u00eb k\u00ebrmillit me p\u00ebrb\u00ebr\u00ebs aktiv\u00eb anti-plakje dhe zbardhues p\u00ebr t\u00eb rikthyer vitalitetin, elasticitetin dhe nj\u00eb shk\u00eblqim natyral n\u00eb l\u00ebkur\u00eb. Ky krem \u00ebsht\u00eb dizenjuar p\u00ebr t\u00eb qen\u00eb m\u00eb shum\u00eb se nj\u00eb hidratant \u2014 \u00ebsht\u00eb  rikthyes q\u00eb dep\u00ebrton thell\u00eb dhe ushqen sip\u00ebrfaqen e l\u00ebkur\u00ebs n\u00eb m\u00ebnyr\u00eb intensive, por pa l\u00ebn\u00eb nj\u00eb ndjesi t\u00eb r\u00ebnd\u00eb ose ngjit\u00ebse.<\/p>\n<p>Mucina e k\u00ebrmillit, e pranishme n\u00eb p\u00ebrqindje t\u00eb lart\u00eb, \u00ebsht\u00eb p\u00ebrb\u00ebr\u00ebsi kryesor q\u00eb stimulon rigjenerimin e qelizave t\u00eb l\u00ebkur\u00ebs dhe kontribuon n\u00eb restaurimin e fibrave t\u00eb kolagjenit dhe elastin\u00ebs, p\u00ebr nj\u00eb efekt m\u00eb t\u00eb fort\u00eb dhe m\u00eb t\u00eb q\u00ebndruesh\u00ebm. Kjo formul\u00eb \u00ebsht\u00eb pasuruar me EGF (faktor rritjeje epitelial), q\u00eb promovon prodhimin qelizor dhe elasticitetin, duke qet\u00ebsuar rrudhat e imta dhe duke forcuar struktur\u00ebn e thell\u00eb t\u00eb l\u00ebkur\u00ebs. Adenozina shton nj\u00eb dimension anti-age, ndihmon n\u00eb rigjenerimin qelizor dhe ul formimin e rrudhave.<\/p>\n<p>P\u00ebr t\u00eb p\u00ebrmir\u00ebsuar tonin dhe p\u00ebr t\u00eb luftuar hiperpigmentimin, kremi p\u00ebrmban niacinamide, i cili pengon transferimin e melanin\u00ebs dhe nxit nj\u00eb pamje m\u00eb t\u00eb past\u00ebr dhe uniforme. Ky element \u00ebsht\u00eb ve\u00e7an\u00ebrisht i dobish\u00ebm p\u00ebr l\u00ebkurat q\u00eb vuajn\u00eb nga err\u00ebsira, pap\u00ebrsosm\u00ebri pigmentare apo pas trajtimeve estetike si peeling ose lazer, kur l\u00ebkura ka nevoj\u00eb p\u00ebr rigjenerim t\u00eb intensive.<\/p>\n<p>Tekstura e kremit \u00ebsht\u00eb e dendur, por jo e r\u00ebnd\u00eb \u2014 nuk l\u00eb ngjitje dhe absorbohet mir\u00eb, duke l\u00ebn\u00eb l\u00ebkur\u00ebn t\u00eb ndjehet e but\u00eb, ushqyer dhe m\u00eb e plumbuar. Aplikimi \u00ebsht\u00eb k\u00ebnaq\u00ebsi sensoriale: nj\u00eb masazh i but\u00eb mbi fytyr\u00eb dhe qaf\u00eb pas tonikut ose esenc\u00ebs mbush l\u00ebkur\u00ebn me hidratim dhe energji.<\/p>\n","protected":false},"excerpt":{"rendered":"<p>Ronas Snail Repair Bling Cream \u00ebsht\u00eb nj\u00eb krem rigjenerues luksoz i formuluar me 30% mucin\u00eb k\u00ebrmilli p\u00ebr t\u00eb riparuar barrier\u00ebn e l\u00ebkur\u00ebs, zbutur rrudhat e imta dhe rikthyer elasticitetin natyral. Tekstura e tij e but\u00eb dep\u00ebrton leht\u00eb, duke dh\u00ebn\u00eb hidratim t\u00eb thell\u00eb, uniformim t\u00eb tonit dhe nj\u00eb shk\u00eblqim t\u00eb past\u00ebr. I pasuruar me EGF, niacinamide dhe adenosin\u00eb, ky krem mb\u00ebshtet rigjenerimin qelizor, forcon l\u00ebkur\u00ebn dhe redukton shenjat e lodhjes. Ideali p\u00ebr l\u00ebkur\u00eb t\u00eb that\u00eb, t\u00eb d\u00ebmtuar, t\u00eb lodhur ose pas trajtimeve estetike.<\/p>\n","protected":false},"featured_media":19078,"comment_status":"open","ping_status":"closed","template":"","meta":{"_acf_changed":false},"product_cat":[1418],"product_tag":[82,1028,1108,80],"class_list":{"0":"post-19650","1":"product","2":"type-product","3":"status-publish","4":"has-post-thumbnail","6":"product_cat-krem","7":"product_tag-me-rrudha","8":"product_tag-cream","9":"product_tag-ronas","10":"product_tag-e-thate","11":"pa_brands-ronas","13":"first","14":"instock","15":"shipping-taxable","16":"purchasable","17":"product-type-simple","swatches":"rey-swatches","show_selected":""},"acf":[],"_links":{"self":[{"href":"https:\/\/shop.allure.al\/en\/wp-json\/wp\/v2\/product\/19650","targetHints":{"allow":["GET"]}}],"collection":[{"href":"https:\/\/shop.allure.al\/en\/wp-json\/wp\/v2\/product"}],"about":[{"href":"https:\/\/shop.allure.al\/en\/wp-json\/wp\/v2\/types\/product"}],"replies":[{"embeddable":true,"href":"https:\/\/shop.allure.al\/en\/wp-json\/wp\/v2\/comments?post=19650"}],"version-history":[{"count":1,"href":"https:\/\/shop.allure.al\/en\/wp-json\/wp\/v2\/product\/19650\/revisions"}],"predecessor-version":[{"id":19686,"href":"https:\/\/shop.allure.al\/en\/wp-json\/wp\/v2\/product\/19650\/revisions\/19686"}],"wp:featuredmedia":[{"embeddable":true,"href":"https:\/\/shop.allure.al\/en\/wp-json\/wp\/v2\/media\/19078"}],"wp:attachment":[{"href":"https:\/\/shop.allure.al\/en\/wp-json\/wp\/v2\/media?parent=19650"}],"wp:term":[{"taxonomy":"product_cat","embeddable":true,"href":"https:\/\/shop.allure.al\/en\/wp-json\/wp\/v2\/product_cat?post=19650"},{"taxonomy":"product_tag","embeddable":true,"href":"https:\/\/shop.allure.al\/en\/wp-json\/wp\/v2\/product_tag?post=19650"}],"curies":[{"name":"wp","href":"https:\/\/api.w.org\/{rel}","templated":true}]}}