{"id":19651,"date":"2026-02-17T17:49:01","date_gmt":"2026-02-17T16:49:01","guid":{"rendered":"https:\/\/shop.allure.al\/?post_type=product&#038;p=19651"},"modified":"2026-02-26T00:43:18","modified_gmt":"2026-02-25T23:43:18","slug":"snail-repair-skin","status":"publish","type":"product","link":"https:\/\/shop.allure.al\/en\/product\/snail-repair-skin\/","title":{"rendered":"Snail Repair Toner"},"content":{"rendered":"<p>Ronas Snail Repair Skin \u00ebsht\u00eb nj\u00eb tonik rigjenerues i formuluar p\u00ebr t\u2019i dh\u00ebn\u00eb l\u00ebkur\u00ebs vitalitet, elasticitet dhe nj\u00eb shk\u00eblqim natyral q\u00eb rrezaton sh\u00ebndet. I pasur me filtrat e mucin\u00ebs s\u00eb k\u00ebrmillit, ky eliksir i leht\u00eb dep\u00ebrton but\u00ebsisht n\u00eb l\u00ebkur\u00eb p\u00ebr t\u00eb rikthyer hidratimin e humbur, p\u00ebr t\u00eb stimuluar rigjenerimin qelizor dhe p\u00ebr t\u00eb p\u00ebrmir\u00ebsuar barrier\u00ebn mbrojt\u00ebse. Tekstura e tij fluide p\u00ebrthithet menj\u00ebher\u00eb, duke e l\u00ebn\u00eb l\u00ebkur\u00ebn t\u00eb fresk\u00ebt, t\u00eb but\u00eb dhe t\u00eb p\u00ebrgatitur p\u00ebr tretman\u00ebt n\u00eb vijim.<\/p>\n<p>Mukusi i k\u00ebrmillit njihet p\u00ebr aft\u00ebsin\u00eb e saj unike n\u00eb riparimin e d\u00ebmtimeve mikroskopike t\u00eb l\u00ebkur\u00ebs, duke mb\u00ebshtetur prodhimin natyral t\u00eb kolagjenit dhe elastin\u00ebs. Ky tonik synon t\u00eb zbus\u00eb vijat e imta, t\u00eb p\u00ebrmir\u00ebsoj\u00eb pamjen e poreve, si dhe t\u00eb qet\u00ebsoj\u00eb irritimet e p\u00ebrditshme q\u00eb shkaktohen nga faktor\u00eb si stresi, klima apo trajtimet estetike. \u00c7do aplikim sjell nj\u00eb ndjesi komoditeti, duke rikthyer lag\u00ebshtin\u00eb e brendshme dhe duke balancuar pH-n\u00eb e l\u00ebkur\u00ebs.<\/p>\n<p>Formula \u00ebsht\u00eb e pasuruar gjithashtu me p\u00ebrb\u00ebr\u00ebs hidratuese dhe zbut\u00ebs q\u00eb punojn\u00eb n\u00eb sinergji me mukusin, duke garantuar nj\u00eb p\u00ebrthithje t\u00eb menj\u00ebhershme dhe nj\u00eb p\u00ebrfundim jo-ngjit\u00ebs. L\u00ebkura duket m\u00eb e dritshme, m\u00eb e nj\u00ebtrajtshme dhe vizualisht m\u00eb e re. Me p\u00ebrdorim t\u00eb vazhduesh\u00ebm, Ronas Snail Repair Skin ndihmon n\u00eb disiplinimin e that\u00ebsis\u00eb, uljen e skuqjes dhe rikthimin e struktur\u00ebs s\u00eb but\u00eb e t\u00eb q\u00ebndrueshme t\u00eb epiderm\u00ebs.<\/p>\n<p>Ky tonik \u00ebsht\u00eb zgjedhja ideale p\u00ebr k\u00ebdo q\u00eb k\u00ebrkon nj\u00eb ritual t\u00eb p\u00ebrditsh\u00ebm t\u00eb kujdesit t\u00eb l\u00ebkur\u00ebs q\u00eb kombinon shkenc\u00ebn rigjeneruese me p\u00ebrb\u00ebr\u00ebs natyral\u00eb t\u00eb fuqish\u00ebm, duke e transformuar l\u00ebkur\u00ebn n\u00eb nj\u00eb sip\u00ebrfaqe t\u00eb qet\u00eb, t\u00eb ushqyer dhe t\u00eb balancuar. Perfect p\u00ebr l\u00ebkur\u00eb t\u00eb lodhur, t\u00eb d\u00ebmtuar, pas trajtimeve estetike apo p\u00ebr k\u00ebdo q\u00eb k\u00ebrkon nj\u00eb rigjenerim t\u00eb v\u00ebrtet\u00eb n\u00eb nivel qelizor.<\/p>\n","protected":false},"excerpt":{"rendered":"<p>Ronas Snail Repair Skin \u00ebsht\u00eb nj\u00eb tonik rigjenerues me mukus k\u00ebrmilli q\u00eb rikthen hidratimin, elasticitetin dhe drit\u00ebn natyrale t\u00eb l\u00ebkur\u00ebs. Formula e tij e leht\u00eb p\u00ebrthithet menj\u00ebher\u00eb, duke qet\u00ebsuar irritimet, zbutur tekstur\u00ebn dhe forcuar barrier\u00ebn mbrojt\u00ebse. Ideale p\u00ebr l\u00ebkur\u00eb t\u00eb lodhur, sensitive ose t\u00eb dehidratuar, ky tonik l\u00eb pas nj\u00eb l\u00ebkur\u00eb m\u00eb t\u00eb but\u00eb, m\u00eb t\u00eb l\u00ebmuar dhe vizualisht m\u00eb t\u00eb fresk\u00ebt.<\/p>\n","protected":false},"featured_media":19135,"comment_status":"open","ping_status":"closed","template":"","meta":{"_acf_changed":false},"product_cat":[252],"product_tag":[80,103,1071,1108],"class_list":{"0":"post-19651","1":"product","2":"type-product","3":"status-publish","4":"has-post-thumbnail","6":"product_cat-toner","7":"product_tag-e-thate","8":"product_tag-mikse","9":"product_tag-toner","10":"product_tag-ronas","11":"pa_brands-ronas","13":"first","14":"instock","15":"shipping-taxable","16":"purchasable","17":"product-type-simple","swatches":"rey-swatches","show_selected":""},"acf":[],"_links":{"self":[{"href":"https:\/\/shop.allure.al\/en\/wp-json\/wp\/v2\/product\/19651","targetHints":{"allow":["GET"]}}],"collection":[{"href":"https:\/\/shop.allure.al\/en\/wp-json\/wp\/v2\/product"}],"about":[{"href":"https:\/\/shop.allure.al\/en\/wp-json\/wp\/v2\/types\/product"}],"replies":[{"embeddable":true,"href":"https:\/\/shop.allure.al\/en\/wp-json\/wp\/v2\/comments?post=19651"}],"version-history":[{"count":2,"href":"https:\/\/shop.allure.al\/en\/wp-json\/wp\/v2\/product\/19651\/revisions"}],"predecessor-version":[{"id":19888,"href":"https:\/\/shop.allure.al\/en\/wp-json\/wp\/v2\/product\/19651\/revisions\/19888"}],"wp:featuredmedia":[{"embeddable":true,"href":"https:\/\/shop.allure.al\/en\/wp-json\/wp\/v2\/media\/19135"}],"wp:attachment":[{"href":"https:\/\/shop.allure.al\/en\/wp-json\/wp\/v2\/media?parent=19651"}],"wp:term":[{"taxonomy":"product_cat","embeddable":true,"href":"https:\/\/shop.allure.al\/en\/wp-json\/wp\/v2\/product_cat?post=19651"},{"taxonomy":"product_tag","embeddable":true,"href":"https:\/\/shop.allure.al\/en\/wp-json\/wp\/v2\/product_tag?post=19651"}],"curies":[{"name":"wp","href":"https:\/\/api.w.org\/{rel}","templated":true}]}}