{"id":19652,"date":"2026-02-17T17:49:01","date_gmt":"2026-02-17T16:49:01","guid":{"rendered":"https:\/\/shop.allure.al\/?post_type=product&#038;p=19652"},"modified":"2026-02-26T00:43:19","modified_gmt":"2026-02-25T23:43:19","slug":"stem-cell-ampoule","status":"publish","type":"product","link":"https:\/\/shop.allure.al\/en\/product\/stem-cell-ampoule\/","title":{"rendered":"Stem Cell Ampoule"},"content":{"rendered":"<p>Ronas Stem Cell Ampoule \u00ebsht\u00eb nj\u00eb eliksir i fuqish\u00ebm rigjenerues, krijuar p\u00ebr t\u00eb rikthyer vitalitetin dhe shk\u00eblqimin natyral t\u00eb l\u00ebkur\u00ebs. \u00c7do ampul\u00eb p\u00ebrmban nj\u00eb p\u00ebrqendrim t\u00eb lart\u00eb t\u00eb qelizave staminale bimore, t\u00eb kombinuara me p\u00ebrb\u00ebr\u00ebs aktiv\u00eb hidratues dhe anti-rrudhe, q\u00eb punojn\u00eb n\u00eb harmoni me biologjin\u00eb natyrore t\u00eb l\u00ebkur\u00ebs.<\/p>\n<p>Tekstura e leht\u00eb dhe e p\u00ebrthithshme menj\u00ebher\u00eb, lejon q\u00eb p\u00ebrb\u00ebr\u00ebsit aktiv\u00eb t\u00eb dep\u00ebrtojn\u00eb thell\u00eb n\u00eb epiderm\u00eb, duke stimuluar rigjenerimin qelizor, forcuar elasticitetin dhe rivendosur struktur\u00ebn e l\u00ebkur\u00ebs. Ky serum \u00ebsht\u00eb ideal p\u00ebr l\u00ebkur\u00eb t\u00eb lodhur, t\u00eb that\u00eb ose t\u00eb ekspozuar ndaj stresit dhe ndotjes, duke e b\u00ebr\u00eb at\u00eb t\u00eb duket m\u00eb e fresk\u00ebt, m\u00eb e re dhe e ndri\u00e7uar.<\/p>\n","protected":false},"excerpt":{"rendered":"<p>Nj\u00eb serum i fuqish\u00ebm me qeliza staminale bimore dhe p\u00ebrb\u00ebr\u00ebs hidratues q\u00eb rigjeneron qelizat, zbut linjat e holla dhe rikthen elasticitetin e l\u00ebkur\u00ebs. Ideal p\u00ebr l\u00ebkur\u00eb t\u00eb lodhur, t\u00eb that\u00eb ose t\u00eb ndjeshme, duke dh\u00ebn\u00eb nj\u00eb pamje t\u00eb fresk\u00ebt, t\u00eb ndri\u00e7uar dhe t\u00eb rigjall\u00ebruar.<\/p>\n","protected":false},"featured_media":19160,"comment_status":"open","ping_status":"closed","template":"","meta":{"_acf_changed":false},"product_cat":[253],"product_tag":[82,87,1064,1108],"class_list":{"0":"post-19652","1":"product","2":"type-product","3":"status-publish","4":"has-post-thumbnail","6":"product_cat-ampule","7":"product_tag-me-rrudha","8":"product_tag-sensitive","9":"product_tag-ampule","10":"product_tag-ronas","11":"pa_brands-bellmona","13":"first","14":"instock","15":"shipping-taxable","16":"purchasable","17":"product-type-simple","swatches":"rey-swatches","show_selected":""},"acf":[],"_links":{"self":[{"href":"https:\/\/shop.allure.al\/en\/wp-json\/wp\/v2\/product\/19652","targetHints":{"allow":["GET"]}}],"collection":[{"href":"https:\/\/shop.allure.al\/en\/wp-json\/wp\/v2\/product"}],"about":[{"href":"https:\/\/shop.allure.al\/en\/wp-json\/wp\/v2\/types\/product"}],"replies":[{"embeddable":true,"href":"https:\/\/shop.allure.al\/en\/wp-json\/wp\/v2\/comments?post=19652"}],"version-history":[{"count":1,"href":"https:\/\/shop.allure.al\/en\/wp-json\/wp\/v2\/product\/19652\/revisions"}],"predecessor-version":[{"id":19688,"href":"https:\/\/shop.allure.al\/en\/wp-json\/wp\/v2\/product\/19652\/revisions\/19688"}],"wp:featuredmedia":[{"embeddable":true,"href":"https:\/\/shop.allure.al\/en\/wp-json\/wp\/v2\/media\/19160"}],"wp:attachment":[{"href":"https:\/\/shop.allure.al\/en\/wp-json\/wp\/v2\/media?parent=19652"}],"wp:term":[{"taxonomy":"product_cat","embeddable":true,"href":"https:\/\/shop.allure.al\/en\/wp-json\/wp\/v2\/product_cat?post=19652"},{"taxonomy":"product_tag","embeddable":true,"href":"https:\/\/shop.allure.al\/en\/wp-json\/wp\/v2\/product_tag?post=19652"}],"curies":[{"name":"wp","href":"https:\/\/api.w.org\/{rel}","templated":true}]}}