{"id":19653,"date":"2026-02-17T17:49:01","date_gmt":"2026-02-17T16:49:01","guid":{"rendered":"https:\/\/shop.allure.al\/?post_type=product&#038;p=19653"},"modified":"2026-02-26T00:43:20","modified_gmt":"2026-02-25T23:43:20","slug":"stem-cell-coconut-ampoule-essence","status":"publish","type":"product","link":"https:\/\/shop.allure.al\/en\/product\/stem-cell-coconut-ampoule-essence\/","title":{"rendered":"Stem Cell Coconut Ampoule Essence"},"content":{"rendered":"<p>Ronas Stem Cell Coconut Essence Ampule \u00ebsht\u00eb nj\u00eb trajtim i avancuar dhe intensiv p\u00ebr l\u00ebkur\u00eb t\u00eb ndjeshme, i krijuar p\u00ebr t\u00eb p\u00ebrmir\u00ebsuar forc\u00ebn dhe funksionin e barrier\u00ebs natyrale t\u00eb l\u00ebkur\u00ebs, duke ruajtur lag\u00ebshtin\u00eb dhe freskin\u00eb e saj. \u00c7do ampul\u00eb p\u00ebrmban ekstrakte t\u00eb kultures s\u00eb kallusit, t\u00eb njohura p\u00ebr aft\u00ebsin\u00eb e tyre p\u00ebr t\u00eb stimuluar rigjenerimin qelizor dhe p\u00ebr t\u00eb forcuar barrier\u00ebn mbrojt\u00ebse t\u00eb l\u00ebkur\u00ebs.<\/p>\n<p>P\u00ebrve\u00e7 ekstraktit t\u00eb kallusit, formula p\u00ebrmban nj\u00eb p\u00ebrzierje t\u00eb pasur me ekstrakte natyrale q\u00eb dep\u00ebrtojn\u00eb thell\u00eb n\u00eb epiderm\u00eb, duke siguruar hidratim intensiv dhe mbrojtje kund\u00ebr stresor\u00ebve t\u00eb mjedisit. Tekstura e leht\u00eb dhe e p\u00ebrthithshme menj\u00ebher\u00eb e b\u00ebn k\u00ebt\u00eb ampul\u00eb t\u00eb p\u00ebrshtatshme edhe p\u00ebr l\u00ebkur\u00eb shum\u00eb t\u00eb ndjeshme, duke zvog\u00ebluar ndjeshm\u00ebrin\u00eb dhe skuqjen, dhe duke rivendosur nj\u00eb ndjesi qet\u00ebsie dhe rehatie.<\/p>\n","protected":false},"excerpt":{"rendered":"<p>Nj\u00eb ampul\u00eb intensive q\u00eb p\u00ebrmban ekstrakte t\u00eb kultures s\u00eb kallusit dhe p\u00ebrb\u00ebr\u00ebs natyral\u00eb hidratues, t\u00eb cil\u00ebt forcojn\u00eb barrier\u00ebn mbrojt\u00ebse t\u00eb l\u00ebkur\u00ebs, qet\u00ebsojn\u00eb irritimet dhe rikthejn\u00eb elasticitetin dhe shk\u00eblqimin natyral. E p\u00ebrshtatshme p\u00ebr l\u00ebkur\u00eb t\u00eb ndjeshme, mnd t\u00eb p\u00ebrdoret edhe me micro-needling p\u00ebr dep\u00ebrtim m\u00eb t\u00eb thell\u00eb.<\/p>\n","protected":false},"featured_media":19079,"comment_status":"open","ping_status":"closed","template":"","meta":{"_acf_changed":false},"product_cat":[253,255],"product_tag":[82,87,1108],"class_list":{"0":"post-19653","1":"product","2":"type-product","3":"status-publish","4":"has-post-thumbnail","6":"product_cat-ampule","7":"product_cat-esence","8":"product_tag-me-rrudha","9":"product_tag-sensitive","10":"product_tag-ronas","11":"pa_brands-ronas","13":"first","14":"instock","15":"shipping-taxable","16":"purchasable","17":"product-type-simple","swatches":"rey-swatches","show_selected":""},"acf":[],"_links":{"self":[{"href":"https:\/\/shop.allure.al\/en\/wp-json\/wp\/v2\/product\/19653","targetHints":{"allow":["GET"]}}],"collection":[{"href":"https:\/\/shop.allure.al\/en\/wp-json\/wp\/v2\/product"}],"about":[{"href":"https:\/\/shop.allure.al\/en\/wp-json\/wp\/v2\/types\/product"}],"replies":[{"embeddable":true,"href":"https:\/\/shop.allure.al\/en\/wp-json\/wp\/v2\/comments?post=19653"}],"version-history":[{"count":1,"href":"https:\/\/shop.allure.al\/en\/wp-json\/wp\/v2\/product\/19653\/revisions"}],"predecessor-version":[{"id":19690,"href":"https:\/\/shop.allure.al\/en\/wp-json\/wp\/v2\/product\/19653\/revisions\/19690"}],"wp:featuredmedia":[{"embeddable":true,"href":"https:\/\/shop.allure.al\/en\/wp-json\/wp\/v2\/media\/19079"}],"wp:attachment":[{"href":"https:\/\/shop.allure.al\/en\/wp-json\/wp\/v2\/media?parent=19653"}],"wp:term":[{"taxonomy":"product_cat","embeddable":true,"href":"https:\/\/shop.allure.al\/en\/wp-json\/wp\/v2\/product_cat?post=19653"},{"taxonomy":"product_tag","embeddable":true,"href":"https:\/\/shop.allure.al\/en\/wp-json\/wp\/v2\/product_tag?post=19653"}],"curies":[{"name":"wp","href":"https:\/\/api.w.org\/{rel}","templated":true}]}}