{"id":19654,"date":"2026-02-17T17:49:01","date_gmt":"2026-02-17T16:49:01","guid":{"rendered":"https:\/\/shop.allure.al\/?post_type=product&#038;p=19654"},"modified":"2026-02-26T00:43:21","modified_gmt":"2026-02-25T23:43:21","slug":"stem-cell-coconut-mask","status":"publish","type":"product","link":"https:\/\/shop.allure.al\/en\/product\/stem-cell-coconut-mask\/","title":{"rendered":"Stem Cell Coconut Mask"},"content":{"rendered":"<p>Ronas Stem Cell Coconut Mask \u00ebsht\u00eb nj\u00eb mask\u00eb inovative, e krijuar me nj\u00eb formul\u00eb unike kimike q\u00eb e dallon nga \u00e7do mask\u00eb tjet\u00ebr n\u00eb treg. E nd\u00ebr m\u00eb t\u00eb parat e prodhuara me k\u00ebt\u00eb kombinim t\u00eb qelizave staminale bimore dhe ekstrakteve t\u00eb pasura t\u00eb kokosit, maska \u00ebsht\u00eb e dizajnuar p\u00ebr t\u00eb rikthyer vitalitetin, elasticitetin dhe shk\u00eblqimin natyral t\u00eb l\u00ebkur\u00ebs.<\/p>\n<p>Forma e saj silikoni fleksib\u00ebl p\u00ebrshtatet perfekt me konturet e fytyr\u00ebs, duke siguruar nj\u00eb kontakt t\u00eb ngusht\u00eb me l\u00ebkur\u00ebn dhe dep\u00ebrtimin maksimal t\u00eb p\u00ebrb\u00ebr\u00ebsve aktiv\u00eb. Tekstura e l\u00ebngshme dhe e pasur lejon q\u00eb maska t\u00eb q\u00ebndroj\u00eb homogjenisht mbi fytyr\u00eb, duke qet\u00ebsuar irritimet, zbutur rrudhat sip\u00ebrfaq\u00ebsore dhe duke rivendosur nj\u00eb ndjesi rinore dhe t\u00eb rigjall\u00ebruar.<\/p>\n<p>Kjo maske \u00ebsht\u00eb ideal p\u00ebr l\u00ebkur\u00eb t\u00eb lodhur, t\u00eb shurdh\u00ebr ose t\u00eb ekspozuar ndaj stresit dhe ndotjes, duke e b\u00ebr\u00eb fytyr\u00ebn t\u00eb duket m\u00eb e ndri\u00e7uar, e hidratuar dhe e but\u00eb. Forma e silikonit dhe sasia e l\u00ebngshme e mask\u00ebs e b\u00ebjn\u00eb aplikimin t\u00eb leht\u00eb dhe efikas.<\/p>\n","protected":false},"excerpt":{"rendered":"<p>Maska unike me silikon fleksib\u00ebl dhe tekstur\u00eb t\u00eb l\u00ebngshme dep\u00ebrton thell\u00eb n\u00eb l\u00ebkur\u00eb, qet\u00ebson irritimet, zbut rrudhat sip\u00ebrfaq\u00ebsore dhe rikthen vitalitetin e fytyr\u00ebs. Kombinimi i qelizave staminale bimore dhe ekstraktit t\u00eb kokosit e b\u00ebn \u00e7do perdorim te saj akoma edhe me efektive<\/p>\n","protected":false},"featured_media":19161,"comment_status":"open","ping_status":"closed","template":"","meta":{"_acf_changed":false},"product_cat":[256],"product_tag":[87,1108,82],"class_list":{"0":"post-19654","1":"product","2":"type-product","3":"status-publish","4":"has-post-thumbnail","6":"product_cat-maska","7":"product_tag-sensitive","8":"product_tag-ronas","9":"product_tag-me-rrudha","10":"pa_brands-bellmona","12":"first","13":"instock","14":"shipping-taxable","15":"purchasable","16":"product-type-simple","swatches":"rey-swatches","show_selected":""},"acf":[],"_links":{"self":[{"href":"https:\/\/shop.allure.al\/en\/wp-json\/wp\/v2\/product\/19654","targetHints":{"allow":["GET"]}}],"collection":[{"href":"https:\/\/shop.allure.al\/en\/wp-json\/wp\/v2\/product"}],"about":[{"href":"https:\/\/shop.allure.al\/en\/wp-json\/wp\/v2\/types\/product"}],"replies":[{"embeddable":true,"href":"https:\/\/shop.allure.al\/en\/wp-json\/wp\/v2\/comments?post=19654"}],"version-history":[{"count":1,"href":"https:\/\/shop.allure.al\/en\/wp-json\/wp\/v2\/product\/19654\/revisions"}],"predecessor-version":[{"id":19691,"href":"https:\/\/shop.allure.al\/en\/wp-json\/wp\/v2\/product\/19654\/revisions\/19691"}],"wp:featuredmedia":[{"embeddable":true,"href":"https:\/\/shop.allure.al\/en\/wp-json\/wp\/v2\/media\/19161"}],"wp:attachment":[{"href":"https:\/\/shop.allure.al\/en\/wp-json\/wp\/v2\/media?parent=19654"}],"wp:term":[{"taxonomy":"product_cat","embeddable":true,"href":"https:\/\/shop.allure.al\/en\/wp-json\/wp\/v2\/product_cat?post=19654"},{"taxonomy":"product_tag","embeddable":true,"href":"https:\/\/shop.allure.al\/en\/wp-json\/wp\/v2\/product_tag?post=19654"}],"curies":[{"name":"wp","href":"https:\/\/api.w.org\/{rel}","templated":true}]}}