{"id":19655,"date":"2026-02-17T17:49:01","date_gmt":"2026-02-17T16:49:01","guid":{"rendered":"https:\/\/shop.allure.al\/?post_type=product&#038;p=19655"},"modified":"2026-02-26T00:42:24","modified_gmt":"2026-02-25T23:42:24","slug":"stem-cell-coconut-re-balance-balm","status":"publish","type":"product","link":"https:\/\/shop.allure.al\/en\/product\/stem-cell-coconut-re-balance-balm\/","title":{"rendered":"Stem Cell Coconut Re-Balance Balm"},"content":{"rendered":"<p>Ronas Stem Cell Coconut Re-Balance Balm \u00ebsht\u00eb nj\u00eb krem premium i krijuar p\u00ebr t\u00eb ofruar hidrimin m\u00eb t\u00eb thell\u00eb dhe rigjenerimin intensiv p\u00ebr l\u00ebkur\u00eb t\u00eb ndjeshme, t\u00eb that\u00eb ose t\u00eb lodhur. Ky balzam unik p\u00ebrqendrohet n\u00eb rikthimin e ekuilibrit natyral t\u00eb l\u00ebkur\u00ebs, duke zvog\u00ebluar hipersensitivitetin, qet\u00ebsuar irritimet dhe zbutur rrudhat sip\u00ebrfaq\u00ebsore.<\/p>\n<p>Formulimi i tij luksoz kombinon qeliza staminale bimore dhe skualen\u00eb nga kokosi, duke krijuar nj\u00eb p\u00ebrzierje t\u00eb fuqishme q\u00eb ushqen, rigjeneron dhe mb\u00ebshtet barrier\u00ebn mbrojt\u00ebse t\u00eb l\u00ebkur\u00ebs. Skualena e kokosit dep\u00ebrton leht\u00eb n\u00eb epiderm\u00eb, duke siguruar hidrimin intensiv dhe nj\u00eb ndjesi t\u00eb but\u00eb, t\u00eb l\u00ebmuar dhe t\u00eb rigjall\u00ebruar. Qelizat staminale stimulojn\u00eb rigjenerimin qelizor, duke p\u00ebrmir\u00ebsuar elasticitetin dhe duke rikthyer shk\u00eblqimin natyral t\u00eb l\u00ebkur\u00ebs.<\/p>\n<p>Ky krem \u00ebsht\u00eb i p\u00ebrshtatsh\u00ebm p\u00ebr t\u00eb gjith\u00eb tipet e l\u00ebkur\u00ebs, madje edhe p\u00ebr ato m\u00eb t\u00eb ndjeshmet, dhe mund t\u00eb p\u00ebrdoret si trajtim i p\u00ebrditsh\u00ebm p\u00ebr fytyr\u00eb, qaf\u00eb dhe dekolte. Tekstura e pasur dhe e but\u00eb e b\u00ebn aplikimin t\u00eb k\u00ebndsh\u00ebm dhe menj\u00ebher\u00eb l\u00eb l\u00ebkur\u00ebn t\u00eb hidratuar, t\u00eb but\u00eb dhe t\u00eb ndri\u00e7uar.<\/p>\n","protected":false},"excerpt":{"rendered":"<p>Krem i plote q\u00eb kombinon qeliza staminale bimore dhe skualen\u00eb nga kokosi, duke siguruar hidratim t\u00eb thell\u00eb, rivitalizim dhe forcim t\u00eb barrier\u00ebs natyrale t\u00eb l\u00ebkur\u00ebs. Zvog\u00eblon rrudhat sip\u00ebrfaq\u00ebsore, qet\u00ebson irritimet dhe rikthen elasticitetin dhe shk\u00eblqimin natyral.<\/p>\n","protected":false},"featured_media":19080,"comment_status":"open","ping_status":"closed","template":"","meta":{"_acf_changed":false},"product_cat":[1418],"product_tag":[1108,82,87,1028],"class_list":{"0":"post-19655","1":"product","2":"type-product","3":"status-publish","4":"has-post-thumbnail","6":"product_cat-krem","7":"product_tag-ronas","8":"product_tag-me-rrudha","9":"product_tag-sensitive","10":"product_tag-cream","11":"pa_brands-ronas","13":"first","14":"instock","15":"shipping-taxable","16":"purchasable","17":"product-type-simple","swatches":"rey-swatches","show_selected":""},"acf":[],"_links":{"self":[{"href":"https:\/\/shop.allure.al\/en\/wp-json\/wp\/v2\/product\/19655","targetHints":{"allow":["GET"]}}],"collection":[{"href":"https:\/\/shop.allure.al\/en\/wp-json\/wp\/v2\/product"}],"about":[{"href":"https:\/\/shop.allure.al\/en\/wp-json\/wp\/v2\/types\/product"}],"replies":[{"embeddable":true,"href":"https:\/\/shop.allure.al\/en\/wp-json\/wp\/v2\/comments?post=19655"}],"version-history":[{"count":1,"href":"https:\/\/shop.allure.al\/en\/wp-json\/wp\/v2\/product\/19655\/revisions"}],"predecessor-version":[{"id":19692,"href":"https:\/\/shop.allure.al\/en\/wp-json\/wp\/v2\/product\/19655\/revisions\/19692"}],"wp:featuredmedia":[{"embeddable":true,"href":"https:\/\/shop.allure.al\/en\/wp-json\/wp\/v2\/media\/19080"}],"wp:attachment":[{"href":"https:\/\/shop.allure.al\/en\/wp-json\/wp\/v2\/media?parent=19655"}],"wp:term":[{"taxonomy":"product_cat","embeddable":true,"href":"https:\/\/shop.allure.al\/en\/wp-json\/wp\/v2\/product_cat?post=19655"},{"taxonomy":"product_tag","embeddable":true,"href":"https:\/\/shop.allure.al\/en\/wp-json\/wp\/v2\/product_tag?post=19655"}],"curies":[{"name":"wp","href":"https:\/\/api.w.org\/{rel}","templated":true}]}}