{"id":19656,"date":"2026-02-17T17:49:02","date_gmt":"2026-02-17T16:49:02","guid":{"rendered":"https:\/\/shop.allure.al\/?post_type=product&#038;p=19656"},"modified":"2026-02-26T00:42:44","modified_gmt":"2026-02-25T23:42:44","slug":"tox-volume-cream","status":"publish","type":"product","link":"https:\/\/shop.allure.al\/en\/product\/tox-volume-cream\/","title":{"rendered":"Tox Volume Cream"},"content":{"rendered":"<p>Ronas Tox Volume Cream \u00ebsht\u00eb nj\u00eb krem rigjenerues luksoz, i projektuar p\u00ebr l\u00ebkur\u00ebn q\u00eb \u00ebsht\u00eb humbur volum, elasticitet dhe freski. Tekstura e tij \u00ebsht\u00eb e pasur dhe e but\u00eb, por nuk \u00ebsht\u00eb e r\u00ebnd\u00eb \u2014 formul\u00eb q\u00eb p\u00ebrqafohet nga l\u00ebkura dhe dep\u00ebrton thell\u00eb p\u00ebr t\u00eb ushqyer dhe forcuar. N\u00eb qend\u00ebr t\u00eb kremit gjendet EPS SEAPILL, nj\u00eb polisakarid-protein\u00eb me fuqi t\u00eb jasht\u00ebzakonshme p\u00ebr t\u2019i dh\u00ebn\u00eb l\u00ebkur\u00ebs nj\u00eb volum t\u00eb rikthyer dhe p\u00ebr t\u00eb ruajtur hid\u00adratimin. Ky komponent punon n\u00eb harmoni me Phycojuvenine G, nj\u00eb p\u00ebrb\u00ebr\u00ebs nga algat q\u00eb stimulon rigjenerimin qelizor dhe rrit elasticitetin, nd\u00ebrsa ekstrakti i kallusit t\u00eb domates nxit rimodelimin dhe forcon barrier\u00ebn mbrojt\u00ebse t\u00eb l\u00ebkur\u00ebs. Adenozina punon n\u00eb brend\u00ebsi p\u00ebr t\u00eb zbutur rrudhat dhe p\u00ebr t\u00eb rigjeneruar sip\u00ebrfaqen e l\u00ebkur\u00ebs, duke i dh\u00ebn\u00eb asaj nj\u00eb pamje m\u00eb t\u00eb l\u00ebmuar dhe m\u00eb t\u00eb re.<\/p>\n<p>Formul\u00ebs i shtohen vajra ushqyes si she\u00eb-butter dhe squalane, q\u00eb japin rehati t\u00eb menj\u00ebhershme dhe nj\u00eb ndjesi luksi, nd\u00ebrsa ekstraktet bimore \u2013 Centella, li\u00e7urice, \u00e7aj jeshil, rozmarin\u00eb dhe kamomil \u2013 ofrojn\u00eb mbrojtje antioksiduese dhe qet\u00ebsim. Kjo krem \u00ebsht\u00eb like nj\u00eb ritual rikthyes: pas aplikimit, l\u00ebkura ndihet m\u00eb e fort\u00eb, m\u00eb voluminoze, m\u00eb elastike dhe e hidratuar n\u00eb thell\u00ebsi.<\/p>\n<p>Ideal p\u00ebr l\u00ebkur\u00eb q\u00eb ka p\u00ebsuar humbje volum p\u00ebr shkak t\u00eb plakjes, streset mjedisor\u00eb apo p\u00ebr l\u00ebkur\u00eb q\u00eb thjesht k\u00ebrkon rigjall\u00ebrim, Tox Volume Cream sjell nj\u00eb efekt lifting kund\u00ebr rrudhave dhe nj\u00eb shk\u00eblqim sh\u00ebndet\u00ebsor q\u00eb reflekton vitalitetin. Me p\u00ebrdorim t\u00eb rregullt (m\u00ebngjes dhe nat\u00eb), ai kontribuon n\u00eb rind\u00ebrtimin e struktures s\u00eb l\u00ebkur\u00ebs dhe nailon elasticitetin natyror, duke ofruar jo vet\u00ebm but\u00ebsi dhe rehati, por edhe sigurin\u00eb e nj\u00eb rigjenerimi t\u00eb q\u00ebndruesh\u00ebm dhe efektiv.<\/p>\n","protected":false},"excerpt":{"rendered":"<p>Ronas Tox Volume Cream \u00ebsht\u00eb nj\u00eb krem luksoz rikthyes q\u00eb i jep l\u00ebkur\u00ebs volum, elasticitet dhe hidratim t\u00eb thell\u00eb. Formuluar me polisakaride volumizuese, ekstrakte bimore rigjeneruese dhe p\u00ebrb\u00ebr\u00ebs anti-age, ky krem ndihmon n\u00eb zbutjen e rrudhave, forcimin e barrier\u00ebs dhe rivitalizimin e l\u00ebkur\u00ebs q\u00eb \u00ebsht\u00eb e that\u00eb, e lodhur ose ka humbur tonusin natyral. Tekstura e but\u00eb p\u00ebrthithet menj\u00ebher\u00eb, duke l\u00ebn\u00eb l\u00ebkur\u00ebn t\u00eb ndjehet m\u00eb e dendur, m\u00eb e tonifikuar dhe me nj\u00eb shk\u00eblqim t\u00eb sh\u00ebndetsh\u00ebm.<\/p>\n","protected":false},"featured_media":19085,"comment_status":"open","ping_status":"closed","template":"","meta":{"_acf_changed":false},"product_cat":[1418],"product_tag":[84,1028,1108],"class_list":{"0":"post-19656","1":"product","2":"type-product","3":"status-publish","4":"has-post-thumbnail","6":"product_cat-krem","7":"product_tag-normale","8":"product_tag-cream","9":"product_tag-ronas","10":"pa_brands-ronas","12":"first","13":"instock","14":"shipping-taxable","15":"purchasable","16":"product-type-simple","swatches":"rey-swatches","show_selected":""},"acf":[],"_links":{"self":[{"href":"https:\/\/shop.allure.al\/en\/wp-json\/wp\/v2\/product\/19656","targetHints":{"allow":["GET"]}}],"collection":[{"href":"https:\/\/shop.allure.al\/en\/wp-json\/wp\/v2\/product"}],"about":[{"href":"https:\/\/shop.allure.al\/en\/wp-json\/wp\/v2\/types\/product"}],"replies":[{"embeddable":true,"href":"https:\/\/shop.allure.al\/en\/wp-json\/wp\/v2\/comments?post=19656"}],"version-history":[{"count":1,"href":"https:\/\/shop.allure.al\/en\/wp-json\/wp\/v2\/product\/19656\/revisions"}],"predecessor-version":[{"id":19711,"href":"https:\/\/shop.allure.al\/en\/wp-json\/wp\/v2\/product\/19656\/revisions\/19711"}],"wp:featuredmedia":[{"embeddable":true,"href":"https:\/\/shop.allure.al\/en\/wp-json\/wp\/v2\/media\/19085"}],"wp:attachment":[{"href":"https:\/\/shop.allure.al\/en\/wp-json\/wp\/v2\/media?parent=19656"}],"wp:term":[{"taxonomy":"product_cat","embeddable":true,"href":"https:\/\/shop.allure.al\/en\/wp-json\/wp\/v2\/product_cat?post=19656"},{"taxonomy":"product_tag","embeddable":true,"href":"https:\/\/shop.allure.al\/en\/wp-json\/wp\/v2\/product_tag?post=19656"}],"curies":[{"name":"wp","href":"https:\/\/api.w.org\/{rel}","templated":true}]}}