{"id":19658,"date":"2026-02-17T17:49:02","date_gmt":"2026-02-17T16:49:02","guid":{"rendered":"https:\/\/shop.allure.al\/?post_type=product&#038;p=19658"},"modified":"2026-02-26T00:42:45","modified_gmt":"2026-02-25T23:42:45","slug":"stem-cell-hydro-cream","status":"publish","type":"product","link":"https:\/\/shop.allure.al\/en\/product\/stem-cell-hydro-cream\/","title":{"rendered":"Stem Cell Hydro Cream"},"content":{"rendered":"<p>Nj\u00eb krem hidratues i avancuar, i krijuar p\u00ebr t\u00eb siguruar nj\u00eb hidratim t\u00eb thell\u00eb dhe t\u00eb menj\u00ebhersh\u00ebm, fal\u00eb tekstur\u00ebs s\u00eb tij leht\u00eb likuide q\u00eb p\u00ebrthithet deri n\u00eb 100% nga l\u00ebkura. Ronas Stem Cell Hydro Cream punon p\u00ebr t\u00eb rikthyer nivelin optimal t\u00eb lag\u00ebshtis\u00eb, p\u00ebr t\u00eb forcuar barrier\u00ebn mbrojt\u00ebse t\u00eb l\u00ebkur\u00ebs dhe p\u00ebr t\u00eb rivendosur ndjesin\u00eb e but\u00ebsis\u00eb dhe elasticitetit.<\/p>\n<p>Ky krem \u00ebsht\u00eb i pasur me qeliza staminale bimore, t\u00eb kombinuara me acide hyaluronike dhe ekstrakte hidratues, t\u00eb cilat p\u00ebrmir\u00ebsojn\u00eb rigjenerimin qelizor dhe mbajn\u00eb l\u00ebkur\u00ebn t\u00eb fresk\u00ebt, t\u00eb ndri\u00e7uar dhe t\u00eb mbrojtur nga faktor\u00ebt e jasht\u00ebm. Tekstura e tij e leht\u00eb nuk e r\u00ebndon l\u00ebkur\u00ebn dhe mund t\u00eb p\u00ebrdoret n\u00eb \u00e7do rutin\u00eb ditore, duke ofruar hidratim intensiv, freski dhe nj\u00eb ndjesi komode.<\/p>\n<p>Kur p\u00ebrdoret rregullisht, l\u00ebkura duket e rikthyer, e l\u00ebmuar dhe me nj\u00eb ndri\u00e7im t\u00eb sh\u00ebndetsh\u00ebm, nd\u00ebrsa efekti i hidratimit t\u00eb thell\u00eb ndihmon n\u00eb parandalimin e tharjes dhe shenjave t\u00eb lodhjes.<\/p>\n","protected":false},"excerpt":{"rendered":"<p>Ronas Stem Cell Hydro Cream \u00ebsht\u00eb nj\u00eb krem hidratues intensiv me tekstur\u00eb t\u00eb leht\u00eb likuide, i krijuar p\u00ebr t\u00eb rigjeneruar dhe qet\u00ebsuar l\u00ebkur\u00ebn. Me qelizat staminale bimore, acid hialuronik dhe ekstrakte t\u00eb forta bimore, ai rikthen fleksibilitetin dhe hidratimin, forcon barrier\u00ebn e l\u00ebkur\u00ebs dhe l\u00eb nj\u00eb ndjesi t\u00eb but\u00eb e t\u00eb sh\u00ebndetshme.<\/p>\n","protected":false},"featured_media":19081,"comment_status":"open","ping_status":"closed","template":"","meta":{"_acf_changed":false},"product_cat":[1418],"product_tag":[1108,82,87,1028],"class_list":{"0":"post-19658","1":"product","2":"type-product","3":"status-publish","4":"has-post-thumbnail","6":"product_cat-krem","7":"product_tag-ronas","8":"product_tag-me-rrudha","9":"product_tag-sensitive","10":"product_tag-cream","11":"pa_brands-bellmona","13":"first","14":"instock","15":"shipping-taxable","16":"purchasable","17":"product-type-simple","swatches":"rey-swatches","show_selected":""},"acf":[],"_links":{"self":[{"href":"https:\/\/shop.allure.al\/en\/wp-json\/wp\/v2\/product\/19658","targetHints":{"allow":["GET"]}}],"collection":[{"href":"https:\/\/shop.allure.al\/en\/wp-json\/wp\/v2\/product"}],"about":[{"href":"https:\/\/shop.allure.al\/en\/wp-json\/wp\/v2\/types\/product"}],"replies":[{"embeddable":true,"href":"https:\/\/shop.allure.al\/en\/wp-json\/wp\/v2\/comments?post=19658"}],"version-history":[{"count":1,"href":"https:\/\/shop.allure.al\/en\/wp-json\/wp\/v2\/product\/19658\/revisions"}],"predecessor-version":[{"id":19694,"href":"https:\/\/shop.allure.al\/en\/wp-json\/wp\/v2\/product\/19658\/revisions\/19694"}],"wp:featuredmedia":[{"embeddable":true,"href":"https:\/\/shop.allure.al\/en\/wp-json\/wp\/v2\/media\/19081"}],"wp:attachment":[{"href":"https:\/\/shop.allure.al\/en\/wp-json\/wp\/v2\/media?parent=19658"}],"wp:term":[{"taxonomy":"product_cat","embeddable":true,"href":"https:\/\/shop.allure.al\/en\/wp-json\/wp\/v2\/product_cat?post=19658"},{"taxonomy":"product_tag","embeddable":true,"href":"https:\/\/shop.allure.al\/en\/wp-json\/wp\/v2\/product_tag?post=19658"}],"curies":[{"name":"wp","href":"https:\/\/api.w.org\/{rel}","templated":true}]}}