{"id":19659,"date":"2026-02-17T17:49:02","date_gmt":"2026-02-17T16:49:02","guid":{"rendered":"https:\/\/shop.allure.al\/?post_type=product&#038;p=19659"},"modified":"2026-02-26T00:42:21","modified_gmt":"2026-02-25T23:42:21","slug":"stem-cell-rich-cream","status":"publish","type":"product","link":"https:\/\/shop.allure.al\/en\/product\/stem-cell-rich-cream\/","title":{"rendered":"Stem Cell Rich Cream"},"content":{"rendered":"<p>N\u00eb zem\u00ebr t\u00eb kujdesit p\u00ebr nj\u00eb l\u00ebkur\u00eb t\u00eb sh\u00ebndetshme dhe t\u00eb rigjeneruar q\u00ebndron p\u00ebrvoja e formulimeve t\u00eb p\u00ebrparuara: kremi Stem\u202fCell\u202fRich\u202fCream nga Ronas \u00ebsht\u00eb krijuar p\u00ebr t\u2019ju ofruar nj\u00eb transformim t\u00eb thell\u00eb t\u00eb l\u00ebkur\u00ebs \u2014 jo vet\u00ebm hidratim sip\u00ebrfaq\u00ebsor, por nj\u00eb rigjenerim qelizor i cili ndihmon n\u00eb forcimin e barrier\u00ebs s\u00eb l\u00ebkur\u00ebs, rikthimin e elasticitetit dhe rikthimin e vitalitetit.<\/p>\n<p>Tekstura e pasur dhe ushqyese e k\u00ebtij kremi p\u00ebrthithet leht\u00ebsisht, duke l\u00ebn\u00eb pas nje ndjesi komode dhe t\u00eb but\u00eb \u2014 pa patur ndjenj\u00ebn e r\u00ebnd\u00ebsis\u00eb apo t\u00eb ngjitjes. Ajo vepron si \u201cushqim\u201d p\u00ebr l\u00ebkur\u00ebn: p\u00ebr l\u00ebkurat normale e t\u00eb thata, p\u00ebr l\u00ebkurat q\u00eb sapo kaluan trajtime estetike (peel, lazer, l\u00ebkur\u00eb e irrituar), p\u00ebr ata q\u00eb duan t\u00eb parandalojn\u00eb dhe minimizojn\u00eb shenjat e lodhjes, plakjes apo dehidratimit.<\/p>\n<p>Ky krem mbart teknologjin\u00eb e qelizave staminale t\u00eb bimoreve, t\u00eb kombinuara me p\u00ebrb\u00ebr\u00ebs t\u00eb fuqish\u00ebm hidratues dhe rigjenerues si acid\u202fhyaluronik, squalane dhe proteina bizelesh t\u00eb hidrolizuara. Kjo kombinim vepron n\u00eb tri aspekte ky\u00e7e: (1) rigjeneron dhe z\u00ebvend\u00ebson qelizat e l\u00ebkur\u00ebs q\u00eb humbin funksionin me mosh\u00ebn apo me agresionet e jashtme; (2) mbush dhe rivendos rezervat e lag\u00ebshtis\u00eb s\u00eb l\u00ebkur\u00ebs, duke e b\u00ebr\u00eb at\u00eb t\u00eb ndihet m\u00eb e l\u00ebmuar, m\u00eb elastike, m\u00eb e fort\u00eb; (3) mbron barrier\u00ebn e l\u00ebkur\u00ebs nga faktor\u00ebt d\u00ebmtores t\u00eb mjedisit \u2014 ndotja, rrezet UV, stresor\u00ebt oksidativ\u00eb \u2014 duke ndihmuar n\u00eb ruajtjen e integritetit t\u00eb saj dhe parandalimin e plakjes s\u00eb parakohshme.<\/p>\n<p>Kur e p\u00ebrdorni rregullisht, l\u00ebkura duket m\u00eb unifikuar n\u00eb ton, me pore m\u00eb t\u00eb pakta, m\u00eb e but\u00eb dhe me nj\u00eb ndjesi t\u00eb p\u00ebrditshme \u201cl\u00ebkur\u00eb e mir\u00eb\u201d. Ai nuk \u00ebsht\u00eb thjesht nj\u00eb krem hidratues m\u00eb shum\u00eb \u2014 \u00ebsht\u00eb nj\u00eb krem p\u00ebr rigjenerim dhe p\u00ebrkujdesje t\u00eb thell\u00eb, i p\u00ebrshtatur p\u00ebr p\u00ebrdoruesin q\u00eb k\u00ebrkon t\u00eb investoj\u00eb n\u00eb sh\u00ebndetin e l\u00ebkur\u00ebs s\u00eb vet dhe t\u00eb ruaj\u00eb pamjen e saj rinore.<\/p>\n","protected":false},"excerpt":{"rendered":"<p>Nj\u00eb krem i pasur rigjenerues i formuluar p\u00ebr l\u00ebkur\u00eb normale deri t\u00eb that\u00eb\u202f\u2014\u202fme aktivizues \u201cqelizash staminale\u201d bimore q\u00eb forcon barrier\u00ebn e l\u00ebkur\u00ebs, acidi\u202fhyaluronik dhe gjalpi Shea q\u00eb hidratojn\u00eb thell\u00ebsisht dhe japin but\u00ebsi.<\/p>\n","protected":false},"featured_media":19136,"comment_status":"open","ping_status":"closed","template":"","meta":{"_acf_changed":false},"product_cat":[1418],"product_tag":[1108,82,87,1028],"class_list":{"0":"post-19659","1":"product","2":"type-product","3":"status-publish","4":"has-post-thumbnail","6":"product_cat-krem","7":"product_tag-ronas","8":"product_tag-me-rrudha","9":"product_tag-sensitive","10":"product_tag-cream","11":"pa_brands-bellmona","13":"first","14":"instock","15":"shipping-taxable","16":"purchasable","17":"product-type-simple","swatches":"rey-swatches","show_selected":""},"acf":[],"_links":{"self":[{"href":"https:\/\/shop.allure.al\/en\/wp-json\/wp\/v2\/product\/19659","targetHints":{"allow":["GET"]}}],"collection":[{"href":"https:\/\/shop.allure.al\/en\/wp-json\/wp\/v2\/product"}],"about":[{"href":"https:\/\/shop.allure.al\/en\/wp-json\/wp\/v2\/types\/product"}],"replies":[{"embeddable":true,"href":"https:\/\/shop.allure.al\/en\/wp-json\/wp\/v2\/comments?post=19659"}],"version-history":[{"count":1,"href":"https:\/\/shop.allure.al\/en\/wp-json\/wp\/v2\/product\/19659\/revisions"}],"predecessor-version":[{"id":19695,"href":"https:\/\/shop.allure.al\/en\/wp-json\/wp\/v2\/product\/19659\/revisions\/19695"}],"wp:featuredmedia":[{"embeddable":true,"href":"https:\/\/shop.allure.al\/en\/wp-json\/wp\/v2\/media\/19136"}],"wp:attachment":[{"href":"https:\/\/shop.allure.al\/en\/wp-json\/wp\/v2\/media?parent=19659"}],"wp:term":[{"taxonomy":"product_cat","embeddable":true,"href":"https:\/\/shop.allure.al\/en\/wp-json\/wp\/v2\/product_cat?post=19659"},{"taxonomy":"product_tag","embeddable":true,"href":"https:\/\/shop.allure.al\/en\/wp-json\/wp\/v2\/product_tag?post=19659"}],"curies":[{"name":"wp","href":"https:\/\/api.w.org\/{rel}","templated":true}]}}