{"id":19660,"date":"2026-02-17T17:49:02","date_gmt":"2026-02-17T16:49:02","guid":{"rendered":"https:\/\/shop.allure.al\/?post_type=product&#038;p=19660"},"modified":"2026-02-26T00:43:15","modified_gmt":"2026-02-25T23:43:15","slug":"stem-cell-serum","status":"publish","type":"product","link":"https:\/\/shop.allure.al\/en\/product\/stem-cell-serum\/","title":{"rendered":"Stem Cell Serum"},"content":{"rendered":"<p>Ronas Stem Cell Serum \u00ebsht\u00eb nj\u00eb eliksir i avancuar rigjenerues, i formuluar p\u00ebr t\u00eb rikthyer ekuilibrin dhe shk\u00eblqimin natyral t\u00eb l\u00ebkur\u00ebs. Me nj\u00eb p\u00ebrqendrim t\u00eb lart\u00eb qelizash staminale bimore dhe acid hialuronik, ky serum punon n\u00eb sinkron me biologjin\u00eb natyrore t\u00eb l\u00ebkur\u00ebs, duke mb\u00ebshtetur procesin e saj t\u00eb vet\u00eb-rip\u00ebrt\u00ebritjes.<\/p>\n<p>Tekstura e leht\u00eb p\u00ebrthithet menj\u00ebher\u00eb, duke dh\u00ebn\u00eb ndjesin\u00eb e freskis\u00eb dhe but\u00ebsis\u00eb q\u00eb q\u00ebndron gjat\u00eb gjith\u00eb dit\u00ebs. Qelizat staminale ndihmojn\u00eb n\u00eb rigjenerimin e qelizave t\u00eb reja dhe p\u00ebrmir\u00ebsimin e elasticitetit, nd\u00ebrsa acidi hialuronik ofron hidratim t\u00eb thell\u00eb, duke zbutur linjat e holla dhe duke i dh\u00ebn\u00eb fytyr\u00ebs nj\u00eb pamje t\u00eb mbushur, t\u00eb ndri\u00e7uar dhe t\u00eb qet\u00eb.<br \/>\nP\u00ebrb\u00ebrja \u00ebsht\u00eb e past\u00ebr \u2014 pa parabene, pa silikon, pa aromatizues artificial\u00eb \u2014 dhe \u00ebsht\u00eb e p\u00ebrshtatshme p\u00ebr \u00e7do tip l\u00ebkure, madje edhe p\u00ebr ato m\u00eb t\u00eb ndjeshmet. E p\u00ebrkryer p\u00ebr ata q\u00eb k\u00ebrkojn\u00eb nj\u00eb kujdes efektiv, t\u00eb ndjesh\u00ebm dhe t\u00eb bazuar n\u00eb shkenc\u00eb.<\/p>\n","protected":false},"excerpt":{"rendered":"<p>Nj\u00eb serum i avancuar me qeliza staminale bimore dhe acid hialuronik q\u00eb ndihmon rigjenerimin qelizor, p\u00ebrmir\u00ebson elasticitetin dhe ofron hidratim t\u00eb thell\u00eb. Tekstura e tij e leht\u00eb p\u00ebrthithet menj\u00ebher\u00eb, duke l\u00ebn\u00eb l\u00ebkur\u00ebn t\u00eb but\u00eb, t\u00eb ndri\u00e7uar dhe t\u00eb fresk\u00ebt. Ideal p\u00ebr \u00e7do tip l\u00ebkure, ve\u00e7an\u00ebrisht p\u00ebr ato t\u00eb thata, t\u00eb ndjeshme ose t\u00eb lodhura.<\/p>\n","protected":false},"featured_media":19119,"comment_status":"open","ping_status":"closed","template":"","meta":{"_acf_changed":false},"product_cat":[254],"product_tag":[82,87,1108],"class_list":{"0":"post-19660","1":"product","2":"type-product","3":"status-publish","4":"has-post-thumbnail","6":"product_cat-serum","7":"product_tag-me-rrudha","8":"product_tag-sensitive","9":"product_tag-ronas","10":"pa_brands-bellmona","12":"first","13":"instock","14":"shipping-taxable","15":"purchasable","16":"product-type-simple","swatches":"rey-swatches","show_selected":""},"acf":[],"_links":{"self":[{"href":"https:\/\/shop.allure.al\/en\/wp-json\/wp\/v2\/product\/19660","targetHints":{"allow":["GET"]}}],"collection":[{"href":"https:\/\/shop.allure.al\/en\/wp-json\/wp\/v2\/product"}],"about":[{"href":"https:\/\/shop.allure.al\/en\/wp-json\/wp\/v2\/types\/product"}],"replies":[{"embeddable":true,"href":"https:\/\/shop.allure.al\/en\/wp-json\/wp\/v2\/comments?post=19660"}],"version-history":[{"count":1,"href":"https:\/\/shop.allure.al\/en\/wp-json\/wp\/v2\/product\/19660\/revisions"}],"predecessor-version":[{"id":19696,"href":"https:\/\/shop.allure.al\/en\/wp-json\/wp\/v2\/product\/19660\/revisions\/19696"}],"wp:featuredmedia":[{"embeddable":true,"href":"https:\/\/shop.allure.al\/en\/wp-json\/wp\/v2\/media\/19119"}],"wp:attachment":[{"href":"https:\/\/shop.allure.al\/en\/wp-json\/wp\/v2\/media?parent=19660"}],"wp:term":[{"taxonomy":"product_cat","embeddable":true,"href":"https:\/\/shop.allure.al\/en\/wp-json\/wp\/v2\/product_cat?post=19660"},{"taxonomy":"product_tag","embeddable":true,"href":"https:\/\/shop.allure.al\/en\/wp-json\/wp\/v2\/product_tag?post=19660"}],"curies":[{"name":"wp","href":"https:\/\/api.w.org\/{rel}","templated":true}]}}