{"id":19661,"date":"2026-02-17T17:49:02","date_gmt":"2026-02-17T16:49:02","guid":{"rendered":"https:\/\/shop.allure.al\/?post_type=product&#038;p=19661"},"modified":"2026-02-26T00:43:16","modified_gmt":"2026-02-25T23:43:16","slug":"stem-cell-solution","status":"publish","type":"product","link":"https:\/\/shop.allure.al\/en\/product\/stem-cell-solution\/","title":{"rendered":"Stem Cell Solution"},"content":{"rendered":"<p>Ronas Stem Cell Solution \u00ebsht\u00eb nj\u00eb set i ekskluziv ampulash, krijuar p\u00ebr t\u00eb ofruar nj\u00eb trajtim intensiv revitalizues p\u00ebr l\u00ebkur\u00ebn tuaj. \u00c7do set p\u00ebrmban 10 ampula, dhe mjafton vet\u00ebm nj\u00eb pik\u00eb nga nj\u00eb ampul\u00eb p\u00ebr t\u00eb stimuluar rigjenerimin e qelizave dhe p\u00ebr t\u00eb rivitalizuar fytyr\u00ebn, duke i dh\u00ebn\u00eb asaj nj\u00eb ndjesi t\u00eb menj\u00ebhershme freskie dhe vitaliteti.<\/p>\n<p>Kjo ampule e fuqish\u00ebm p\u00ebrmban nj\u00eb p\u00ebrqendrim t\u00eb lart\u00eb t\u00eb qelizave staminale bimore, t\u00eb kombinuara me p\u00ebrb\u00ebr\u00ebs hidratues dhe qet\u00ebsues, q\u00eb mb\u00ebshtesin elasticitetin, rivendosin shk\u00eblqimin dhe qet\u00ebsojn\u00eb l\u00ebkur\u00ebn e lodhur ose t\u00eb ndjeshme.<\/p>\n<p>Ronas Stem Cell Solution mund t\u00eb p\u00ebrdoret jo vet\u00ebm si serum i zakonsh\u00ebm, por edhe si mezoterapi me micro-needling, duke mund\u00ebsuar dep\u00ebrtimin e thell\u00eb t\u00eb p\u00ebrb\u00ebr\u00ebsve aktiv\u00eb n\u00eb epiderm\u00eb dhe derm\u00eb, p\u00ebr rezultate maksimale t\u00eb rigjenerimit dhe revitalizimit t\u00eb l\u00ebkur\u00ebs.<\/p>\n","protected":false},"excerpt":{"rendered":"<p>Seti i ampulave Ronas Stem Cell Solution ofron nj\u00eb trajtim t\u00eb fuqish\u00ebm rigjenerues p\u00ebr l\u00ebkur\u00eb t\u00eb lodhur, t\u00eb ndjeshme ose me tendenc\u00eb ndaj irritimeve. Mjafton vet\u00ebm nj\u00eb pik\u00eb nga nj\u00eb ampul\u00eb p\u00ebr t\u00eb stimuluar rigjenerimin qelizor, rikthyer elasticitetin dhe shk\u00eblqimin natyral t\u00eb l\u00ebkur\u00ebs. Mund t\u00eb p\u00ebrdoret edhe si mezoterapi me micro-needling p\u00ebr dep\u00ebrtim t\u00eb thell\u00eb t\u00eb p\u00ebrb\u00ebr\u00ebsve aktiv\u00eb dhe rezultate maksimale.<\/p>\n","protected":false},"featured_media":19163,"comment_status":"open","ping_status":"closed","template":"","meta":{"_acf_changed":false},"product_cat":[252],"product_tag":[87,1064,1108,82],"class_list":{"0":"post-19661","1":"product","2":"type-product","3":"status-publish","4":"has-post-thumbnail","6":"product_cat-toner","7":"product_tag-sensitive","8":"product_tag-ampule","9":"product_tag-ronas","10":"product_tag-me-rrudha","11":"pa_brands-bellmona","13":"first","14":"instock","15":"shipping-taxable","16":"purchasable","17":"product-type-simple","swatches":"rey-swatches","show_selected":""},"acf":[],"_links":{"self":[{"href":"https:\/\/shop.allure.al\/en\/wp-json\/wp\/v2\/product\/19661","targetHints":{"allow":["GET"]}}],"collection":[{"href":"https:\/\/shop.allure.al\/en\/wp-json\/wp\/v2\/product"}],"about":[{"href":"https:\/\/shop.allure.al\/en\/wp-json\/wp\/v2\/types\/product"}],"replies":[{"embeddable":true,"href":"https:\/\/shop.allure.al\/en\/wp-json\/wp\/v2\/comments?post=19661"}],"version-history":[{"count":1,"href":"https:\/\/shop.allure.al\/en\/wp-json\/wp\/v2\/product\/19661\/revisions"}],"predecessor-version":[{"id":19698,"href":"https:\/\/shop.allure.al\/en\/wp-json\/wp\/v2\/product\/19661\/revisions\/19698"}],"wp:featuredmedia":[{"embeddable":true,"href":"https:\/\/shop.allure.al\/en\/wp-json\/wp\/v2\/media\/19163"}],"wp:attachment":[{"href":"https:\/\/shop.allure.al\/en\/wp-json\/wp\/v2\/media?parent=19661"}],"wp:term":[{"taxonomy":"product_cat","embeddable":true,"href":"https:\/\/shop.allure.al\/en\/wp-json\/wp\/v2\/product_cat?post=19661"},{"taxonomy":"product_tag","embeddable":true,"href":"https:\/\/shop.allure.al\/en\/wp-json\/wp\/v2\/product_tag?post=19661"}],"curies":[{"name":"wp","href":"https:\/\/api.w.org\/{rel}","templated":true}]}}