{"id":19663,"date":"2026-02-17T17:49:03","date_gmt":"2026-02-17T16:49:03","guid":{"rendered":"https:\/\/shop.allure.al\/product\/phytogen-hydra-mist\/"},"modified":"2026-02-26T00:43:13","modified_gmt":"2026-02-25T23:43:13","slug":"phytogen-hydra-mist","status":"publish","type":"product","link":"https:\/\/shop.allure.al\/en\/product\/phytogen-hydra-mist\/","title":{"rendered":"Phytogen Hydra Mist"},"content":{"rendered":"<p>Bellmona Phytogen Hydra Mist \u00ebsht\u00eb nj\u00eb spraj hidratues me 24-or\u00eb kujdes intensiv. I formuluar me ekstrakte bimore aktive dhe allantoin, kjo spraj mbron barrier\u00ebn e l\u00ebkur\u00ebs, qet\u00ebson irritimet dhe furnizon lag\u00ebshti t\u00eb menj\u00ebhershme. Ideal gjat\u00eb dit\u00ebs ose pas trajtimeve estetike.<\/p>\n","protected":false},"excerpt":{"rendered":"<p>Spraj hidratues 24h me ekstrakte bimore natyrale.<\/p>\n","protected":false},"featured_media":19075,"comment_status":"open","ping_status":"closed","template":"","meta":{"_acf_changed":false},"product_cat":[252],"product_tag":[84,103,1026],"class_list":{"0":"post-19663","1":"product","2":"type-product","3":"status-publish","4":"has-post-thumbnail","6":"product_cat-toner","7":"product_tag-normale","8":"product_tag-mikse","9":"product_tag-bellmona","10":"pa_brands-merikit","12":"first","13":"instock","14":"shipping-taxable","15":"purchasable","16":"product-type-simple","swatches":"rey-swatches","show_selected":""},"acf":[],"_links":{"self":[{"href":"https:\/\/shop.allure.al\/en\/wp-json\/wp\/v2\/product\/19663","targetHints":{"allow":["GET"]}}],"collection":[{"href":"https:\/\/shop.allure.al\/en\/wp-json\/wp\/v2\/product"}],"about":[{"href":"https:\/\/shop.allure.al\/en\/wp-json\/wp\/v2\/types\/product"}],"replies":[{"embeddable":true,"href":"https:\/\/shop.allure.al\/en\/wp-json\/wp\/v2\/comments?post=19663"}],"version-history":[{"count":2,"href":"https:\/\/shop.allure.al\/en\/wp-json\/wp\/v2\/product\/19663\/revisions"}],"predecessor-version":[{"id":19881,"href":"https:\/\/shop.allure.al\/en\/wp-json\/wp\/v2\/product\/19663\/revisions\/19881"}],"wp:featuredmedia":[{"embeddable":true,"href":"https:\/\/shop.allure.al\/en\/wp-json\/wp\/v2\/media\/19075"}],"wp:attachment":[{"href":"https:\/\/shop.allure.al\/en\/wp-json\/wp\/v2\/media?parent=19663"}],"wp:term":[{"taxonomy":"product_cat","embeddable":true,"href":"https:\/\/shop.allure.al\/en\/wp-json\/wp\/v2\/product_cat?post=19663"},{"taxonomy":"product_tag","embeddable":true,"href":"https:\/\/shop.allure.al\/en\/wp-json\/wp\/v2\/product_tag?post=19663"}],"curies":[{"name":"wp","href":"https:\/\/api.w.org\/{rel}","templated":true}]}}