{"id":19664,"date":"2026-02-17T17:49:04","date_gmt":"2026-02-17T16:49:04","guid":{"rendered":"https:\/\/shop.allure.al\/product\/plus-vitamin-c-serum\/"},"modified":"2026-02-26T00:43:12","modified_gmt":"2026-02-25T23:43:12","slug":"plus-vitamin-c-serum","status":"publish","type":"product","link":"https:\/\/shop.allure.al\/en\/product\/plus-vitamin-c-serum\/","title":{"rendered":"Plus Vitamin C Serum"},"content":{"rendered":"<p>Plus Vitamin C Serum eshte nje serum i perqendruar me Vitaminen C, i formuluar per te luftuar njollat pigmentare, tonet e pabarabarta dhe humbjen e shk\u00eblqimit te lekures. Perqendrimi i larte i Vitamin\u00ebs C vepron si antioksidant i fuqish\u00ebm, duke mbrojtur lekuren nga stresin oksidativ dhe duke stimuluar sintez\u00ebn natyrale te kolajinit. Tekstura e tij e lehte dhe ujore perhaped lehtas mbi lekure, duke lene nje ndjesi freskuese dhe te ngopur menjehere. Perdorimi i rregullt redukton duksh\u00ebm njollat e errta dhe unifikion tonin e lekures, duke i dhene asaj nje pamje me te shendetshe dhe me te ndritshme. I pershtatsh\u00ebm per te gjitha llojet e lekures, rekomandohet si nje hap esencial i rutines se mengjesit.<\/p>\n","protected":false},"excerpt":{"rendered":"<p><span dir=\"ltr\" role=\"presentation\">Kjo linj\u00eb qet\u00ebsuese dhe rigjall\u00ebruese e kujdesit t\u00eb l\u00ebkur\u00ebs hidraton fytyr\u00ebn dhe jep <\/span><span dir=\"ltr\" role=\"presentation\">nj\u00eb p\u00ebrfundim freskues dhe qet\u00ebsues n\u00eb l\u00ebkur\u00ebn e ndjeshme. Tekstura jo ngjit\u00ebse <\/span><span dir=\"ltr\" role=\"presentation\">\u00ebsht\u00eb shum\u00eb e p\u00ebrshtatshme dhe p\u00ebr l\u00ebkur\u00ebn e yndyrshme me prodhim t\u00eb tep\u00ebrt <\/span><span dir=\"ltr\" role=\"presentation\">sebumi.<\/span><br role=\"presentation\" \/><span dir=\"ltr\" role=\"presentation\">Seria Ac Infusion nuk bllokon poret, heq n\u00eb m\u00ebnyr\u00eb efektive produktet e kozmetik\u00ebs <\/span><span dir=\"ltr\" role=\"presentation\">t\u00eb pap\u00ebrshkrueshme nga uji, si dhe qelizat e vdekura t\u00eb l\u00ebkur\u00ebs. Kjo linj\u00eb <\/span><span dir=\"ltr\" role=\"presentation\">p\u00ebrmir\u00ebson tonalitetin, rikthen gjall\u00ebrin\u00eb dhe lag\u00ebshtin\u00eb n\u00eb l\u00ebkur\u00eb. Linja \u00ebsht\u00eb e <\/span><span dir=\"ltr\" role=\"presentation\">mbushur me p\u00ebrb\u00ebr\u00ebs natyral\u00eb duke p\u00ebrfshir\u00eb lulen e kamomilit, brokolin dhe <\/span><span dir=\"ltr\" role=\"presentation\">ekstraktin e veshtullit.<\/span><\/p>\n","protected":false},"featured_media":18440,"comment_status":"open","ping_status":"closed","template":"","meta":{"_acf_changed":false},"product_cat":[254],"product_tag":[94,106,81],"class_list":{"0":"post-19664","1":"product","2":"type-product","3":"status-publish","4":"has-post-thumbnail","6":"product_cat-serum","7":"product_tag-e-yndyrshme","8":"product_tag-pa-shkelqim","9":"product_tag-hiperpigmentim","10":"pa_brands-merikit","12":"first","13":"instock","14":"shipping-taxable","15":"purchasable","16":"product-type-simple","swatches":"rey-swatches","show_selected":""},"acf":[],"_links":{"self":[{"href":"https:\/\/shop.allure.al\/en\/wp-json\/wp\/v2\/product\/19664","targetHints":{"allow":["GET"]}}],"collection":[{"href":"https:\/\/shop.allure.al\/en\/wp-json\/wp\/v2\/product"}],"about":[{"href":"https:\/\/shop.allure.al\/en\/wp-json\/wp\/v2\/types\/product"}],"replies":[{"embeddable":true,"href":"https:\/\/shop.allure.al\/en\/wp-json\/wp\/v2\/comments?post=19664"}],"version-history":[{"count":2,"href":"https:\/\/shop.allure.al\/en\/wp-json\/wp\/v2\/product\/19664\/revisions"}],"predecessor-version":[{"id":19777,"href":"https:\/\/shop.allure.al\/en\/wp-json\/wp\/v2\/product\/19664\/revisions\/19777"}],"wp:featuredmedia":[{"embeddable":true,"href":"https:\/\/shop.allure.al\/en\/wp-json\/wp\/v2\/media\/18440"}],"wp:attachment":[{"href":"https:\/\/shop.allure.al\/en\/wp-json\/wp\/v2\/media?parent=19664"}],"wp:term":[{"taxonomy":"product_cat","embeddable":true,"href":"https:\/\/shop.allure.al\/en\/wp-json\/wp\/v2\/product_cat?post=19664"},{"taxonomy":"product_tag","embeddable":true,"href":"https:\/\/shop.allure.al\/en\/wp-json\/wp\/v2\/product_tag?post=19664"}],"curies":[{"name":"wp","href":"https:\/\/api.w.org\/{rel}","templated":true}]}}