{"id":19665,"date":"2026-02-17T17:49:05","date_gmt":"2026-02-17T16:49:05","guid":{"rendered":"https:\/\/shop.allure.al\/product\/pure-aloe-vera-95\/"},"modified":"2026-02-26T00:42:42","modified_gmt":"2026-02-25T23:42:42","slug":"pure-aloe-vera-95","status":"publish","type":"product","link":"https:\/\/shop.allure.al\/en\/product\/pure-aloe-vera-95\/","title":{"rendered":"Pure Aloe Vera 95%"},"content":{"rendered":"<p>Xhel i past\u00ebr Aloe Vera 95% Merikit me ekstrakt t\u00eb past\u00ebr Aloe vera, i formuluar p\u00ebr qet\u00ebsim, hidratim dhe rigjenerim intensiv t\u00eb l\u00ebkur\u00ebs. Aloe vera natyrale qet\u00ebson djegiet nga dielli, irritimet, skuqjet dhe reaksionet ndaj procedurave estetike, duke furnizuar l\u00ebkur\u00ebn me lag\u00ebshti t\u00eb thell\u00eb dhe duke nxitur rigjenerimin natyral qelizor. Formula e past\u00ebr pa parfum, pa paraben\u00eb dhe pa ngjyra artificiale e b\u00ebn t\u00eb sigurt p\u00ebr l\u00ebkur\u00ebn e ndjeshme. I shum\u00ebansh\u00ebm: si mask\u00eb qet\u00ebsuese, si baz\u00eb para masazhit, ose si produkt kujdesi pas procedur\u00ebs estetike.<\/p>\n","protected":false},"excerpt":{"rendered":"<p>Xhel i past\u00ebr Aloe Vera 95% qet\u00ebsues, hidratues dhe rigjenerues. Ideal pas diellit, procedurave estetike ose si mask\u00eb qet\u00ebsuese natyrale.<\/p>\n","protected":false},"featured_media":19112,"comment_status":"open","ping_status":"closed","template":"","meta":{"_acf_changed":false},"product_cat":[1419],"product_tag":[84,1033],"class_list":{"0":"post-19665","1":"product","2":"type-product","3":"status-publish","4":"has-post-thumbnail","6":"product_cat-xhel","7":"product_tag-normale","8":"product_tag-merikit","9":"pa_brands-merikit","11":"first","12":"instock","13":"shipping-taxable","14":"purchasable","15":"product-type-simple","swatches":"rey-swatches","show_selected":""},"acf":[],"_links":{"self":[{"href":"https:\/\/shop.allure.al\/en\/wp-json\/wp\/v2\/product\/19665","targetHints":{"allow":["GET"]}}],"collection":[{"href":"https:\/\/shop.allure.al\/en\/wp-json\/wp\/v2\/product"}],"about":[{"href":"https:\/\/shop.allure.al\/en\/wp-json\/wp\/v2\/types\/product"}],"replies":[{"embeddable":true,"href":"https:\/\/shop.allure.al\/en\/wp-json\/wp\/v2\/comments?post=19665"}],"version-history":[{"count":2,"href":"https:\/\/shop.allure.al\/en\/wp-json\/wp\/v2\/product\/19665\/revisions"}],"predecessor-version":[{"id":19833,"href":"https:\/\/shop.allure.al\/en\/wp-json\/wp\/v2\/product\/19665\/revisions\/19833"}],"wp:featuredmedia":[{"embeddable":true,"href":"https:\/\/shop.allure.al\/en\/wp-json\/wp\/v2\/media\/19112"}],"wp:attachment":[{"href":"https:\/\/shop.allure.al\/en\/wp-json\/wp\/v2\/media?parent=19665"}],"wp:term":[{"taxonomy":"product_cat","embeddable":true,"href":"https:\/\/shop.allure.al\/en\/wp-json\/wp\/v2\/product_cat?post=19665"},{"taxonomy":"product_tag","embeddable":true,"href":"https:\/\/shop.allure.al\/en\/wp-json\/wp\/v2\/product_tag?post=19665"}],"curies":[{"name":"wp","href":"https:\/\/api.w.org\/{rel}","templated":true}]}}