{"id":19666,"date":"2026-02-17T17:49:06","date_gmt":"2026-02-17T16:49:06","guid":{"rendered":"https:\/\/shop.allure.al\/product\/pure-vita-c-balance-cream\/"},"modified":"2026-02-26T00:42:41","modified_gmt":"2026-02-25T23:42:41","slug":"pure-vita-c-balance-cream","status":"publish","type":"product","link":"https:\/\/shop.allure.al\/en\/product\/pure-vita-c-balance-cream\/","title":{"rendered":"Pure Vita C Balance Cream"},"content":{"rendered":"<p>Pure Vita C Balance Cream \u00ebsht\u00eb nj\u00eb krem luks i formuluar p\u00ebr t\u00eb rikthyer ekuilibrin dhe shk\u00eblqimin natyral t\u00eb l\u00ebkur\u00ebs s\u00eb lodhur dhe t\u00eb stresuar. E pasur me 15 % Vitamin\u00eb C , kjo formul\u00eb ndihmon n\u00eb zbutjen e njollave pigmentare, reduktimin e skuqjes dhe p\u00ebrmir\u00ebsimin e tonit t\u00eb l\u00ebkur\u00ebs. Tekstura e tij e but\u00eb dhe e pasur shkrin leht\u00ebsisht mbi fytyr\u00eb, duke ofruar hidratim t\u00eb menj\u00ebhersh\u00ebm dhe efekt antioksidant q\u00eb mbron l\u00ebkur\u00ebn nga faktor\u00ebt e jasht\u00ebm agresiv\u00eb.<br \/>\nKremi punon n\u00eb nivel qelizor, duke aktivizuar rigjenerimin natyral dhe stimulimin e kolagjenit, duke e l\u00ebn\u00eb l\u00ebkur\u00ebn m\u00eb t\u00eb fort\u00eb, elastike dhe t\u00eb ndritshme. Kompleksi i tij i p\u00ebrparuar mbron barrier\u00ebn e l\u00ebkur\u00ebs, rikthen lag\u00ebshtin\u00eb e humbur dhe qet\u00ebson irritimet e lehta. Shk\u00eblqimi i l\u00ebkur\u00ebs rifiton freskin\u00eb e saj natyrale, duke e b\u00ebr\u00eb k\u00ebt\u00eb krem ideal p\u00ebr p\u00ebrdorim t\u00eb p\u00ebrditsh\u00ebm si n\u00eb m\u00ebngjes ashtu edhe n\u00eb mbr\u00ebmje.<\/p>\n","protected":false},"excerpt":{"rendered":"<p>Pure Vita C Balance Cream \u00ebsht\u00eb nj\u00eb krem i but\u00eb dhe luks p\u00ebr fytyr\u00ebn, i pasur me 15% Vitamin\u00eb C t\u00eb stabilizuar, i cili ndihmon n\u00eb rikthimin e shk\u00eblqimit natyral, qet\u00ebsimin e skuqjes dhe p\u00ebrmir\u00ebsimin e tonit t\u00eb l\u00ebkur\u00ebs. Tekstura e tij e leht\u00eb absorbohet shpejt, duke l\u00ebn\u00eb l\u00ebkur\u00ebn t\u00eb hidratuar, elastike dhe t\u00eb fresk\u00ebt. Ideal p\u00ebr l\u00ebkurat e lodhura, t\u00eb dehidratuara dhe me njolla pigmentare.<\/p>\n","protected":false},"featured_media":19076,"comment_status":"open","ping_status":"closed","template":"","meta":{"_acf_changed":false},"product_cat":[1418],"product_tag":[84,103,1026,1028],"class_list":{"0":"post-19666","1":"product","2":"type-product","3":"status-publish","4":"has-post-thumbnail","6":"product_cat-krem","7":"product_tag-normale","8":"product_tag-mikse","9":"product_tag-bellmona","10":"product_tag-cream","11":"pa_brands-merikit","13":"first","14":"instock","15":"shipping-taxable","16":"purchasable","17":"product-type-simple","swatches":"rey-swatches","show_selected":""},"acf":[],"_links":{"self":[{"href":"https:\/\/shop.allure.al\/en\/wp-json\/wp\/v2\/product\/19666","targetHints":{"allow":["GET"]}}],"collection":[{"href":"https:\/\/shop.allure.al\/en\/wp-json\/wp\/v2\/product"}],"about":[{"href":"https:\/\/shop.allure.al\/en\/wp-json\/wp\/v2\/types\/product"}],"replies":[{"embeddable":true,"href":"https:\/\/shop.allure.al\/en\/wp-json\/wp\/v2\/comments?post=19666"}],"version-history":[{"count":0,"href":"https:\/\/shop.allure.al\/en\/wp-json\/wp\/v2\/product\/19666\/revisions"}],"wp:featuredmedia":[{"embeddable":true,"href":"https:\/\/shop.allure.al\/en\/wp-json\/wp\/v2\/media\/19076"}],"wp:attachment":[{"href":"https:\/\/shop.allure.al\/en\/wp-json\/wp\/v2\/media?parent=19666"}],"wp:term":[{"taxonomy":"product_cat","embeddable":true,"href":"https:\/\/shop.allure.al\/en\/wp-json\/wp\/v2\/product_cat?post=19666"},{"taxonomy":"product_tag","embeddable":true,"href":"https:\/\/shop.allure.al\/en\/wp-json\/wp\/v2\/product_tag?post=19666"}],"curies":[{"name":"wp","href":"https:\/\/api.w.org\/{rel}","templated":true}]}}