{"id":19667,"date":"2026-02-17T17:49:07","date_gmt":"2026-02-17T16:49:07","guid":{"rendered":"https:\/\/shop.allure.al\/product\/pure-vita-c-balance-serum\/"},"modified":"2026-02-26T00:43:35","modified_gmt":"2026-02-25T23:43:35","slug":"pure-vita-c-balance-serum","status":"publish","type":"product","link":"https:\/\/shop.allure.al\/en\/product\/pure-vita-c-balance-serum\/","title":{"rendered":"Pure Vita C Balance Serum"},"content":{"rendered":"<p>Bellmona Pure Vita C Balance Serum \u00ebsht\u00eb nj\u00eb serum i avancuar me Vitamin\u00eb C t\u00eb past\u00ebr dhe t\u00eb stabilizuar. Formula e tij unifikon tonin e l\u00ebkur\u00ebs, zbeh njollat pigmentare dhe ofron mbrojtje antioksidante t\u00eb fuqishme. Me tekstur\u00eb t\u00eb leht\u00eb dhe thithje t\u00eb shpejt\u00eb, ky serum revitalizon l\u00ebkur\u00ebn duke i dh\u00ebn\u00eb shk\u00eblqim dhe freshness natyrale.<\/p>\n","protected":false},"excerpt":{"rendered":"<p>Serum me Vitamin\u00eb C t\u00eb past\u00ebr p\u00ebr zbehje njollash dhe shk\u00eblqim natyral.<\/p>\n","protected":false},"featured_media":19077,"comment_status":"open","ping_status":"closed","template":"","meta":{"_acf_changed":false},"product_cat":[254],"product_tag":[84,103,1026],"class_list":{"0":"post-19667","1":"product","2":"type-product","3":"status-publish","4":"has-post-thumbnail","6":"product_cat-serum","7":"product_tag-normale","8":"product_tag-mikse","9":"product_tag-bellmona","10":"pa_brands-merikit","12":"first","13":"instock","14":"shipping-taxable","15":"purchasable","16":"product-type-simple","swatches":"rey-swatches","show_selected":""},"acf":[],"_links":{"self":[{"href":"https:\/\/shop.allure.al\/en\/wp-json\/wp\/v2\/product\/19667","targetHints":{"allow":["GET"]}}],"collection":[{"href":"https:\/\/shop.allure.al\/en\/wp-json\/wp\/v2\/product"}],"about":[{"href":"https:\/\/shop.allure.al\/en\/wp-json\/wp\/v2\/types\/product"}],"replies":[{"embeddable":true,"href":"https:\/\/shop.allure.al\/en\/wp-json\/wp\/v2\/comments?post=19667"}],"version-history":[{"count":2,"href":"https:\/\/shop.allure.al\/en\/wp-json\/wp\/v2\/product\/19667\/revisions"}],"predecessor-version":[{"id":19882,"href":"https:\/\/shop.allure.al\/en\/wp-json\/wp\/v2\/product\/19667\/revisions\/19882"}],"wp:featuredmedia":[{"embeddable":true,"href":"https:\/\/shop.allure.al\/en\/wp-json\/wp\/v2\/media\/19077"}],"wp:attachment":[{"href":"https:\/\/shop.allure.al\/en\/wp-json\/wp\/v2\/media?parent=19667"}],"wp:term":[{"taxonomy":"product_cat","embeddable":true,"href":"https:\/\/shop.allure.al\/en\/wp-json\/wp\/v2\/product_cat?post=19667"},{"taxonomy":"product_tag","embeddable":true,"href":"https:\/\/shop.allure.al\/en\/wp-json\/wp\/v2\/product_tag?post=19667"}],"curies":[{"name":"wp","href":"https:\/\/api.w.org\/{rel}","templated":true}]}}