{"id":19668,"date":"2026-02-17T17:49:08","date_gmt":"2026-02-17T16:49:08","guid":{"rendered":"https:\/\/shop.allure.al\/product\/regenerating-calming-cream\/"},"modified":"2026-02-26T00:42:40","modified_gmt":"2026-02-25T23:42:40","slug":"regenerating-calming-cream","status":"publish","type":"product","link":"https:\/\/shop.allure.al\/en\/product\/regenerating-calming-cream\/","title":{"rendered":"Regenerating Calming Cream"},"content":{"rendered":"<p>Krem qet\u00ebsues dhe rigjenerues Merikit, i ideuar p\u00ebr l\u00ebkur\u00ebn e ndjeshme, t\u00eb kuqe dhe t\u00eb ekspozuar ndaj stresit t\u00eb jasht\u00ebm. Formula e pasur me PHYTOAGE (kompleks 8 bim\u00ebsh mjek\u00ebsore), SKIN PLUS CALM dhe Centella Asiatica qet\u00ebson menj\u00ebher\u00eb skuqjet dhe irritimet, nd\u00ebrsa Nano Aqua Macadamia rikthen hidratimin e thell\u00eb dhe elasticitetin. Tekstura e leht\u00eb kremoze p\u00ebrthithet shpejt dhe l\u00eb l\u00ebkur\u00ebn t\u00eb but\u00eb, t\u00eb mbrojtur dhe t\u00eb rigjall\u00ebruar gjat\u00eb gjith\u00eb dit\u00ebs.<\/p>\n","protected":false},"excerpt":{"rendered":"<p>Krem qet\u00ebsues me PHYTOAGE dhe Centella Asiatica p\u00ebr l\u00ebkur\u00ebn e ndjeshme dhe t\u00eb that\u00eb. Qet\u00ebson shpejt skuqjet dhe ofron hidratim t\u00eb q\u00ebndruesh\u00ebm.<\/p>\n","protected":false},"featured_media":19113,"comment_status":"open","ping_status":"closed","template":"","meta":{"_acf_changed":false},"product_cat":[1418],"product_tag":[87,1033],"class_list":{"0":"post-19668","1":"product","2":"type-product","3":"status-publish","4":"has-post-thumbnail","6":"product_cat-krem","7":"product_tag-sensitive","8":"product_tag-merikit","9":"pa_brands-merikit","11":"first","12":"instock","13":"shipping-taxable","14":"purchasable","15":"product-type-simple","swatches":"rey-swatches","show_selected":""},"acf":[],"_links":{"self":[{"href":"https:\/\/shop.allure.al\/en\/wp-json\/wp\/v2\/product\/19668","targetHints":{"allow":["GET"]}}],"collection":[{"href":"https:\/\/shop.allure.al\/en\/wp-json\/wp\/v2\/product"}],"about":[{"href":"https:\/\/shop.allure.al\/en\/wp-json\/wp\/v2\/types\/product"}],"replies":[{"embeddable":true,"href":"https:\/\/shop.allure.al\/en\/wp-json\/wp\/v2\/comments?post=19668"}],"version-history":[{"count":1,"href":"https:\/\/shop.allure.al\/en\/wp-json\/wp\/v2\/product\/19668\/revisions"}],"predecessor-version":[{"id":19804,"href":"https:\/\/shop.allure.al\/en\/wp-json\/wp\/v2\/product\/19668\/revisions\/19804"}],"wp:featuredmedia":[{"embeddable":true,"href":"https:\/\/shop.allure.al\/en\/wp-json\/wp\/v2\/media\/19113"}],"wp:attachment":[{"href":"https:\/\/shop.allure.al\/en\/wp-json\/wp\/v2\/media?parent=19668"}],"wp:term":[{"taxonomy":"product_cat","embeddable":true,"href":"https:\/\/shop.allure.al\/en\/wp-json\/wp\/v2\/product_cat?post=19668"},{"taxonomy":"product_tag","embeddable":true,"href":"https:\/\/shop.allure.al\/en\/wp-json\/wp\/v2\/product_tag?post=19668"}],"curies":[{"name":"wp","href":"https:\/\/api.w.org\/{rel}","templated":true}]}}