{"id":19669,"date":"2026-02-17T17:49:09","date_gmt":"2026-02-17T16:49:09","guid":{"rendered":"https:\/\/shop.allure.al\/product\/regenerating-calming-mask\/"},"modified":"2026-02-26T00:43:34","modified_gmt":"2026-02-25T23:43:34","slug":"regenerating-calming-mask","status":"publish","type":"product","link":"https:\/\/shop.allure.al\/en\/product\/regenerating-calming-mask\/","title":{"rendered":"Regenerating Calming Mask"},"content":{"rendered":"<p>Mask\u00eb qet\u00ebsuese dhe rigjeneruese Merikit, e formuluar posa\u00e7\u00ebrisht p\u00ebr t\u00eb qet\u00ebsuar l\u00ebkur\u00ebn e irrituar dhe t\u00eb ndjeshme. Kompleksi PHYTOAGE me 8 bim\u00eb mjek\u00ebsore (Lonicera japonica, rr\u00ebnj\u00eb bujari, Sophora flavescens, \u00e7aj jeshil, ginkgo dhe lulebor\u00eb) dhe SKIN PLUS CALM me ekstrakte shege, fiku dhe deodeok qet\u00ebson shpejt skuqjet nga procedurat estetike, dielli dhe faktor\u00ebt e jasht\u00ebm. Centella Asiatica forcon barrier\u00ebn e l\u00ebkur\u00ebs dhe nxit riparimin natyral, nd\u00ebrsa Nano Aqua Macadamia siguron hidratim t\u00eb thell\u00eb dhe afatgjat\u00eb. L\u00ebkura mbetet e but\u00eb, e qet\u00eb dhe e rigjall\u00ebruar.<\/p>\n<p>Apliko me fur\u00e7\u00eb n\u00eb fytyr\u00eb duke shmangur syt\u00eb dhe goj\u00ebn. L\u00ebre 10\u201315 minuta, pastaj fshi me sfungjer.<\/p>\n","protected":false},"excerpt":{"rendered":"<p>Mask\u00eb qet\u00ebsuese profesionale me PHYTOAGE (8 bim\u00eb mjek\u00ebsore) dhe Centella Asiatica. Qet\u00ebson menj\u00ebher\u00eb skuqjet dhe irritimet, duke rigjall\u00ebruar l\u00ebkur\u00ebn e ndjeshme dhe t\u00eb that\u00eb.<\/p>\n","protected":false},"featured_media":19114,"comment_status":"open","ping_status":"closed","template":"","meta":{"_acf_changed":false},"product_cat":[256],"product_tag":[87,1033],"class_list":{"0":"post-19669","1":"product","2":"type-product","3":"status-publish","4":"has-post-thumbnail","6":"product_cat-maska","7":"product_tag-sensitive","8":"product_tag-merikit","9":"pa_brands-merikit","11":"first","12":"instock","13":"shipping-taxable","14":"purchasable","15":"product-type-simple","swatches":"rey-swatches","show_selected":""},"acf":[],"_links":{"self":[{"href":"https:\/\/shop.allure.al\/en\/wp-json\/wp\/v2\/product\/19669","targetHints":{"allow":["GET"]}}],"collection":[{"href":"https:\/\/shop.allure.al\/en\/wp-json\/wp\/v2\/product"}],"about":[{"href":"https:\/\/shop.allure.al\/en\/wp-json\/wp\/v2\/types\/product"}],"replies":[{"embeddable":true,"href":"https:\/\/shop.allure.al\/en\/wp-json\/wp\/v2\/comments?post=19669"}],"version-history":[{"count":1,"href":"https:\/\/shop.allure.al\/en\/wp-json\/wp\/v2\/product\/19669\/revisions"}],"predecessor-version":[{"id":19802,"href":"https:\/\/shop.allure.al\/en\/wp-json\/wp\/v2\/product\/19669\/revisions\/19802"}],"wp:featuredmedia":[{"embeddable":true,"href":"https:\/\/shop.allure.al\/en\/wp-json\/wp\/v2\/media\/19114"}],"wp:attachment":[{"href":"https:\/\/shop.allure.al\/en\/wp-json\/wp\/v2\/media?parent=19669"}],"wp:term":[{"taxonomy":"product_cat","embeddable":true,"href":"https:\/\/shop.allure.al\/en\/wp-json\/wp\/v2\/product_cat?post=19669"},{"taxonomy":"product_tag","embeddable":true,"href":"https:\/\/shop.allure.al\/en\/wp-json\/wp\/v2\/product_tag?post=19669"}],"curies":[{"name":"wp","href":"https:\/\/api.w.org\/{rel}","templated":true}]}}